{"id":82,"date":"2023-07-07T11:07:57","date_gmt":"2023-07-07T11:07:57","guid":{"rendered":"https:\/\/eventos.ugr.es\/aelco2024\/?page_id=82"},"modified":"2024-10-02T12:01:56","modified_gmt":"2024-10-02T10:01:56","slug":"programa","status":"publish","type":"page","link":"https:\/\/eventos.ugr.es\/aelco2024\/programa\/","title":{"rendered":"Programa"},"content":{"rendered":"\n<div class=\"wp-block-uagb-container uagb-block-e7b3dd0c alignfull uagb-is-root-container\">\n<h2 class=\"wp-block-heading has-text-align-center titulo-sitio has-white-color has-text-color\" style=\"font-style:normal;font-weight:100\">Programa<\/h2>\n<\/div>\n\n\n\n\n\n\n\n<div class=\"wp-block-uagb-buttons uagb-buttons__outer-wrap uagb-btn__default-btn uagb-btn-tablet__default-btn uagb-btn-mobile__default-btn uagb-block-2fb5340d\"><div class=\"uagb-buttons__wrap uagb-buttons-layout-wrap \">\n<div class=\"wp-block-uagb-buttons-child uagb-buttons__outer-wrap uagb-block-6c27e517 wp-block-button boton-programa\"><div class=\"uagb-button__wrapper\"><a class=\"uagb-buttons-repeater wp-block-button__link\" aria-label=\"\" href=\"https:\/\/eventos.ugr.es\/aelco2024\/wp-content\/uploads\/sites\/18\/2024\/06\/HORARIO-sin-comunicaciones-AELCO-v2.pdf\" rel=\"follow noopener\" target=\"_blank\" role=\"button\"><div class=\"uagb-button__link\">Programa general del congreso<\/div><span class=\"uagb-button__icon uagb-button__icon-position-after\"><svg xmlns=\"https:\/\/www.w3.org\/2000\/svg\" viewBox=\"0 0 384 512\" aria-hidden=\"true\" focussable=\"false\"><path d=\"M88 304H80V256H88C101.3 256 112 266.7 112 280C112 293.3 101.3 304 88 304zM192 256H200C208.8 256 216 263.2 216 272V336C216 344.8 208.8 352 200 352H192V256zM224 0V128C224 145.7 238.3 160 256 160H384V448C384 483.3 355.3 512 320 512H64C28.65 512 0 483.3 0 448V64C0 28.65 28.65 0 64 0H224zM64 224C55.16 224 48 231.2 48 240V368C48 376.8 55.16 384 64 384C72.84 384 80 376.8 80 368V336H88C118.9 336 144 310.9 144 280C144 249.1 118.9 224 88 224H64zM160 368C160 376.8 167.2 384 176 384H200C226.5 384 248 362.5 248 336V272C248 245.5 226.5 224 200 224H176C167.2 224 160 231.2 160 240V368zM288 224C279.2 224 272 231.2 272 240V368C272 376.8 279.2 384 288 384C296.8 384 304 376.8 304 368V320H336C344.8 320 352 312.8 352 304C352 295.2 344.8 288 336 288H304V256H336C344.8 256 352 248.8 352 240C352 231.2 344.8 224 336 224H288zM256 0L384 128H256V0z\"><\/path><\/svg><\/span><\/a><\/div><\/div>\n\n\n\n<div class=\"wp-block-uagb-buttons-child uagb-buttons__outer-wrap uagb-block-cd21f6b4 wp-block-button boton-programa\"><div class=\"uagb-button__wrapper\"><a class=\"uagb-buttons-repeater wp-block-button__link\" aria-label=\"\" href=\"https:\/\/eventos.ugr.es\/aelco2024\/wp-content\/uploads\/sites\/18\/2024\/10\/Cronograma-AELCO-2024_DEF-V6.pdf\" rel=\"follow noopener\" target=\"_blank\" role=\"button\"><div class=\"uagb-button__link\">Cronograma definitivo <\/div><span class=\"uagb-button__icon uagb-button__icon-position-after\"><svg xmlns=\"https:\/\/www.w3.org\/2000\/svg\" viewBox=\"0 0 384 512\" aria-hidden=\"true\" focussable=\"false\"><path d=\"M88 304H80V256H88C101.3 256 112 266.7 112 280C112 293.3 101.3 304 88 304zM192 256H200C208.8 256 216 263.2 216 272V336C216 344.8 208.8 352 200 352H192V256zM224 0V128C224 145.7 238.3 160 256 160H384V448C384 483.3 355.3 512 320 512H64C28.65 512 0 483.3 0 448V64C0 28.65 28.65 0 64 0H224zM64 224C55.16 224 48 231.2 48 240V368C48 376.8 55.16 384 64 384C72.84 384 80 376.8 80 368V336H88C118.9 336 144 310.9 144 280C144 249.1 118.9 224 88 224H64zM160 368C160 376.8 167.2 384 176 384H200C226.5 384 248 362.5 248 336V272C248 245.5 226.5 224 200 224H176C167.2 224 160 231.2 160 240V368zM288 224C279.2 224 272 231.2 272 240V368C272 376.8 279.2 384 288 384C296.8 384 304 376.8 304 368V320H336C344.8 320 352 312.8 352 304C352 295.2 344.8 288 336 288H304V256H336C344.8 256 352 248.8 352 240C352 231.2 344.8 224 336 224H288zM256 0L384 128H256V0z\"><\/path><\/svg><\/span><\/a><\/div><\/div>\n\n\n\n<div class=\"wp-block-uagb-buttons-child uagb-buttons__outer-wrap uagb-block-4a09e972 wp-block-button boton-programa\"><div class=\"uagb-button__wrapper\"><a class=\"uagb-buttons-repeater wp-block-button__link\" aria-label=\"\" href=\"https:\/\/eventos.ugr.es\/aelco2024\/wp-content\/uploads\/sites\/18\/2024\/10\/Libro-resumenes_Book-of-abstracts-v2.pdf\" rel=\"nofollow noopener\" target=\"_blank\" role=\"button\"><div class=\"uagb-button__link\">Libro de res\u00famenes<\/div><span class=\"uagb-button__icon uagb-button__icon-position-after\"><svg xmlns=\"https:\/\/www.w3.org\/2000\/svg\" viewBox=\"0 0 384 512\" aria-hidden=\"true\" focussable=\"false\"><path d=\"M88 304H80V256H88C101.3 256 112 266.7 112 280C112 293.3 101.3 304 88 304zM192 256H200C208.8 256 216 263.2 216 272V336C216 344.8 208.8 352 200 352H192V256zM224 0V128C224 145.7 238.3 160 256 160H384V448C384 483.3 355.3 512 320 512H64C28.65 512 0 483.3 0 448V64C0 28.65 28.65 0 64 0H224zM64 224C55.16 224 48 231.2 48 240V368C48 376.8 55.16 384 64 384C72.84 384 80 376.8 80 368V336H88C118.9 336 144 310.9 144 280C144 249.1 118.9 224 88 224H64zM160 368C160 376.8 167.2 384 176 384H200C226.5 384 248 362.5 248 336V272C248 245.5 226.5 224 200 224H176C167.2 224 160 231.2 160 240V368zM288 224C279.2 224 272 231.2 272 240V368C272 376.8 279.2 384 288 384C296.8 384 304 376.8 304 368V320H336C344.8 320 352 312.8 352 304C352 295.2 344.8 288 336 288H304V256H336C344.8 256 352 248.8 352 240C352 231.2 344.8 224 336 224H288zM256 0L384 128H256V0z\"><\/path><\/svg><\/span><\/a><\/div><\/div>\n<\/div><\/div>\n\n\n\n<h3 class=\"wp-block-heading\">Conferencias plenarias<\/h3>\n\n\n<style>.kb-row-layout-id82_75558a-9a > .kt-row-column-wrap{align-content:start;}:where(.kb-row-layout-id82_75558a-9a > .kt-row-column-wrap) > .wp-block-kadence-column{justify-content:start;}.kb-row-layout-id82_75558a-9a > .kt-row-column-wrap{column-gap:var(--global-kb-gap-md, 2rem);row-gap:var(--global-kb-gap-none, 0rem );padding-top:0px;padding-bottom:25px;grid-template-columns:repeat(2, minmax(0, 1fr));}.kb-row-layout-id82_75558a-9a > .kt-row-layout-overlay{opacity:0.30;}@media all and (max-width: 1024px){.kb-row-layout-id82_75558a-9a > .kt-row-column-wrap{grid-template-columns:repeat(2, minmax(0, 1fr));}}@media all and (max-width: 767px){.kb-row-layout-id82_75558a-9a > .kt-row-column-wrap{grid-template-columns:minmax(0, 1fr);}}<\/style><div class=\"kb-row-layout-wrap kb-row-layout-id82_75558a-9a alignnone wp-block-kadence-rowlayout\"><div class=\"kt-row-column-wrap kt-has-2-columns kt-row-layout-equal kt-tab-layout-inherit kt-mobile-layout-row kt-row-valign-top\">\n<style>.kadence-column82_2cda2d-6d > .kt-inside-inner-col,.kadence-column82_2cda2d-6d > .kt-inside-inner-col:before{border-top-left-radius:0px;border-top-right-radius:0px;border-bottom-right-radius:0px;border-bottom-left-radius:0px;}.kadence-column82_2cda2d-6d > .kt-inside-inner-col{column-gap:var(--global-kb-gap-sm, 1rem);}.kadence-column82_2cda2d-6d > .kt-inside-inner-col{flex-direction:column;}.kadence-column82_2cda2d-6d > .kt-inside-inner-col > .aligncenter{width:100%;}.kadence-column82_2cda2d-6d > .kt-inside-inner-col:before{opacity:0.3;}.kadence-column82_2cda2d-6d{position:relative;}@media all and (max-width: 1024px){.kadence-column82_2cda2d-6d > .kt-inside-inner-col{flex-direction:column;justify-content:center;}}@media all and (max-width: 767px){.kadence-column82_2cda2d-6d > .kt-inside-inner-col{padding-top:0px;padding-bottom:0px;flex-direction:column;justify-content:center;}.kadence-column82_2cda2d-6d, .kt-inside-inner-col > .kadence-column82_2cda2d-6d:not(.specificity){margin-top:0px;margin-bottom:0px;}}<\/style>\n<div class=\"wp-block-kadence-column kadence-column82_2cda2d-6d inner-column-1\"><div class=\"kt-inside-inner-col\">\n<ul class=\"lista-comites plenarias\">\n  <li>\n    <ul>\n      <li><span class=\"su-lightbox\" data-mfp-src=\"https:\/\/eventos.ugr.es\/aelco2024\/exploring-spanish-possessive-dative-constructions\" data-mfp-type=\"iframe\" data-mobile=\"yes\"><strong><em>\u00abExplorando las construcciones de dativo posesivo en espa\u00f1ol<\/em><\/strong><\/span><\/li>\n      <li><span class=\"su-lightbox\" data-mfp-src=\"https:\/\/eventos.ugr.es\/aelco2024\/curriculum-nicole-delbecque\" data-mfp-type=\"iframe\" data-mobile=\"yes\"><strong>Nicole Delbecque<\/strong><\/span><\/li>\n      <li>Universidad Cat\u00f3lica de Lovaina.<\/li>\n    <\/ul>\n  <\/li>\n<\/ul>\n<ul class=\"lista-comites plenarias\">\n  <li>\n    <ul>\n      <li><span class=\"su-lightbox\" data-mfp-src=\"https:\/\/eventos.ugr.es\/aelco2024\/emotion-and-metaphor\" data-mfp-type=\"iframe\" data-mobile=\"yes\"><strong><em>\u201cEmoci\u00f3n y met\u00e1fora\u201d<\/em><\/strong><\/span><\/li>\n      <li><span class=\"su-lightbox\" data-mfp-src=\"https:\/\/eventos.ugr.es\/aelco2024\/curriculum-cristina-soriano\" data-mfp-type=\"iframe\" data-mobile=\"yes\"><strong>Cristina Soriano Salinas<\/strong><\/span><\/li>\n      <li>Universidad de Ginebra. Swiss Center for Affective Sciences.<\/li>\n    <\/ul>\n  <\/li>\n<\/ul>\n<\/div><\/div>\n\n\n<style>.kadence-column82_88415f-4a > .kt-inside-inner-col,.kadence-column82_88415f-4a > .kt-inside-inner-col:before{border-top-left-radius:0px;border-top-right-radius:0px;border-bottom-right-radius:0px;border-bottom-left-radius:0px;}.kadence-column82_88415f-4a > .kt-inside-inner-col{column-gap:var(--global-kb-gap-sm, 1rem);}.kadence-column82_88415f-4a > .kt-inside-inner-col{flex-direction:column;}.kadence-column82_88415f-4a > .kt-inside-inner-col > .aligncenter{width:100%;}.kadence-column82_88415f-4a > .kt-inside-inner-col:before{opacity:0.3;}.kadence-column82_88415f-4a{position:relative;}@media all and (max-width: 1024px){.kadence-column82_88415f-4a > .kt-inside-inner-col{flex-direction:column;justify-content:center;}}@media all and (max-width: 767px){.kadence-column82_88415f-4a > .kt-inside-inner-col{padding-top:0px;padding-bottom:0px;flex-direction:column;justify-content:center;}.kadence-column82_88415f-4a, .kt-inside-inner-col > .kadence-column82_88415f-4a:not(.specificity){margin-top:0px;margin-bottom:0px;}}<\/style>\n<div class=\"wp-block-kadence-column kadence-column82_88415f-4a inner-column-2\"><div class=\"kt-inside-inner-col\">\n<ul class=\"lista-comites plenarias\">\n  <li>\n    <ul>\n      <li><span class=\"su-lightbox\" data-mfp-src=\"https:\/\/eventos.ugr.es\/aelco2024\/the-whys-and-wherefores-of-language\" data-mfp-type=\"iframe\" data-mobile=\"yes\"><strong><em>\u00abLos porqu\u00e9s del lenguaje\u00bb<\/em><\/strong><\/span><\/li>\n      <li><span class=\"su-lightbox\" data-mfp-src=\"https:\/\/eventos.ugr.es\/aelco2024\/curriculum-iraide-ibarretxe\" data-mfp-type=\"iframe\" data-mobile=\"yes\"><strong>Iraide Ibarretxe Antu\u00f1ano<\/strong><\/span><\/li>\n      <li>Universidad de Zaragoza.<\/li>\n    <\/ul>\n  <\/li>\n<\/ul>\n<ul class=\"lista-comites plenarias\">\n  <li>\n    <ul>\n      <li><span class=\"su-lightbox\" data-mfp-src=\"https:\/\/eventos.ugr.es\/aelco2024\/multimodalidad-en-las-metaforas-de-espacio-y-tiempo\" data-mfp-type=\"iframe\" data-mobile=\"yes\"><strong><em>\u00abMultimodalidad en las met\u00e1foras de espacio y tiempo\u00bb<\/em><\/strong><\/span><\/li>\n      <li><span class=\"su-lightbox\" data-mfp-src=\"https:\/\/eventos.ugr.es\/aelco2024\/curriculum-javier-valenzuela\" data-mfp-type=\"iframe\" data-mobile=\"yes\"><strong>Javier Valenzuela Manzanares<\/strong><\/span><\/li>\n      <li>Universidad de Murcia.<\/li>\n    <\/ul>\n  <\/li>\n<\/ul>\n<\/div><\/div>\n\n<\/div><\/div>\n\n\n<h3 class=\"wp-block-heading\">Mesa redonda \u00abLing\u00fc\u00edstica cognitiva y ense\u00f1anza\/aprendizaje de lenguas\u00bb<\/h3>\n\n\n<style>.kb-row-layout-id82_d6a0ee-a3 > .kt-row-column-wrap{align-content:start;}:where(.kb-row-layout-id82_d6a0ee-a3 > .kt-row-column-wrap) > .wp-block-kadence-column{justify-content:start;}.kb-row-layout-id82_d6a0ee-a3 > .kt-row-column-wrap{column-gap:var(--global-kb-gap-md, 2rem);row-gap:var(--global-kb-gap-none, 0rem );padding-top:0px;padding-bottom:25px;grid-template-columns:repeat(2, minmax(0, 1fr));}.kb-row-layout-id82_d6a0ee-a3 > .kt-row-layout-overlay{opacity:0.30;}@media all and (max-width: 1024px){.kb-row-layout-id82_d6a0ee-a3 > .kt-row-column-wrap{grid-template-columns:repeat(2, minmax(0, 1fr));}}@media all and (max-width: 767px){.kb-row-layout-id82_d6a0ee-a3 > .kt-row-column-wrap{grid-template-columns:minmax(0, 1fr);}}<\/style><div class=\"kb-row-layout-wrap kb-row-layout-id82_d6a0ee-a3 alignnone wp-block-kadence-rowlayout\"><div class=\"kt-row-column-wrap kt-has-2-columns kt-row-layout-equal kt-tab-layout-inherit kt-mobile-layout-row kt-row-valign-top\">\n<style>.kadence-column82_073e9f-d7 > .kt-inside-inner-col,.kadence-column82_073e9f-d7 > .kt-inside-inner-col:before{border-top-left-radius:0px;border-top-right-radius:0px;border-bottom-right-radius:0px;border-bottom-left-radius:0px;}.kadence-column82_073e9f-d7 > .kt-inside-inner-col{column-gap:var(--global-kb-gap-sm, 1rem);}.kadence-column82_073e9f-d7 > .kt-inside-inner-col{flex-direction:column;}.kadence-column82_073e9f-d7 > .kt-inside-inner-col > .aligncenter{width:100%;}.kadence-column82_073e9f-d7 > .kt-inside-inner-col:before{opacity:0.3;}.kadence-column82_073e9f-d7{position:relative;}@media all and (max-width: 1024px){.kadence-column82_073e9f-d7 > .kt-inside-inner-col{flex-direction:column;justify-content:center;}}@media all and (max-width: 767px){.kadence-column82_073e9f-d7 > .kt-inside-inner-col{padding-top:0px;padding-bottom:0px;flex-direction:column;justify-content:center;}.kadence-column82_073e9f-d7, .kt-inside-inner-col > .kadence-column82_073e9f-d7:not(.specificity){margin-top:0px;margin-bottom:0px;}}<\/style>\n<div class=\"wp-block-kadence-column kadence-column82_073e9f-d7 inner-column-1\"><div class=\"kt-inside-inner-col\">\n<ul class=\"lista-comites plenarias\">\n  <li>\n    <ul>\n      <li><span class=\"su-lightbox\" data-mfp-src=\"https:\/\/eventos.ugr.es\/aelco2024\/curriculum-ana-piquer-piriz\" data-mfp-type=\"iframe\" data-mobile=\"yes\"><strong>Ana M.\u00aa Piquer P\u00edriz<\/strong><\/span><\/li>\n      <li>Universidad de Extremadura.<\/li>\n    <\/ul>\n  <\/li>\n<\/ul>\n<ul class=\"lista-comites plenarias\">\n  <li>\n    <ul>\n      <li><span class=\"su-lightbox\" data-mfp-src=\"https:\/\/eventos.ugr.es\/aelco2024\/breve-curriculum-de-alberto-hijazo-gascon\/\" data-mfp-type=\"iframe\" data-mobile=\"yes\"><strong>Alberto Hijazo Gasc\u00f3n<\/strong><\/span><\/li>\n      <li>Universidad de Zaragoza.<\/li>\n    <\/ul>\n  <\/li>\n<\/ul>\n<\/div><\/div>\n\n\n<style>.kadence-column82_b70357-63 > .kt-inside-inner-col,.kadence-column82_b70357-63 > .kt-inside-inner-col:before{border-top-left-radius:0px;border-top-right-radius:0px;border-bottom-right-radius:0px;border-bottom-left-radius:0px;}.kadence-column82_b70357-63 > .kt-inside-inner-col{column-gap:var(--global-kb-gap-sm, 1rem);}.kadence-column82_b70357-63 > .kt-inside-inner-col{flex-direction:column;}.kadence-column82_b70357-63 > .kt-inside-inner-col > .aligncenter{width:100%;}.kadence-column82_b70357-63 > .kt-inside-inner-col:before{opacity:0.3;}.kadence-column82_b70357-63{position:relative;}@media all and (max-width: 1024px){.kadence-column82_b70357-63 > .kt-inside-inner-col{flex-direction:column;justify-content:center;}}@media all and (max-width: 767px){.kadence-column82_b70357-63 > .kt-inside-inner-col{padding-top:0px;padding-bottom:0px;flex-direction:column;justify-content:center;}.kadence-column82_b70357-63, .kt-inside-inner-col > .kadence-column82_b70357-63:not(.specificity){margin-top:0px;margin-bottom:0px;}}<\/style>\n<div class=\"wp-block-kadence-column kadence-column82_b70357-63 inner-column-2\"><div class=\"kt-inside-inner-col\">\n<ul class=\"lista-comites plenarias\">\n  <li>\n    <ul>\n      <li><span class=\"su-lightbox\" data-mfp-src=\"https:\/\/eventos.ugr.es\/aelco2024\/curriculum-llorenc-comajoan-colome\" data-mfp-type=\"iframe\" data-mobile=\"yes\"><strong>Lloren\u00e7 Comajoan Colom\u00e9<\/strong><\/span><\/li>\n      <li>Universidad de Vic.<\/li>\n    <\/ul>\n  <\/li>\n<\/ul>\n<\/div><\/div>\n\n<\/div><\/div>\n\n\n\n","protected":false},"excerpt":{"rendered":"<p>Programa Conferencias plenarias Universidad Cat\u00f3lica de Lovaina. Universidad de Ginebra. Swiss Center for Affective Sciences. Universidad de Zaragoza. Universidad de Murcia. Mesa redonda \u00abLing\u00fc\u00edstica cognitiva y ense\u00f1anza\/aprendizaje de lenguas\u00bb Universidad de Extremadura. Universidad de Zaragoza. Universidad de Vic.<\/p>\n","protected":false},"author":18,"featured_media":0,"parent":0,"menu_order":0,"comment_status":"closed","ping_status":"closed","template":"","meta":{"_uag_custom_page_level_css":"","_kad_post_transparent":"","_kad_post_title":"","_kad_post_layout":"","_kad_post_sidebar_id":"","_kad_post_content_style":"","_kad_post_vertical_padding":"","_kad_post_feature":"","_kad_post_feature_position":"","_kad_post_header":false,"_kad_post_footer":false,"footnotes":""},"folder":[],"class_list":["post-82","page","type-page","status-publish","hentry"],"yoast_head":"<!-- This site is optimized with the Yoast SEO plugin v25.5 - https:\/\/yoast.com\/wordpress\/plugins\/seo\/ -->\n<title>Programa - XIII Congreso Internacional AELCO 2024<\/title>\n<meta name=\"robots\" content=\"index, follow, max-snippet:-1, max-image-preview:large, max-video-preview:-1\" \/>\n<link rel=\"canonical\" href=\"https:\/\/eventos.ugr.es\/aelco2024\/programa\/\" \/>\n<meta property=\"og:locale\" content=\"es_ES\" \/>\n<meta property=\"og:type\" content=\"article\" \/>\n<meta property=\"og:title\" content=\"Programa - XIII Congreso Internacional AELCO 2024\" \/>\n<meta property=\"og:description\" content=\"Programa Conferencias plenarias Universidad Cat\u00f3lica de Lovaina. Universidad de Ginebra. Swiss Center for Affective Sciences. Universidad de Zaragoza. Universidad de Murcia. Mesa redonda \u00abLing\u00fc\u00edstica cognitiva y ense\u00f1anza\/aprendizaje de lenguas\u00bb Universidad de Extremadura. Universidad de Zaragoza. Universidad de Vic.\" \/>\n<meta property=\"og:url\" content=\"https:\/\/eventos.ugr.es\/aelco2024\/programa\/\" \/>\n<meta property=\"og:site_name\" content=\"XIII Congreso Internacional AELCO 2024\" \/>\n<meta property=\"article:modified_time\" content=\"2024-10-02T10:01:56+00:00\" \/>\n<meta name=\"twitter:card\" content=\"summary_large_image\" \/>\n<meta name=\"twitter:label1\" content=\"Tiempo de lectura\" \/>\n\t<meta name=\"twitter:data1\" content=\"2 minutos\" \/>\n<script type=\"application\/ld+json\" class=\"yoast-schema-graph\">{\"@context\":\"https:\/\/schema.org\",\"@graph\":[{\"@type\":\"WebPage\",\"@id\":\"https:\/\/eventos.ugr.es\/aelco2024\/programa\/\",\"url\":\"https:\/\/eventos.ugr.es\/aelco2024\/programa\/\",\"name\":\"Programa - XIII Congreso Internacional AELCO 2024\",\"isPartOf\":{\"@id\":\"https:\/\/eventos.ugr.es\/aelco2024\/#website\"},\"datePublished\":\"2023-07-07T11:07:57+00:00\",\"dateModified\":\"2024-10-02T10:01:56+00:00\",\"breadcrumb\":{\"@id\":\"https:\/\/eventos.ugr.es\/aelco2024\/programa\/#breadcrumb\"},\"inLanguage\":\"es\",\"potentialAction\":[{\"@type\":\"ReadAction\",\"target\":[\"https:\/\/eventos.ugr.es\/aelco2024\/programa\/\"]}]},{\"@type\":\"BreadcrumbList\",\"@id\":\"https:\/\/eventos.ugr.es\/aelco2024\/programa\/#breadcrumb\",\"itemListElement\":[{\"@type\":\"ListItem\",\"position\":1,\"name\":\"Portada\",\"item\":\"https:\/\/eventos.ugr.es\/aelco2024\/\"},{\"@type\":\"ListItem\",\"position\":2,\"name\":\"Programa\"}]},{\"@type\":\"WebSite\",\"@id\":\"https:\/\/eventos.ugr.es\/aelco2024\/#website\",\"url\":\"https:\/\/eventos.ugr.es\/aelco2024\/\",\"name\":\"XIII Congreso Internacional AELCO 2024\",\"description\":\"Granada, 25, 26 y 27 de septiembre de 2024\",\"publisher\":{\"@id\":\"https:\/\/eventos.ugr.es\/aelco2024\/#organization\"},\"potentialAction\":[{\"@type\":\"SearchAction\",\"target\":{\"@type\":\"EntryPoint\",\"urlTemplate\":\"https:\/\/eventos.ugr.es\/aelco2024\/?s={search_term_string}\"},\"query-input\":{\"@type\":\"PropertyValueSpecification\",\"valueRequired\":true,\"valueName\":\"search_term_string\"}}],\"inLanguage\":\"es\"},{\"@type\":\"Organization\",\"@id\":\"https:\/\/eventos.ugr.es\/aelco2024\/#organization\",\"name\":\"XIII Congreso Internacional AELCO 2024\",\"url\":\"https:\/\/eventos.ugr.es\/aelco2024\/\",\"logo\":{\"@type\":\"ImageObject\",\"inLanguage\":\"es\",\"@id\":\"https:\/\/eventos.ugr.es\/aelco2024\/#\/schema\/logo\/image\/\",\"url\":\"https:\/\/eventos.ugr.es\/aelco2024\/wp-content\/uploads\/sites\/18\/2023\/07\/logo-ugr-cabecera.png\",\"contentUrl\":\"https:\/\/eventos.ugr.es\/aelco2024\/wp-content\/uploads\/sites\/18\/2023\/07\/logo-ugr-cabecera.png\",\"width\":255,\"height\":72,\"caption\":\"XIII Congreso Internacional AELCO 2024\"},\"image\":{\"@id\":\"https:\/\/eventos.ugr.es\/aelco2024\/#\/schema\/logo\/image\/\"}}]}<\/script>\n<!-- \/ Yoast SEO plugin. -->","yoast_head_json":{"title":"Programa - XIII Congreso Internacional AELCO 2024","robots":{"index":"index","follow":"follow","max-snippet":"max-snippet:-1","max-image-preview":"max-image-preview:large","max-video-preview":"max-video-preview:-1"},"canonical":"https:\/\/eventos.ugr.es\/aelco2024\/programa\/","og_locale":"es_ES","og_type":"article","og_title":"Programa - XIII Congreso Internacional AELCO 2024","og_description":"Programa Conferencias plenarias Universidad Cat\u00f3lica de Lovaina. Universidad de Ginebra. Swiss Center for Affective Sciences. Universidad de Zaragoza. Universidad de Murcia. Mesa redonda \u00abLing\u00fc\u00edstica cognitiva y ense\u00f1anza\/aprendizaje de lenguas\u00bb Universidad de Extremadura. Universidad de Zaragoza. Universidad de Vic.","og_url":"https:\/\/eventos.ugr.es\/aelco2024\/programa\/","og_site_name":"XIII Congreso Internacional AELCO 2024","article_modified_time":"2024-10-02T10:01:56+00:00","twitter_card":"summary_large_image","twitter_misc":{"Tiempo de lectura":"2 minutos"},"schema":{"@context":"https:\/\/schema.org","@graph":[{"@type":"WebPage","@id":"https:\/\/eventos.ugr.es\/aelco2024\/programa\/","url":"https:\/\/eventos.ugr.es\/aelco2024\/programa\/","name":"Programa - XIII Congreso Internacional AELCO 2024","isPartOf":{"@id":"https:\/\/eventos.ugr.es\/aelco2024\/#website"},"datePublished":"2023-07-07T11:07:57+00:00","dateModified":"2024-10-02T10:01:56+00:00","breadcrumb":{"@id":"https:\/\/eventos.ugr.es\/aelco2024\/programa\/#breadcrumb"},"inLanguage":"es","potentialAction":[{"@type":"ReadAction","target":["https:\/\/eventos.ugr.es\/aelco2024\/programa\/"]}]},{"@type":"BreadcrumbList","@id":"https:\/\/eventos.ugr.es\/aelco2024\/programa\/#breadcrumb","itemListElement":[{"@type":"ListItem","position":1,"name":"Portada","item":"https:\/\/eventos.ugr.es\/aelco2024\/"},{"@type":"ListItem","position":2,"name":"Programa"}]},{"@type":"WebSite","@id":"https:\/\/eventos.ugr.es\/aelco2024\/#website","url":"https:\/\/eventos.ugr.es\/aelco2024\/","name":"XIII Congreso Internacional AELCO 2024","description":"Granada, 25, 26 y 27 de septiembre de 2024","publisher":{"@id":"https:\/\/eventos.ugr.es\/aelco2024\/#organization"},"potentialAction":[{"@type":"SearchAction","target":{"@type":"EntryPoint","urlTemplate":"https:\/\/eventos.ugr.es\/aelco2024\/?s={search_term_string}"},"query-input":{"@type":"PropertyValueSpecification","valueRequired":true,"valueName":"search_term_string"}}],"inLanguage":"es"},{"@type":"Organization","@id":"https:\/\/eventos.ugr.es\/aelco2024\/#organization","name":"XIII Congreso Internacional AELCO 2024","url":"https:\/\/eventos.ugr.es\/aelco2024\/","logo":{"@type":"ImageObject","inLanguage":"es","@id":"https:\/\/eventos.ugr.es\/aelco2024\/#\/schema\/logo\/image\/","url":"https:\/\/eventos.ugr.es\/aelco2024\/wp-content\/uploads\/sites\/18\/2023\/07\/logo-ugr-cabecera.png","contentUrl":"https:\/\/eventos.ugr.es\/aelco2024\/wp-content\/uploads\/sites\/18\/2023\/07\/logo-ugr-cabecera.png","width":255,"height":72,"caption":"XIII Congreso Internacional AELCO 2024"},"image":{"@id":"https:\/\/eventos.ugr.es\/aelco2024\/#\/schema\/logo\/image\/"}}]}},"uagb_featured_image_src":{"full":false,"thumbnail":false,"medium":false,"medium_large":false,"large":false,"1536x1536":false,"2048x2048":false},"uagb_author_info":{"display_name":"antoniorodriguez","author_link":"https:\/\/eventos.ugr.es\/aelco2024\/author\/antoniorodriguez\/"},"uagb_comment_info":0,"uagb_excerpt":"Programa Conferencias plenarias Universidad Cat\u00f3lica de Lovaina. Universidad de Ginebra. Swiss Center for Affective Sciences. Universidad de Zaragoza. Universidad de Murcia. Mesa redonda \u00abLing\u00fc\u00edstica cognitiva y ense\u00f1anza\/aprendizaje de lenguas\u00bb Universidad de Extremadura. Universidad de Zaragoza. Universidad de Vic.","_links":{"self":[{"href":"https:\/\/eventos.ugr.es\/aelco2024\/wp-json\/wp\/v2\/pages\/82","targetHints":{"allow":["GET"]}}],"collection":[{"href":"https:\/\/eventos.ugr.es\/aelco2024\/wp-json\/wp\/v2\/pages"}],"about":[{"href":"https:\/\/eventos.ugr.es\/aelco2024\/wp-json\/wp\/v2\/types\/page"}],"author":[{"embeddable":true,"href":"https:\/\/eventos.ugr.es\/aelco2024\/wp-json\/wp\/v2\/users\/18"}],"replies":[{"embeddable":true,"href":"https:\/\/eventos.ugr.es\/aelco2024\/wp-json\/wp\/v2\/comments?post=82"}],"version-history":[{"count":71,"href":"https:\/\/eventos.ugr.es\/aelco2024\/wp-json\/wp\/v2\/pages\/82\/revisions"}],"predecessor-version":[{"id":2011,"href":"https:\/\/eventos.ugr.es\/aelco2024\/wp-json\/wp\/v2\/pages\/82\/revisions\/2011"}],"wp:attachment":[{"href":"https:\/\/eventos.ugr.es\/aelco2024\/wp-json\/wp\/v2\/media?parent=82"}],"wp:term":[{"taxonomy":"folder","embeddable":true,"href":"https:\/\/eventos.ugr.es\/aelco2024\/wp-json\/wp\/v2\/folder?post=82"}],"curies":[{"name":"wp","href":"https:\/\/api.w.org\/{rel}","templated":true}]}}