{"id":2455,"date":"2022-12-09T13:38:26","date_gmt":"2022-12-09T13:38:26","guid":{"rendered":"https:\/\/eventos.ugr.es\/edificate-2023-new\/?page_id=2455"},"modified":"2023-03-01T12:57:21","modified_gmt":"2023-03-01T12:57:21","slug":"contacto","status":"publish","type":"page","link":"https:\/\/eventos.ugr.es\/edificate-2023\/contacto\/","title":{"rendered":"Contacto"},"content":{"rendered":"<style>#kt-layout-id_051c1c-3f > .kt-row-column-wrap{align-content:end;}:where(#kt-layout-id_051c1c-3f > .kt-row-column-wrap) > .wp-block-kadence-column{justify-content:end;}#kt-layout-id_051c1c-3f > .kt-row-column-wrap{column-gap:var(--global-kb-gap-md, 2rem);row-gap:var(--global-kb-gap-md, 2rem);padding-top:var( --global-kb-row-default-top, 25px );padding-bottom:var( --global-kb-row-default-bottom, 25px );padding-top:var(--global-kb-spacing-sm, 1.5rem);padding-bottom:var(--global-kb-spacing-sm, 1.5rem);min-height:400px;grid-template-columns:minmax(0, 1fr);}#kt-layout-id_051c1c-3f{background-image:url('https:\/\/eventos.ugr.es\/edificate-2023\/wp-content\/uploads\/sites\/14\/2022\/12\/contacto.jpg');background-size:cover;background-position:40% 16%;background-attachment:scroll;background-repeat:no-repeat;}#kt-layout-id_051c1c-3f > .kt-row-layout-overlay{opacity:0.24;background-color:#000000;}@media all and (max-width: 1024px){#kt-layout-id_051c1c-3f > .kt-row-column-wrap{grid-template-columns:minmax(0, 1fr);}}@media all and (max-width: 767px){#kt-layout-id_051c1c-3f > .kt-row-column-wrap{max-width:100%;margin-left:auto;margin-right:auto;grid-template-columns:minmax(0, 1fr);}#kt-layout-id_051c1c-3f > .kt-row-layout-overlay{opacity:0.30;}}<\/style>\n<div class=\"wp-block-kadence-rowlayout alignfull\"><div id=\"kt-layout-id_051c1c-3f\" class=\"kt-row-layout-inner kt-row-has-bg kt-layout-id_051c1c-3f has-white-background-color\"><div class=\"kt-row-layout-overlay kt-row-overlay-normal\"><\/div><div class=\"kt-row-column-wrap kt-has-1-columns kt-gutter-default kt-v-gutter-default kt-row-valign-bottom kt-row-layout-equal kt-tab-layout-inherit kt-m-colapse-left-to-right kt-mobile-layout-row\"><style>.kadence-column_fc33f1-53 > .kt-inside-inner-col{border-top-width:0px;border-right-width:0px;border-bottom-width:0px;border-left-width:0px;}.kadence-column_fc33f1-53 > .kt-inside-inner-col,.kadence-column_fc33f1-53 > .kt-inside-inner-col:before{border-top-left-radius:0px;border-top-right-radius:0px;border-bottom-right-radius:0px;border-bottom-left-radius:0px;}.kadence-column_fc33f1-53 > .kt-inside-inner-col{column-gap:var(--global-kb-gap-sm, 1rem);}.kadence-column_fc33f1-53 > .kt-inside-inner-col{flex-direction:column;}.kadence-column_fc33f1-53 > .kt-inside-inner-col > .aligncenter{width:100%;}.kadence-column_fc33f1-53 > .kt-inside-inner-col:before{opacity:0.3;}.kadence-column_fc33f1-53{position:relative;}@media all and (max-width: 1024px){.kadence-column_fc33f1-53 > .kt-inside-inner-col{flex-direction:column;justify-content:center;}}@media all and (max-width: 767px){.kadence-column_fc33f1-53 > .kt-inside-inner-col{flex-direction:column;justify-content:center;}}<\/style>\n<div class=\"wp-block-kadence-column inner-column-1 kadence-column_fc33f1-53\"><div class=\"kt-inside-inner-col\">\n<h2 class=\"has-text-align-center titulo-sitio has-white-color has-text-color wp-block-heading\" style=\"font-style:normal;font-weight:100\">Contacto<\/h2>\n<\/div><\/div>\n<\/div><\/div><\/div>\n\n\n\n<div style=\"height:100px\" aria-hidden=\"true\" class=\"wp-block-spacer\"><\/div>\n\n\n<style>.wp-block-kadence-column.kb-section-dir-horizontal > .kt-inside-inner-col > #kt-info-box_8675ca-dd .kt-blocks-info-box-link-wrap{max-width:unset;}#kt-info-box_8675ca-dd .kt-blocks-info-box-link-wrap{border-top-width:0px;border-right-width:0px;border-bottom-width:1px;border-left-width:0px;background:#eeeeee;padding-top:var(--global-kb-spacing-xs, 1rem);padding-right:var(--global-kb-spacing-xs, 1rem);padding-bottom:var(--global-kb-spacing-xs, 1rem);padding-left:var(--global-kb-spacing-xs, 1rem);}#kt-info-box_8675ca-dd .kt-blocks-info-box-link-wrap:hover{background:#eeeeee;}#kt-info-box_8675ca-dd .kadence-info-box-icon-container .kt-info-svg-icon, #kt-info-box_8675ca-dd .kt-info-svg-icon-flip, #kt-info-box_8675ca-dd .kt-blocks-info-box-number{font-size:50px;}#kt-info-box_8675ca-dd .kt-blocks-info-box-media{color:#444444;border-top-width:0px;border-right-width:0px;border-bottom-width:0px;border-left-width:0px;padding-top:10px;padding-right:10px;padding-bottom:10px;padding-left:10px;}#kt-info-box_8675ca-dd .kt-blocks-info-box-media-container{margin-top:0px;margin-right:15px;margin-bottom:0px;margin-left:15px;}#kt-info-box_8675ca-dd .kt-blocks-info-box-link-wrap:hover .kt-blocks-info-box-media{color:#444444;}#kt-info-box_8675ca-dd .kt-blocks-info-box-link-wrap .kt-blocks-info-box-media{border-width:0px;box-shadow:inset 0 0 0 0px #444444;}#kt-info-box_8675ca-dd .kt-blocks-info-box-link-wrap .kt-blocks-info-box-media:before{border-width:0px;}#kt-info-box_8675ca-dd .kt-blocks-info-box-link-wrap:hover .kt-blocks-info-box-media:after{border-right-color:#444444;border-right-width:0px;border-top-width:0px;border-bottom-width:0px;}#kt-info-box_8675ca-dd .kt-blocks-info-box-link-wrap:hover .kt-blocks-info-box-media:before{border-top-color:#444444;border-right-color:#444444;border-bottom-color:#444444;}#kt-info-box_8675ca-dd .kt-infobox-textcontent h3.kt-blocks-info-box-title{line-height:30px;padding-top:0px;padding-right:0px;padding-bottom:0px;padding-left:0px;margin-top:5px;margin-right:0px;margin-bottom:10px;margin-left:0px;}#kt-info-box_8675ca-dd .kt-infobox-textcontent .kt-blocks-info-box-text{color:#404040;}.wp-block-kadence-infobox#kt-info-box_8675ca-dd .kt-blocks-info-box-text{font-size:22px;letter-spacing:1.7px;}#kt-info-box_8675ca-dd .kt-blocks-info-box-learnmore{background:transparent;border-width:0px 0px 0px 0px;padding-top:4px;padding-right:8px;padding-bottom:4px;padding-left:8px;margin-top:10px;margin-right:0px;margin-bottom:10px;margin-left:0px;}<\/style>\n<div id=\"kt-info-box_8675ca-dd\" class=\"wp-block-kadence-infobox\"><div class=\"kt-blocks-info-box-link-wrap kt-blocks-info-box-media-align-top kt-info-halign-center\"><div class=\"kt-blocks-info-box-media-container\"><div class=\"kt-blocks-info-box-media kt-info-media-animate-drawborder\"><div class=\"kadence-info-box-icon-container kt-info-icon-animate-drawborder\"><div class=\"kadence-info-box-icon-inner-container\"><span style=\"justify-content:center;align-items:center\" class=\"kt-info-svg-icon kt-info-svg-icon-fe_mail\"><\/span><\/div><\/div><\/div><\/div><div class=\"kt-infobox-textcontent\"><h3 class=\"kt-blocks-info-box-title\">Para cualquier informaci\u00f3n o duda sobre EDIFICATE 2023 le rogamos que contacten a trav\u00e9s de la siguiente direcci\u00f3n de correo electr\u00f3nico<\/h3><p class=\"kt-blocks-info-box-text\"><strong><a href=\"mailto:edificate2023@ugr.es\" target=\"_blank\" rel=\"noreferrer noopener\">edificate2023@ugr.es<\/a><\/strong><\/p><\/div><\/div><\/div>\n","protected":false},"excerpt":{"rendered":"<p>Contacto<\/p>\n","protected":false},"author":1,"featured_media":0,"parent":0,"menu_order":0,"comment_status":"closed","ping_status":"closed","template":"","meta":{"_uag_custom_page_level_css":"","_kad_post_transparent":"","_kad_post_title":"","_kad_post_layout":"","_kad_post_sidebar_id":"","_kad_post_content_style":"","_kad_post_vertical_padding":"","_kad_post_feature":"","_kad_post_feature_position":"","_kad_post_header":false,"_kad_post_footer":false,"footnotes":""},"folder":[4],"class_list":["post-2455","page","type-page","status-publish","hentry"],"yoast_head":"<!-- This site is optimized with the Yoast SEO plugin v25.5 - https:\/\/yoast.com\/wordpress\/plugins\/seo\/ -->\n<title>Contacto - EDIFICATE 2023<\/title>\n<meta name=\"robots\" content=\"noindex, follow\" \/>\n<meta property=\"og:locale\" content=\"es_ES\" \/>\n<meta property=\"og:type\" content=\"article\" \/>\n<meta property=\"og:title\" content=\"Contacto - EDIFICATE 2023\" \/>\n<meta property=\"og:description\" content=\"Contacto\" \/>\n<meta property=\"og:url\" content=\"https:\/\/eventos.ugr.es\/edificate-2023\/contacto\/\" \/>\n<meta property=\"og:site_name\" content=\"EDIFICATE 2023\" \/>\n<meta property=\"article:modified_time\" content=\"2023-03-01T12:57:21+00:00\" \/>\n<meta name=\"twitter:card\" content=\"summary_large_image\" \/>\n<meta name=\"twitter:label1\" content=\"Tiempo de lectura\" \/>\n\t<meta name=\"twitter:data1\" content=\"1 minuto\" \/>\n<script type=\"application\/ld+json\" class=\"yoast-schema-graph\">{\"@context\":\"https:\/\/schema.org\",\"@graph\":[{\"@type\":\"WebPage\",\"@id\":\"https:\/\/eventos.ugr.es\/edificate-2023\/contacto\/\",\"url\":\"https:\/\/eventos.ugr.es\/edificate-2023\/contacto\/\",\"name\":\"Contacto - EDIFICATE 2023\",\"isPartOf\":{\"@id\":\"https:\/\/eventos.ugr.es\/edificate-2023\/#website\"},\"datePublished\":\"2022-12-09T13:38:26+00:00\",\"dateModified\":\"2023-03-01T12:57:21+00:00\",\"breadcrumb\":{\"@id\":\"https:\/\/eventos.ugr.es\/edificate-2023\/contacto\/#breadcrumb\"},\"inLanguage\":\"es\",\"potentialAction\":[{\"@type\":\"ReadAction\",\"target\":[\"https:\/\/eventos.ugr.es\/edificate-2023\/contacto\/\"]}]},{\"@type\":\"BreadcrumbList\",\"@id\":\"https:\/\/eventos.ugr.es\/edificate-2023\/contacto\/#breadcrumb\",\"itemListElement\":[{\"@type\":\"ListItem\",\"position\":1,\"name\":\"Portada\",\"item\":\"https:\/\/eventos.ugr.es\/edificate-2023\/\"},{\"@type\":\"ListItem\",\"position\":2,\"name\":\"Contacto\"}]},{\"@type\":\"WebSite\",\"@id\":\"https:\/\/eventos.ugr.es\/edificate-2023\/#website\",\"url\":\"https:\/\/eventos.ugr.es\/edificate-2023\/\",\"name\":\"EDIFICATE 2023\",\"description\":\"II CONGRESO NACIONAL Y I INTERNACIONAL DE ESCUELAS DE INGENIER\u00cdA DE EDIFICACI\u00d3N Y ARQUITECTURA T\u00c9CNICA\",\"publisher\":{\"@id\":\"https:\/\/eventos.ugr.es\/edificate-2023\/#organization\"},\"potentialAction\":[{\"@type\":\"SearchAction\",\"target\":{\"@type\":\"EntryPoint\",\"urlTemplate\":\"https:\/\/eventos.ugr.es\/edificate-2023\/?s={search_term_string}\"},\"query-input\":{\"@type\":\"PropertyValueSpecification\",\"valueRequired\":true,\"valueName\":\"search_term_string\"}}],\"inLanguage\":\"es\"},{\"@type\":\"Organization\",\"@id\":\"https:\/\/eventos.ugr.es\/edificate-2023\/#organization\",\"name\":\"EDIFICATE 2023\",\"url\":\"https:\/\/eventos.ugr.es\/edificate-2023\/\",\"logo\":{\"@type\":\"ImageObject\",\"inLanguage\":\"es\",\"@id\":\"https:\/\/eventos.ugr.es\/edificate-2023\/#\/schema\/logo\/image\/\",\"url\":\"https:\/\/eventos.ugr.es\/edificate-2023\/wp-content\/uploads\/sites\/14\/2023\/02\/cabecera-emails.png\",\"contentUrl\":\"https:\/\/eventos.ugr.es\/edificate-2023\/wp-content\/uploads\/sites\/14\/2023\/02\/cabecera-emails.png\",\"width\":1202,\"height\":195,\"caption\":\"EDIFICATE 2023\"},\"image\":{\"@id\":\"https:\/\/eventos.ugr.es\/edificate-2023\/#\/schema\/logo\/image\/\"}}]}<\/script>\n<!-- \/ Yoast SEO plugin. -->","yoast_head_json":{"title":"Contacto - EDIFICATE 2023","robots":{"index":"noindex","follow":"follow"},"og_locale":"es_ES","og_type":"article","og_title":"Contacto - EDIFICATE 2023","og_description":"Contacto","og_url":"https:\/\/eventos.ugr.es\/edificate-2023\/contacto\/","og_site_name":"EDIFICATE 2023","article_modified_time":"2023-03-01T12:57:21+00:00","twitter_card":"summary_large_image","twitter_misc":{"Tiempo de lectura":"1 minuto"},"schema":{"@context":"https:\/\/schema.org","@graph":[{"@type":"WebPage","@id":"https:\/\/eventos.ugr.es\/edificate-2023\/contacto\/","url":"https:\/\/eventos.ugr.es\/edificate-2023\/contacto\/","name":"Contacto - EDIFICATE 2023","isPartOf":{"@id":"https:\/\/eventos.ugr.es\/edificate-2023\/#website"},"datePublished":"2022-12-09T13:38:26+00:00","dateModified":"2023-03-01T12:57:21+00:00","breadcrumb":{"@id":"https:\/\/eventos.ugr.es\/edificate-2023\/contacto\/#breadcrumb"},"inLanguage":"es","potentialAction":[{"@type":"ReadAction","target":["https:\/\/eventos.ugr.es\/edificate-2023\/contacto\/"]}]},{"@type":"BreadcrumbList","@id":"https:\/\/eventos.ugr.es\/edificate-2023\/contacto\/#breadcrumb","itemListElement":[{"@type":"ListItem","position":1,"name":"Portada","item":"https:\/\/eventos.ugr.es\/edificate-2023\/"},{"@type":"ListItem","position":2,"name":"Contacto"}]},{"@type":"WebSite","@id":"https:\/\/eventos.ugr.es\/edificate-2023\/#website","url":"https:\/\/eventos.ugr.es\/edificate-2023\/","name":"EDIFICATE 2023","description":"II CONGRESO NACIONAL Y I INTERNACIONAL DE ESCUELAS DE INGENIER\u00cdA DE EDIFICACI\u00d3N Y ARQUITECTURA T\u00c9CNICA","publisher":{"@id":"https:\/\/eventos.ugr.es\/edificate-2023\/#organization"},"potentialAction":[{"@type":"SearchAction","target":{"@type":"EntryPoint","urlTemplate":"https:\/\/eventos.ugr.es\/edificate-2023\/?s={search_term_string}"},"query-input":{"@type":"PropertyValueSpecification","valueRequired":true,"valueName":"search_term_string"}}],"inLanguage":"es"},{"@type":"Organization","@id":"https:\/\/eventos.ugr.es\/edificate-2023\/#organization","name":"EDIFICATE 2023","url":"https:\/\/eventos.ugr.es\/edificate-2023\/","logo":{"@type":"ImageObject","inLanguage":"es","@id":"https:\/\/eventos.ugr.es\/edificate-2023\/#\/schema\/logo\/image\/","url":"https:\/\/eventos.ugr.es\/edificate-2023\/wp-content\/uploads\/sites\/14\/2023\/02\/cabecera-emails.png","contentUrl":"https:\/\/eventos.ugr.es\/edificate-2023\/wp-content\/uploads\/sites\/14\/2023\/02\/cabecera-emails.png","width":1202,"height":195,"caption":"EDIFICATE 2023"},"image":{"@id":"https:\/\/eventos.ugr.es\/edificate-2023\/#\/schema\/logo\/image\/"}}]}},"uagb_featured_image_src":{"full":false,"thumbnail":false,"medium":false,"medium_large":false,"large":false,"1536x1536":false,"2048x2048":false},"uagb_author_info":{"display_name":"admin-clm","author_link":"https:\/\/eventos.ugr.es\/edificate-2023\/author\/admin-clm\/"},"uagb_comment_info":0,"uagb_excerpt":"Contacto","_links":{"self":[{"href":"https:\/\/eventos.ugr.es\/edificate-2023\/wp-json\/wp\/v2\/pages\/2455","targetHints":{"allow":["GET"]}}],"collection":[{"href":"https:\/\/eventos.ugr.es\/edificate-2023\/wp-json\/wp\/v2\/pages"}],"about":[{"href":"https:\/\/eventos.ugr.es\/edificate-2023\/wp-json\/wp\/v2\/types\/page"}],"author":[{"embeddable":true,"href":"https:\/\/eventos.ugr.es\/edificate-2023\/wp-json\/wp\/v2\/users\/1"}],"replies":[{"embeddable":true,"href":"https:\/\/eventos.ugr.es\/edificate-2023\/wp-json\/wp\/v2\/comments?post=2455"}],"version-history":[{"count":15,"href":"https:\/\/eventos.ugr.es\/edificate-2023\/wp-json\/wp\/v2\/pages\/2455\/revisions"}],"predecessor-version":[{"id":3623,"href":"https:\/\/eventos.ugr.es\/edificate-2023\/wp-json\/wp\/v2\/pages\/2455\/revisions\/3623"}],"wp:attachment":[{"href":"https:\/\/eventos.ugr.es\/edificate-2023\/wp-json\/wp\/v2\/media?parent=2455"}],"wp:term":[{"taxonomy":"folder","embeddable":true,"href":"https:\/\/eventos.ugr.es\/edificate-2023\/wp-json\/wp\/v2\/folder?post=2455"}],"curies":[{"name":"wp","href":"https:\/\/api.w.org\/{rel}","templated":true}]}}