{"id":2798,"date":"2022-12-12T09:02:43","date_gmt":"2022-12-12T09:02:43","guid":{"rendered":"https:\/\/eventos.ugr.es\/edificate-2023-new\/?page_id=2798"},"modified":"2023-11-08T14:48:55","modified_gmt":"2023-11-08T13:48:55","slug":"programme","status":"publish","type":"page","link":"https:\/\/eventos.ugr.es\/edificate-2023\/programme\/","title":{"rendered":"Programme"},"content":{"rendered":"<style>#kt-layout-id_051c1c-3f > .kt-row-column-wrap{align-content:end;}:where(#kt-layout-id_051c1c-3f > .kt-row-column-wrap) > .wp-block-kadence-column{justify-content:end;}#kt-layout-id_051c1c-3f > .kt-row-column-wrap{column-gap:var(--global-kb-gap-md, 2rem);row-gap:var(--global-kb-gap-md, 2rem);padding-top:var( --global-kb-row-default-top, 25px );padding-bottom:var( --global-kb-row-default-bottom, 25px );padding-top:var(--global-kb-spacing-sm, 1.5rem);padding-bottom:var(--global-kb-spacing-sm, 1.5rem);min-height:400px;grid-template-columns:minmax(0, 1fr);}#kt-layout-id_051c1c-3f{background-image:url('https:\/\/eventos.ugr.es\/edificate-2023\/wp-content\/uploads\/sites\/14\/2022\/12\/programa.jpg');background-size:cover;background-position:40% 44%;background-attachment:scroll;background-repeat:no-repeat;}#kt-layout-id_051c1c-3f > .kt-row-layout-overlay{opacity:0.24;background-color:#000000;}@media all and (max-width: 1024px){#kt-layout-id_051c1c-3f > .kt-row-column-wrap{grid-template-columns:minmax(0, 1fr);}}@media all and (max-width: 767px){#kt-layout-id_051c1c-3f > .kt-row-column-wrap{max-width:100%;margin-left:auto;margin-right:auto;grid-template-columns:minmax(0, 1fr);}#kt-layout-id_051c1c-3f > .kt-row-layout-overlay{opacity:0.30;}}<\/style>\n<div class=\"wp-block-kadence-rowlayout alignfull\"><div id=\"kt-layout-id_051c1c-3f\" class=\"kt-row-layout-inner kt-row-has-bg kt-layout-id_051c1c-3f has-white-background-color\"><div class=\"kt-row-layout-overlay kt-row-overlay-normal\"><\/div><div class=\"kt-row-column-wrap kt-has-1-columns kt-gutter-default kt-v-gutter-default kt-row-valign-bottom kt-row-layout-equal kt-tab-layout-inherit kt-m-colapse-left-to-right kt-mobile-layout-row\"><style>.kadence-column_fc33f1-53 > .kt-inside-inner-col{border-top-width:0px;border-right-width:0px;border-bottom-width:0px;border-left-width:0px;}.kadence-column_fc33f1-53 > .kt-inside-inner-col,.kadence-column_fc33f1-53 > .kt-inside-inner-col:before{border-top-left-radius:0px;border-top-right-radius:0px;border-bottom-right-radius:0px;border-bottom-left-radius:0px;}.kadence-column_fc33f1-53 > .kt-inside-inner-col{column-gap:var(--global-kb-gap-sm, 1rem);}.kadence-column_fc33f1-53 > .kt-inside-inner-col{flex-direction:column;}.kadence-column_fc33f1-53 > .kt-inside-inner-col > .aligncenter{width:100%;}.kadence-column_fc33f1-53 > .kt-inside-inner-col:before{opacity:0.3;}.kadence-column_fc33f1-53{position:relative;}@media all and (max-width: 1024px){.kadence-column_fc33f1-53 > .kt-inside-inner-col{flex-direction:column;justify-content:center;}}@media all and (max-width: 767px){.kadence-column_fc33f1-53 > .kt-inside-inner-col{flex-direction:column;justify-content:center;}}<\/style>\n<div class=\"wp-block-kadence-column inner-column-1 kadence-column_fc33f1-53\"><div class=\"kt-inside-inner-col\">\n<h2 class=\"wp-block-heading has-text-align-center titulo-sitio has-white-color has-text-color\" style=\"font-style:normal;font-weight:100\">Programme<\/h2>\n<\/div><\/div>\n<\/div><\/div><\/div>\n\n\n\n<div style=\"height:100px\" aria-hidden=\"true\" class=\"wp-block-spacer\"><\/div>\n\n\n<style>#kt-layout-id_adb9e1-12 > .kt-row-column-wrap{align-content:start;}:where(#kt-layout-id_adb9e1-12 > .kt-row-column-wrap) > .wp-block-kadence-column{justify-content:start;}#kt-layout-id_adb9e1-12 > .kt-row-column-wrap{column-gap:var(--global-kb-gap-md, 2rem);row-gap:var(--global-kb-gap-md, 2rem);padding-top:var( --global-kb-row-default-top, 25px );padding-bottom:var( --global-kb-row-default-bottom, 25px );padding-top:var(--global-kb-spacing-sm, 1.5rem);padding-bottom:var(--global-kb-spacing-sm, 1.5rem);grid-template-columns:minmax(0, 1fr);}#kt-layout-id_adb9e1-12 > .kt-row-layout-overlay{opacity:0.30;}@media all and (max-width: 1024px){#kt-layout-id_adb9e1-12 > .kt-row-column-wrap{grid-template-columns:minmax(0, 1fr);}}@media all and (max-width: 767px){#kt-layout-id_adb9e1-12 > .kt-row-column-wrap{grid-template-columns:minmax(0, 1fr);}}<\/style>\n<div class=\"wp-block-kadence-rowlayout alignnone\"><div id=\"kt-layout-id_adb9e1-12\" class=\"kt-row-layout-inner kt-layout-id_adb9e1-12\"><div class=\"kt-row-column-wrap kt-has-1-columns kt-gutter-default kt-v-gutter-default kt-row-valign-top kt-row-layout-equal kt-tab-layout-inherit kt-m-colapse-left-to-right kt-mobile-layout-row\"><style>.kadence-column_7a5eed-ab > .kt-inside-inner-col{border-top-width:0px;border-right-width:0px;border-bottom-width:0px;border-left-width:0px;}.kadence-column_7a5eed-ab > .kt-inside-inner-col,.kadence-column_7a5eed-ab > .kt-inside-inner-col:before{border-top-left-radius:0px;border-top-right-radius:0px;border-bottom-right-radius:0px;border-bottom-left-radius:0px;}.kadence-column_7a5eed-ab > .kt-inside-inner-col{column-gap:var(--global-kb-gap-sm, 1rem);}.kadence-column_7a5eed-ab > .kt-inside-inner-col{flex-direction:column;}.kadence-column_7a5eed-ab > .kt-inside-inner-col > .aligncenter{width:100%;}.kadence-column_7a5eed-ab > .kt-inside-inner-col:before{opacity:0.3;}.kadence-column_7a5eed-ab{position:relative;}@media all and (max-width: 1024px){.kadence-column_7a5eed-ab > .kt-inside-inner-col{flex-direction:column;justify-content:center;}}@media all and (max-width: 767px){.kadence-column_7a5eed-ab > .kt-inside-inner-col{flex-direction:column;justify-content:center;}}<\/style>\n<div class=\"wp-block-kadence-column inner-column-1 kadence-column_7a5eed-ab\"><div class=\"kt-inside-inner-col\"><style>.wp-block-kadence-advancedbtn.kb-btns_b6ddd1-78{gap:var(--global-kb-gap-xs, 0.5rem );justify-content:center;align-items:center;}.kt-btns_b6ddd1-78 .kt-button{font-weight:normal;font-style:normal;}.kt-btns_b6ddd1-78 .kt-btn-wrap-0{margin-right:5px;}.wp-block-kadence-advancedbtn.kt-btns_b6ddd1-78 .kt-btn-wrap-0 .kt-button{color:var(--global-palette9, #ffffff);font-size:17px;background:var(--global-palette2, #2B6CB0);border-color:#555555;}.wp-block-kadence-advancedbtn.kt-btns_b6ddd1-78 .kt-btn-wrap-0 .kt-button:hover, .wp-block-kadence-advancedbtn.kt-btns_b6ddd1-78 .kt-btn-wrap-0 .kt-button:focus{color:#ffffff;border-color:#444444;}.wp-block-kadence-advancedbtn.kt-btns_b6ddd1-78 .kt-btn-wrap-0 .kt-button::before{display:none;}.wp-block-kadence-advancedbtn.kt-btns_b6ddd1-78 .kt-btn-wrap-0 .kt-button:hover, .wp-block-kadence-advancedbtn.kt-btns_b6ddd1-78 .kt-btn-wrap-0 .kt-button:focus{background:var(--global-palette1, #3182CE);}<\/style>\n<div class=\"wp-block-kadence-advancedbtn kt-btn-align-center kt-btn-tablet-align-inherit kt-btn-mobile-align-inherit kt-btns-wrap kt-btns_b6ddd1-78 animated shakeX\"><div class=\"kt-btn-wrap kt-btn-wrap-0\"><a class=\"kt-button button kt-btn-0-action kt-btn-size-standard kt-btn-style-basic kt-btn-svg-show-always kt-btn-has-text-true kt-btn-has-svg-true\" download href=\"https:\/\/eventos.ugr.es\/edificate-2023\/wp-content\/uploads\/sites\/14\/2023\/11\/EDIFICATE2023_Programa-final.pdf\" target=\"_blank\" rel=\"noreferrer noopener\" style=\"border-radius:50px;border-width:0px\"><div style=\"display:inline-flex;justify-content:center;align-items:center\" class=\"kt-btn-svg-icon kt-btn-svg-icon-fas_file-pdf kt-btn-side-left\"><svg style=\"display:inline-block;vertical-align:middle\" viewBox=\"0 0 384 512\" height=\"1em\" width=\"1em\" fill=\"currentColor\" xmlns=\"http:\/\/www.w3.org\/2000\/svg\"><path d=\"M181.9 256.1c-5-16-4.9-46.9-2-46.9 8.4 0 7.6 36.9 2 46.9zm-1.7 47.2c-7.7 20.2-17.3 43.3-28.4 62.7 18.3-7 39-17.2 62.9-21.9-12.7-9.6-24.9-23.4-34.5-40.8zM86.1 428.1c0 .8 13.2-5.4 34.9-40.2-6.7 6.3-29.1 24.5-34.9 40.2zM248 160h136v328c0 13.3-10.7 24-24 24H24c-13.3 0-24-10.7-24-24V24C0 10.7 10.7 0 24 0h200v136c0 13.2 10.8 24 24 24zm-8 171.8c-20-12.2-33.3-29-42.7-53.8 4.5-18.5 11.6-46.6 6.2-64.2-4.7-29.4-42.4-26.5-47.8-6.8-5 18.3-.4 44.1 8.1 77-11.6 27.6-28.7 64.6-40.8 85.8-.1 0-.1.1-.2.1-27.1 13.9-73.6 44.5-54.5 68 5.6 6.9 16 10 21.5 10 17.9 0 35.7-18 61.1-61.8 25.8-8.5 54.1-19.1 79-23.2 21.7 11.8 47.1 19.5 64 19.5 29.2 0 31.2-32 19.7-43.4-13.9-13.6-54.3-9.7-73.6-7.2zM377 105L279 7c-4.5-4.5-10.6-7-17-7h-6v128h128v-6.1c0-6.3-2.5-12.4-7-16.9zm-74.1 255.3c4.1-2.7-2.5-11.9-42.8-9 37.1 15.8 42.8 9 42.8 9z\"><\/path><\/svg><\/div><span class=\"kt-btn-inner-text\"><strong>Download<\/strong> <strong>PROGRAMME <\/strong>(pdf)<br>(Updated on 8th november 2023)<\/span><\/a><\/div><\/div>\n<\/div><\/div>\n<\/div><\/div><\/div>\n\n\n\n\n","protected":false},"excerpt":{"rendered":"<p>Programme<\/p>\n","protected":false},"author":1,"featured_media":0,"parent":0,"menu_order":0,"comment_status":"closed","ping_status":"closed","template":"","meta":{"_uag_custom_page_level_css":"","_kad_post_transparent":"","_kad_post_title":"","_kad_post_layout":"","_kad_post_sidebar_id":"","_kad_post_content_style":"","_kad_post_vertical_padding":"","_kad_post_feature":"","_kad_post_feature_position":"","_kad_post_header":false,"_kad_post_footer":false,"footnotes":""},"folder":[5],"class_list":["post-2798","page","type-page","status-publish","hentry"],"yoast_head":"<!-- This site is optimized with the Yoast SEO plugin v25.5 - https:\/\/yoast.com\/wordpress\/plugins\/seo\/ -->\n<title>Programme - EDIFICATE 2023<\/title>\n<meta name=\"robots\" content=\"index, follow, max-snippet:-1, max-image-preview:large, max-video-preview:-1\" \/>\n<link rel=\"canonical\" href=\"https:\/\/eventos.ugr.es\/edificate-2023\/programme\/\" \/>\n<meta property=\"og:locale\" content=\"es_ES\" \/>\n<meta property=\"og:type\" content=\"article\" \/>\n<meta property=\"og:title\" content=\"Programme - EDIFICATE 2023\" \/>\n<meta property=\"og:description\" content=\"Programme\" \/>\n<meta property=\"og:url\" content=\"https:\/\/eventos.ugr.es\/edificate-2023\/programme\/\" \/>\n<meta property=\"og:site_name\" content=\"EDIFICATE 2023\" \/>\n<meta property=\"article:modified_time\" content=\"2023-11-08T13:48:55+00:00\" \/>\n<meta name=\"twitter:card\" content=\"summary_large_image\" \/>\n<meta name=\"twitter:label1\" content=\"Tiempo de lectura\" \/>\n\t<meta name=\"twitter:data1\" content=\"1 minuto\" \/>\n<script type=\"application\/ld+json\" class=\"yoast-schema-graph\">{\"@context\":\"https:\/\/schema.org\",\"@graph\":[{\"@type\":\"WebPage\",\"@id\":\"https:\/\/eventos.ugr.es\/edificate-2023\/programme\/\",\"url\":\"https:\/\/eventos.ugr.es\/edificate-2023\/programme\/\",\"name\":\"Programme - EDIFICATE 2023\",\"isPartOf\":{\"@id\":\"https:\/\/eventos.ugr.es\/edificate-2023\/#website\"},\"datePublished\":\"2022-12-12T09:02:43+00:00\",\"dateModified\":\"2023-11-08T13:48:55+00:00\",\"breadcrumb\":{\"@id\":\"https:\/\/eventos.ugr.es\/edificate-2023\/programme\/#breadcrumb\"},\"inLanguage\":\"es\",\"potentialAction\":[{\"@type\":\"ReadAction\",\"target\":[\"https:\/\/eventos.ugr.es\/edificate-2023\/programme\/\"]}]},{\"@type\":\"BreadcrumbList\",\"@id\":\"https:\/\/eventos.ugr.es\/edificate-2023\/programme\/#breadcrumb\",\"itemListElement\":[{\"@type\":\"ListItem\",\"position\":1,\"name\":\"Portada\",\"item\":\"https:\/\/eventos.ugr.es\/edificate-2023\/\"},{\"@type\":\"ListItem\",\"position\":2,\"name\":\"Programme\"}]},{\"@type\":\"WebSite\",\"@id\":\"https:\/\/eventos.ugr.es\/edificate-2023\/#website\",\"url\":\"https:\/\/eventos.ugr.es\/edificate-2023\/\",\"name\":\"EDIFICATE 2023\",\"description\":\"II CONGRESO NACIONAL Y I INTERNACIONAL DE ESCUELAS DE INGENIER\u00cdA DE EDIFICACI\u00d3N Y ARQUITECTURA T\u00c9CNICA\",\"publisher\":{\"@id\":\"https:\/\/eventos.ugr.es\/edificate-2023\/#organization\"},\"potentialAction\":[{\"@type\":\"SearchAction\",\"target\":{\"@type\":\"EntryPoint\",\"urlTemplate\":\"https:\/\/eventos.ugr.es\/edificate-2023\/?s={search_term_string}\"},\"query-input\":{\"@type\":\"PropertyValueSpecification\",\"valueRequired\":true,\"valueName\":\"search_term_string\"}}],\"inLanguage\":\"es\"},{\"@type\":\"Organization\",\"@id\":\"https:\/\/eventos.ugr.es\/edificate-2023\/#organization\",\"name\":\"EDIFICATE 2023\",\"url\":\"https:\/\/eventos.ugr.es\/edificate-2023\/\",\"logo\":{\"@type\":\"ImageObject\",\"inLanguage\":\"es\",\"@id\":\"https:\/\/eventos.ugr.es\/edificate-2023\/#\/schema\/logo\/image\/\",\"url\":\"https:\/\/eventos.ugr.es\/edificate-2023\/wp-content\/uploads\/sites\/14\/2023\/02\/cabecera-emails.png\",\"contentUrl\":\"https:\/\/eventos.ugr.es\/edificate-2023\/wp-content\/uploads\/sites\/14\/2023\/02\/cabecera-emails.png\",\"width\":1202,\"height\":195,\"caption\":\"EDIFICATE 2023\"},\"image\":{\"@id\":\"https:\/\/eventos.ugr.es\/edificate-2023\/#\/schema\/logo\/image\/\"}}]}<\/script>\n<!-- \/ Yoast SEO plugin. -->","yoast_head_json":{"title":"Programme - EDIFICATE 2023","robots":{"index":"index","follow":"follow","max-snippet":"max-snippet:-1","max-image-preview":"max-image-preview:large","max-video-preview":"max-video-preview:-1"},"canonical":"https:\/\/eventos.ugr.es\/edificate-2023\/programme\/","og_locale":"es_ES","og_type":"article","og_title":"Programme - EDIFICATE 2023","og_description":"Programme","og_url":"https:\/\/eventos.ugr.es\/edificate-2023\/programme\/","og_site_name":"EDIFICATE 2023","article_modified_time":"2023-11-08T13:48:55+00:00","twitter_card":"summary_large_image","twitter_misc":{"Tiempo de lectura":"1 minuto"},"schema":{"@context":"https:\/\/schema.org","@graph":[{"@type":"WebPage","@id":"https:\/\/eventos.ugr.es\/edificate-2023\/programme\/","url":"https:\/\/eventos.ugr.es\/edificate-2023\/programme\/","name":"Programme - EDIFICATE 2023","isPartOf":{"@id":"https:\/\/eventos.ugr.es\/edificate-2023\/#website"},"datePublished":"2022-12-12T09:02:43+00:00","dateModified":"2023-11-08T13:48:55+00:00","breadcrumb":{"@id":"https:\/\/eventos.ugr.es\/edificate-2023\/programme\/#breadcrumb"},"inLanguage":"es","potentialAction":[{"@type":"ReadAction","target":["https:\/\/eventos.ugr.es\/edificate-2023\/programme\/"]}]},{"@type":"BreadcrumbList","@id":"https:\/\/eventos.ugr.es\/edificate-2023\/programme\/#breadcrumb","itemListElement":[{"@type":"ListItem","position":1,"name":"Portada","item":"https:\/\/eventos.ugr.es\/edificate-2023\/"},{"@type":"ListItem","position":2,"name":"Programme"}]},{"@type":"WebSite","@id":"https:\/\/eventos.ugr.es\/edificate-2023\/#website","url":"https:\/\/eventos.ugr.es\/edificate-2023\/","name":"EDIFICATE 2023","description":"II CONGRESO NACIONAL Y I INTERNACIONAL DE ESCUELAS DE INGENIER\u00cdA DE EDIFICACI\u00d3N Y ARQUITECTURA T\u00c9CNICA","publisher":{"@id":"https:\/\/eventos.ugr.es\/edificate-2023\/#organization"},"potentialAction":[{"@type":"SearchAction","target":{"@type":"EntryPoint","urlTemplate":"https:\/\/eventos.ugr.es\/edificate-2023\/?s={search_term_string}"},"query-input":{"@type":"PropertyValueSpecification","valueRequired":true,"valueName":"search_term_string"}}],"inLanguage":"es"},{"@type":"Organization","@id":"https:\/\/eventos.ugr.es\/edificate-2023\/#organization","name":"EDIFICATE 2023","url":"https:\/\/eventos.ugr.es\/edificate-2023\/","logo":{"@type":"ImageObject","inLanguage":"es","@id":"https:\/\/eventos.ugr.es\/edificate-2023\/#\/schema\/logo\/image\/","url":"https:\/\/eventos.ugr.es\/edificate-2023\/wp-content\/uploads\/sites\/14\/2023\/02\/cabecera-emails.png","contentUrl":"https:\/\/eventos.ugr.es\/edificate-2023\/wp-content\/uploads\/sites\/14\/2023\/02\/cabecera-emails.png","width":1202,"height":195,"caption":"EDIFICATE 2023"},"image":{"@id":"https:\/\/eventos.ugr.es\/edificate-2023\/#\/schema\/logo\/image\/"}}]}},"uagb_featured_image_src":{"full":false,"thumbnail":false,"medium":false,"medium_large":false,"large":false,"1536x1536":false,"2048x2048":false},"uagb_author_info":{"display_name":"admin-clm","author_link":"https:\/\/eventos.ugr.es\/edificate-2023\/author\/admin-clm\/"},"uagb_comment_info":0,"uagb_excerpt":"Programme","_links":{"self":[{"href":"https:\/\/eventos.ugr.es\/edificate-2023\/wp-json\/wp\/v2\/pages\/2798","targetHints":{"allow":["GET"]}}],"collection":[{"href":"https:\/\/eventos.ugr.es\/edificate-2023\/wp-json\/wp\/v2\/pages"}],"about":[{"href":"https:\/\/eventos.ugr.es\/edificate-2023\/wp-json\/wp\/v2\/types\/page"}],"author":[{"embeddable":true,"href":"https:\/\/eventos.ugr.es\/edificate-2023\/wp-json\/wp\/v2\/users\/1"}],"replies":[{"embeddable":true,"href":"https:\/\/eventos.ugr.es\/edificate-2023\/wp-json\/wp\/v2\/comments?post=2798"}],"version-history":[{"count":9,"href":"https:\/\/eventos.ugr.es\/edificate-2023\/wp-json\/wp\/v2\/pages\/2798\/revisions"}],"predecessor-version":[{"id":4024,"href":"https:\/\/eventos.ugr.es\/edificate-2023\/wp-json\/wp\/v2\/pages\/2798\/revisions\/4024"}],"wp:attachment":[{"href":"https:\/\/eventos.ugr.es\/edificate-2023\/wp-json\/wp\/v2\/media?parent=2798"}],"wp:term":[{"taxonomy":"folder","embeddable":true,"href":"https:\/\/eventos.ugr.es\/edificate-2023\/wp-json\/wp\/v2\/folder?post=2798"}],"curies":[{"name":"wp","href":"https:\/\/api.w.org\/{rel}","templated":true}]}}