{"id":122,"date":"2024-11-11T11:33:27","date_gmt":"2024-11-11T10:33:27","guid":{"rendered":"https:\/\/eventos.ugr.es\/inquim2025\/?page_id=122"},"modified":"2025-02-12T12:29:04","modified_gmt":"2025-02-12T11:29:04","slug":"comites","status":"publish","type":"page","link":"https:\/\/eventos.ugr.es\/jniq38\/comites\/","title":{"rendered":"Comit\u00e9s"},"content":{"rendered":"\n<div class=\"wp-block-uagb-container uagb-block-cc6bf578 alignfull uagb-is-root-container\">\n<div class=\"wp-block-uagb-container uagb-block-e839b15d alignfull uagb-is-root-container\"><div class=\"uagb-container-inner-blocks-wrap\"><\/div><\/div>\n<\/div>\n\n\n\n<h2 class=\"wp-block-heading has-text-align-left titulo-sitio\" style=\"font-style:normal;font-weight:100;line-height:0.3\">Comit\u00e9s<\/h2>\n\n\n\n<div style=\"height:5px\" aria-hidden=\"true\" class=\"wp-block-spacer\"><\/div>\n\n\n\n<h3 class=\"wp-block-heading\">Comit\u00e9 Organizador<\/h3>\n\n\n<style>.kb-row-layout-id122_c474d2-16 > .kt-row-column-wrap{align-content:start;}:where(.kb-row-layout-id122_c474d2-16 > .kt-row-column-wrap) > .wp-block-kadence-column{justify-content:start;}.kb-row-layout-id122_c474d2-16 > .kt-row-column-wrap{column-gap:var(--global-kb-gap-md, 2rem);row-gap:var(--global-kb-gap-none, 0rem );padding-top:0px;padding-bottom:10px;grid-template-columns:repeat(2, minmax(0, 1fr));}.kb-row-layout-id122_c474d2-16 > .kt-row-layout-overlay{opacity:0.30;}@media all and (max-width: 1024px){.kb-row-layout-id122_c474d2-16 > .kt-row-column-wrap{grid-template-columns:repeat(2, minmax(0, 1fr));}}@media all and (max-width: 767px){.kb-row-layout-id122_c474d2-16 > .kt-row-column-wrap{grid-template-columns:minmax(0, 1fr);}}<\/style><div class=\"kb-row-layout-wrap kb-row-layout-id122_c474d2-16 alignnone wp-block-kadence-rowlayout\"><div class=\"kt-row-column-wrap kt-has-2-columns kt-row-layout-equal kt-tab-layout-inherit kt-mobile-layout-row kt-row-valign-top\">\n<style>.kadence-column122_8b0bfe-99 > .kt-inside-inner-col,.kadence-column122_8b0bfe-99 > .kt-inside-inner-col:before{border-top-left-radius:0px;border-top-right-radius:0px;border-bottom-right-radius:0px;border-bottom-left-radius:0px;}.kadence-column122_8b0bfe-99 > .kt-inside-inner-col{column-gap:var(--global-kb-gap-sm, 1rem);}.kadence-column122_8b0bfe-99 > .kt-inside-inner-col{flex-direction:column;}.kadence-column122_8b0bfe-99 > .kt-inside-inner-col > .aligncenter{width:100%;}.kadence-column122_8b0bfe-99 > .kt-inside-inner-col:before{opacity:0.3;}.kadence-column122_8b0bfe-99{position:relative;}@media all and (max-width: 1024px){.kadence-column122_8b0bfe-99 > .kt-inside-inner-col{flex-direction:column;justify-content:center;}}@media all and (max-width: 767px){.kadence-column122_8b0bfe-99 > .kt-inside-inner-col{padding-top:0px;padding-bottom:0px;flex-direction:column;justify-content:center;}.kadence-column122_8b0bfe-99, .kt-inside-inner-col > .kadence-column122_8b0bfe-99:not(.specificity){margin-top:0px;margin-bottom:0px;}}<\/style>\n<div class=\"wp-block-kadence-column kadence-column122_8b0bfe-99 inner-column-1\"><div class=\"kt-inside-inner-col\">\n<ul class=\"wp-block-list lista-comites\">\n<li><strong>Alejandro Fern\u00e1ndez Arteaga<\/strong> (Presidente)<\/li>\n\n\n\n<li><strong>Mar\u00eda del Carmen Alm\u00e9cija Rodr\u00edguez<\/strong> (Secretar\u00eda)<\/li>\n\n\n\n<li><strong>Rafael Rodr\u00edguez Sol\u00eds<\/strong><\/li>\n\n\n\n<li><strong>M\u00f3nica Calero de Hoces<\/strong><\/li>\n\n\n\n<li><strong>Mar\u00eda de los \u00c1ngeles Mart\u00edn Lara<\/strong><\/li>\n\n\n\n<li><strong>Miguel Garc\u00eda Rom\u00e1n<\/strong><\/li>\n\n\n\n<li><strong>Pedro Jes\u00fas Garc\u00eda Moreno<\/strong><\/li>\n\n\n\n<li><strong>Manuela Lechuga Villena<\/strong><\/li>\n<\/ul>\n<\/div><\/div>\n\n\n<style>.kadence-column122_e2d3f7-68 > .kt-inside-inner-col,.kadence-column122_e2d3f7-68 > .kt-inside-inner-col:before{border-top-left-radius:0px;border-top-right-radius:0px;border-bottom-right-radius:0px;border-bottom-left-radius:0px;}.kadence-column122_e2d3f7-68 > .kt-inside-inner-col{column-gap:var(--global-kb-gap-sm, 1rem);}.kadence-column122_e2d3f7-68 > .kt-inside-inner-col{flex-direction:column;}.kadence-column122_e2d3f7-68 > .kt-inside-inner-col > .aligncenter{width:100%;}.kadence-column122_e2d3f7-68 > .kt-inside-inner-col:before{opacity:0.3;}.kadence-column122_e2d3f7-68{position:relative;}@media all and (max-width: 1024px){.kadence-column122_e2d3f7-68 > .kt-inside-inner-col{flex-direction:column;justify-content:center;}}@media all and (max-width: 767px){.kadence-column122_e2d3f7-68 > .kt-inside-inner-col{padding-top:0px;padding-bottom:0px;flex-direction:column;justify-content:center;}.kadence-column122_e2d3f7-68, .kt-inside-inner-col > .kadence-column122_e2d3f7-68:not(.specificity){margin-top:0px;margin-bottom:0px;}}<\/style>\n<div class=\"wp-block-kadence-column kadence-column122_e2d3f7-68 inner-column-2\"><div class=\"kt-inside-inner-col\">\n<ul class=\"wp-block-list lista-comites\">\n<li><strong>Francisco R\u00edos Ruiz<\/strong><\/li>\n\n\n\n<li><strong>Javier Espejo Carpio<\/strong><\/li>\n\n\n\n<li><strong>Antonio P\u00e9rez Mu\u00f1oz<\/strong><\/li>\n\n\n\n<li><strong>Mario Jes\u00fas Mu\u00f1oz Batista<\/strong><\/li>\n\n\n\n<li><strong>Ana Isabel Garc\u00eda L\u00f3pez<\/strong><\/li>\n\n\n\n<li><strong>Mercedes Fern\u00e1ndez Serrano<\/strong><\/li>\n\n\n\n<li><strong>Jos\u00e9 Mar\u00eda Vicaria Riviilas<\/strong><\/li>\n<\/ul>\n<\/div><\/div>\n\n<\/div><\/div>\n\n\n<h3 class=\"wp-block-heading\">Comit\u00e9 Cient\u00edfico<\/h3>\n\n\n\n<div class=\"wp-block-uagb-separator uagb-block-a1b60a97\"><div class=\"uagb-separator-spacing-wrapper\"><div class=\"wp-block-uagb-separator__inner\" style=\"--my-background-image:\"><\/div><\/div><\/div>\n\n\n<style>.kb-row-layout-id122_7e2992-ef > .kt-row-column-wrap{align-content:start;}:where(.kb-row-layout-id122_7e2992-ef > .kt-row-column-wrap) > .wp-block-kadence-column{justify-content:start;}.kb-row-layout-id122_7e2992-ef > .kt-row-column-wrap{column-gap:var(--global-kb-gap-md, 2rem);row-gap:var(--global-kb-gap-none, 0rem );padding-top:0px;padding-bottom:10px;grid-template-columns:repeat(2, minmax(0, 1fr));}.kb-row-layout-id122_7e2992-ef > .kt-row-layout-overlay{opacity:0.30;}@media all and (max-width: 1024px){.kb-row-layout-id122_7e2992-ef > .kt-row-column-wrap{grid-template-columns:repeat(2, minmax(0, 1fr));}}@media all and (max-width: 767px){.kb-row-layout-id122_7e2992-ef > .kt-row-column-wrap{grid-template-columns:minmax(0, 1fr);}}<\/style><div class=\"kb-row-layout-wrap kb-row-layout-id122_7e2992-ef alignnone wp-block-kadence-rowlayout\"><div class=\"kt-row-column-wrap kt-has-2-columns kt-row-layout-equal kt-tab-layout-inherit kt-mobile-layout-row kt-row-valign-top\">\n<style>.kadence-column122_de9ef4-bf > .kt-inside-inner-col,.kadence-column122_de9ef4-bf > .kt-inside-inner-col:before{border-top-left-radius:0px;border-top-right-radius:0px;border-bottom-right-radius:0px;border-bottom-left-radius:0px;}.kadence-column122_de9ef4-bf > .kt-inside-inner-col{column-gap:var(--global-kb-gap-sm, 1rem);}.kadence-column122_de9ef4-bf > .kt-inside-inner-col{flex-direction:column;}.kadence-column122_de9ef4-bf > .kt-inside-inner-col > .aligncenter{width:100%;}.kadence-column122_de9ef4-bf > .kt-inside-inner-col:before{opacity:0.3;}.kadence-column122_de9ef4-bf{position:relative;}@media all and (max-width: 1024px){.kadence-column122_de9ef4-bf > .kt-inside-inner-col{flex-direction:column;justify-content:center;}}@media all and (max-width: 767px){.kadence-column122_de9ef4-bf > .kt-inside-inner-col{padding-top:0px;padding-bottom:0px;flex-direction:column;justify-content:center;}.kadence-column122_de9ef4-bf, .kt-inside-inner-col > .kadence-column122_de9ef4-bf:not(.specificity){margin-top:0px;margin-bottom:0px;}}<\/style>\n<div class=\"wp-block-kadence-column kadence-column122_de9ef4-bf inner-column-1\"><div class=\"kt-inside-inner-col\">\n<ul class=\"wp-block-list lista-comites\">\n<li><strong>Germ\u00e1n Luz\u00f3n Gonz\u00e1lez<\/strong><\/li>\n\n\n\n<li><strong>Deisi Altmajer Vaz<\/strong><\/li>\n\n\n\n<li><strong>Emilia Guadix Escobar<\/strong><\/li>\n<\/ul>\n<\/div><\/div>\n\n\n<style>.kadence-column122_36e9f9-67 > .kt-inside-inner-col,.kadence-column122_36e9f9-67 > .kt-inside-inner-col:before{border-top-left-radius:0px;border-top-right-radius:0px;border-bottom-right-radius:0px;border-bottom-left-radius:0px;}.kadence-column122_36e9f9-67 > .kt-inside-inner-col{column-gap:var(--global-kb-gap-sm, 1rem);}.kadence-column122_36e9f9-67 > .kt-inside-inner-col{flex-direction:column;}.kadence-column122_36e9f9-67 > .kt-inside-inner-col > .aligncenter{width:100%;}.kadence-column122_36e9f9-67 > .kt-inside-inner-col:before{opacity:0.3;}.kadence-column122_36e9f9-67{position:relative;}@media all and (max-width: 1024px){.kadence-column122_36e9f9-67 > .kt-inside-inner-col{flex-direction:column;justify-content:center;}}@media all and (max-width: 767px){.kadence-column122_36e9f9-67 > .kt-inside-inner-col{padding-top:0px;padding-bottom:0px;flex-direction:column;justify-content:center;}.kadence-column122_36e9f9-67, .kt-inside-inner-col > .kadence-column122_36e9f9-67:not(.specificity){margin-top:0px;margin-bottom:0px;}}<\/style>\n<div class=\"wp-block-kadence-column kadence-column122_36e9f9-67 inner-column-2\"><div class=\"kt-inside-inner-col\">\n<ul class=\"wp-block-list lista-comites\">\n<li><strong>M\u00f3nica Calero de Hoces<\/strong><\/li>\n\n\n\n<li><strong>Antonio Mart\u00ednez F\u00e9rez<\/strong><\/li>\n<\/ul>\n<\/div><\/div>\n\n<\/div><\/div>\n\n\n\n","protected":false},"excerpt":{"rendered":"<p>Comit\u00e9s Comit\u00e9 Organizador Comit\u00e9 Cient\u00edfico<\/p>\n","protected":false},"author":18,"featured_media":0,"parent":0,"menu_order":0,"comment_status":"closed","ping_status":"closed","template":"","meta":{"_uag_custom_page_level_css":"","_kad_post_transparent":"","_kad_post_title":"","_kad_post_layout":"","_kad_post_sidebar_id":"","_kad_post_content_style":"","_kad_post_vertical_padding":"","_kad_post_feature":"","_kad_post_feature_position":"","_kad_post_header":false,"_kad_post_footer":false,"footnotes":""},"folder":[],"class_list":["post-122","page","type-page","status-publish","hentry"],"uagb_featured_image_src":{"full":false,"thumbnail":false,"medium":false,"medium_large":false,"large":false,"1536x1536":false,"2048x2048":false},"uagb_author_info":{"display_name":"antoniorodriguez","author_link":"https:\/\/eventos.ugr.es\/jniq38\/author\/antoniorodriguez\/"},"uagb_comment_info":0,"uagb_excerpt":"Comit\u00e9s Comit\u00e9 Organizador Comit\u00e9 Cient\u00edfico","_links":{"self":[{"href":"https:\/\/eventos.ugr.es\/jniq38\/wp-json\/wp\/v2\/pages\/122","targetHints":{"allow":["GET"]}}],"collection":[{"href":"https:\/\/eventos.ugr.es\/jniq38\/wp-json\/wp\/v2\/pages"}],"about":[{"href":"https:\/\/eventos.ugr.es\/jniq38\/wp-json\/wp\/v2\/types\/page"}],"author":[{"embeddable":true,"href":"https:\/\/eventos.ugr.es\/jniq38\/wp-json\/wp\/v2\/users\/18"}],"replies":[{"embeddable":true,"href":"https:\/\/eventos.ugr.es\/jniq38\/wp-json\/wp\/v2\/comments?post=122"}],"version-history":[{"count":13,"href":"https:\/\/eventos.ugr.es\/jniq38\/wp-json\/wp\/v2\/pages\/122\/revisions"}],"predecessor-version":[{"id":375,"href":"https:\/\/eventos.ugr.es\/jniq38\/wp-json\/wp\/v2\/pages\/122\/revisions\/375"}],"wp:attachment":[{"href":"https:\/\/eventos.ugr.es\/jniq38\/wp-json\/wp\/v2\/media?parent=122"}],"wp:term":[{"taxonomy":"folder","embeddable":true,"href":"https:\/\/eventos.ugr.es\/jniq38\/wp-json\/wp\/v2\/folder?post=122"}],"curies":[{"name":"wp","href":"https:\/\/api.w.org\/{rel}","templated":true}]}}