{"id":404,"date":"2023-01-16T12:51:19","date_gmt":"2023-01-16T12:51:19","guid":{"rendered":"https:\/\/eventos.ugr.es\/medeng\/?page_id=404"},"modified":"2024-04-16T11:43:01","modified_gmt":"2024-04-16T11:43:01","slug":"profesorado","status":"publish","type":"page","link":"https:\/\/eventos.ugr.es\/medeng\/profesorado\/","title":{"rendered":"Profesorado del M\u00e1ster en Ingenier\u00eda M\u00e9dica"},"content":{"rendered":"\n<p>El profesorado del M\u00e1ster de Formaci\u00f3n Permanente en Ingenier\u00eda M\u00e9dica MedEng est\u00e1 altamente cualificado y posee una amplia experiencia en el sector de la investigaci\u00f3n y la docencia.  <br>\u00bfQuieres saber qui\u00e9nes ser\u00e1n los profesionales encargados de tu formaci\u00f3n? <\/p>\n\n\n\n<h3 class=\"wp-block-heading has-medium-font-size\"><strong>A continuaci\u00f3n, os presentamos al equipo docente y promotor del M\u00e1ster.<\/strong><\/h3>\n\n\n\n<h2 class=\"wp-block-heading has-text-align-center has-theme-palette-3-color has-text-color\" style=\"padding-top:var(--wp--preset--spacing--20);padding-right:var(--wp--preset--spacing--20);padding-bottom:var(--wp--preset--spacing--20);padding-left:var(--wp--preset--spacing--20)\">\u00a1<a href=\"https:\/\/medeng.es\/wp-content\/uploads\/sites\/16\/2023\/01\/profesorado-master.pdf\" target=\"_blank\" rel=\"noreferrer noopener\" class=\"enlace\">Accede aqu\u00ed <\/a>al listado completo de todos los profesores y profesoras de este programa de M\u00e1ster de la Universidad de Granada!<\/h2>\n\n\n\n<div class=\"wp-block-uagb-container profesorado uagb-block-adc86032 default uagb-is-root-container\">\n<div class=\"wp-block-uagb-container uagb-block-f87a3408\"><style>.wp-block-kadence-column.kb-section-dir-horizontal > .kt-inside-inner-col > #kt-info-box_a8c99c-ed .kt-blocks-info-box-link-wrap{max-width:unset;}#kt-info-box_a8c99c-ed .kt-blocks-info-box-link-wrap{background:rgba(0, 0, 0, 0);padding-top:var(--global-kb-spacing-xs, 1rem);padding-right:var(--global-kb-spacing-xs, 1rem);padding-bottom:var(--global-kb-spacing-xs, 1rem);padding-left:var(--global-kb-spacing-xs, 1rem);}#kt-info-box_a8c99c-ed .kt-blocks-info-box-link-wrap:hover{background:rgba(0, 0, 0, 0);}#kt-info-box_a8c99c-ed.wp-block-kadence-infobox{max-width:100%;}#kt-info-box_a8c99c-ed .kadence-info-box-image-inner-intrisic-container{max-width:200px;}#kt-info-box_a8c99c-ed .kadence-info-box-image-inner-intrisic-container .kadence-info-box-image-intrisic{padding-bottom:95.082%;width:305px;height:0px;max-width:100%;}#kt-info-box_a8c99c-ed .kadence-info-box-icon-container .kt-info-svg-icon, #kt-info-box_a8c99c-ed .kt-info-svg-icon-flip, #kt-info-box_a8c99c-ed .kt-blocks-info-box-number{font-size:50px;}#kt-info-box_a8c99c-ed .kt-blocks-info-box-media{color:#444444;background:transparent;border-color:#444444;border-radius:200px;overflow:hidden;border-top-width:0px;border-right-width:0px;border-bottom-width:0px;border-left-width:0px;padding-top:10px;padding-right:10px;padding-bottom:10px;padding-left:10px;}#kt-info-box_a8c99c-ed .kt-blocks-info-box-media-container{margin-top:0px;margin-right:15px;margin-bottom:0px;margin-left:15px;}#kt-info-box_a8c99c-ed .kt-blocks-info-box-media .kadence-info-box-image-intrisic img{border-radius:200px;}#kt-info-box_a8c99c-ed .kt-blocks-info-box-link-wrap:hover .kt-blocks-info-box-media{color:#444444;background:transparent;border-color:#444444;}#kt-info-box_a8c99c-ed .kt-infobox-textcontent h3.kt-blocks-info-box-title{color:var(--global-palette5, #4A5568);line-height:1em;padding-top:0px;padding-right:0px;padding-bottom:0px;padding-left:0px;margin-top:5px;margin-right:0px;margin-bottom:10px;margin-left:0px;}#kt-info-box_a8c99c-ed .kt-blocks-info-box-link-wrap:hover h3.kt-blocks-info-box-title{color:var(--global-palette5, #4A5568);}.wp-block-kadence-infobox#kt-info-box_a8c99c-ed .kt-blocks-info-box-text{font-size:18px;}#kt-info-box_a8c99c-ed .kt-blocks-info-box-learnmore{background:transparent;border-width:0px 0px 0px 0px;padding-top:4px;padding-right:8px;padding-bottom:4px;padding-left:8px;margin-top:10px;margin-right:0px;margin-bottom:10px;margin-left:0px;}<\/style>\n<div id=\"kt-info-box_a8c99c-ed\" class=\"wp-block-kadence-infobox\"><a class=\"kt-blocks-info-box-link-wrap info-box-link kt-blocks-info-box-media-align-top kt-info-halign-center\" target=\"_blank\" rel=\"noopener noreferrer\" href=\"https:\/\/www.ugr.es\/personal\/guillermo-rus-carlborg\"><div class=\"kt-blocks-info-box-media-container\"><div class=\"kt-blocks-info-box-media kt-info-media-animate-grayscale\"><div class=\"kadence-info-box-image-inner-intrisic-container\"><div class=\"kadence-info-box-image-intrisic kt-info-animate-grayscale\"><div class=\"kadence-info-box-image-inner-intrisic\"><img loading=\"lazy\" decoding=\"async\" src=\"https:\/\/medeng.es\/wp-content\/uploads\/sites\/16\/2023\/01\/guillermo-rus.jpg\" alt=\"Equipo docente M\u00e1ster Ingenier\u00eda M\u00e9dica\" width=\"305\" height=\"290\" class=\"kt-info-box-image wp-image-416\" srcset=\"https:\/\/eventos.ugr.es\/medeng\/wp-content\/uploads\/sites\/16\/2023\/01\/guillermo-rus.jpg 305w, https:\/\/eventos.ugr.es\/medeng\/wp-content\/uploads\/sites\/16\/2023\/01\/guillermo-rus-300x285.jpg 300w\" sizes=\"auto, (max-width: 305px) 100vw, 305px\" \/><\/div><\/div><\/div><\/div><\/div><div class=\"kt-infobox-textcontent\"><h3 class=\"kt-blocks-info-box-title\"><strong>Guillermo Rus<\/strong><br\/>Director<\/h3><p class=\"kt-blocks-info-box-text\">Dpto. Mec\u00e1nica de Estructuras e<br\/>Ingenier\u00eda Hidr\u00e1ulica<\/p><\/div><\/a><\/div>\n<\/div>\n\n\n\n<div class=\"wp-block-uagb-container uagb-block-7c51201a\"><style>.wp-block-kadence-column.kb-section-dir-horizontal > .kt-inside-inner-col > #kt-info-box_bf9f9b-12 .kt-blocks-info-box-link-wrap{max-width:unset;}#kt-info-box_bf9f9b-12 .kt-blocks-info-box-link-wrap{background:rgba(0, 0, 0, 0);padding-top:var(--global-kb-spacing-xs, 1rem);padding-right:var(--global-kb-spacing-xs, 1rem);padding-bottom:var(--global-kb-spacing-xs, 1rem);padding-left:var(--global-kb-spacing-xs, 1rem);}#kt-info-box_bf9f9b-12 .kt-blocks-info-box-link-wrap:hover{background:rgba(0, 0, 0, 0);}#kt-info-box_bf9f9b-12.wp-block-kadence-infobox{max-width:100%;}#kt-info-box_bf9f9b-12 .kadence-info-box-image-inner-intrisic-container{max-width:200px;}#kt-info-box_bf9f9b-12 .kadence-info-box-image-inner-intrisic-container .kadence-info-box-image-intrisic{padding-bottom:95.082%;width:305px;height:0px;max-width:100%;}#kt-info-box_bf9f9b-12 .kadence-info-box-icon-container .kt-info-svg-icon, #kt-info-box_bf9f9b-12 .kt-info-svg-icon-flip, #kt-info-box_bf9f9b-12 .kt-blocks-info-box-number{font-size:50px;}#kt-info-box_bf9f9b-12 .kt-blocks-info-box-media{color:#444444;background:transparent;border-color:#444444;border-radius:200px;overflow:hidden;border-top-width:0px;border-right-width:0px;border-bottom-width:0px;border-left-width:0px;padding-top:10px;padding-right:10px;padding-bottom:10px;padding-left:10px;}#kt-info-box_bf9f9b-12 .kt-blocks-info-box-media-container{margin-top:0px;margin-right:15px;margin-bottom:0px;margin-left:15px;}#kt-info-box_bf9f9b-12 .kt-blocks-info-box-media .kadence-info-box-image-intrisic img{border-radius:200px;}#kt-info-box_bf9f9b-12 .kt-blocks-info-box-link-wrap:hover .kt-blocks-info-box-media{color:#444444;background:transparent;border-color:#444444;}#kt-info-box_bf9f9b-12 .kt-infobox-textcontent h3.kt-blocks-info-box-title{color:var(--global-palette5, #4A5568);line-height:1em;padding-top:0px;padding-right:0px;padding-bottom:0px;padding-left:0px;margin-top:5px;margin-right:0px;margin-bottom:10px;margin-left:0px;}#kt-info-box_bf9f9b-12 .kt-blocks-info-box-link-wrap:hover h3.kt-blocks-info-box-title{color:var(--global-palette5, #4A5568);}#kt-info-box_bf9f9b-12 .kt-blocks-info-box-learnmore{background:transparent;border-width:0px 0px 0px 0px;padding-top:4px;padding-right:8px;padding-bottom:4px;padding-left:8px;margin-top:10px;margin-right:0px;margin-bottom:10px;margin-left:0px;}<\/style>\n<div id=\"kt-info-box_bf9f9b-12\" class=\"wp-block-kadence-infobox\"><a class=\"kt-blocks-info-box-link-wrap info-box-link kt-blocks-info-box-media-align-top kt-info-halign-center\" target=\"_blank\" rel=\"noopener noreferrer\" href=\"https:\/\/www.ugr.es\/personal\/juan-antonio-marchal-corrales\"><div class=\"kt-blocks-info-box-media-container\"><div class=\"kt-blocks-info-box-media kt-info-media-animate-grayscale\"><div class=\"kadence-info-box-image-inner-intrisic-container\"><div class=\"kadence-info-box-image-intrisic kt-info-animate-grayscale\"><div class=\"kadence-info-box-image-inner-intrisic\"><img loading=\"lazy\" decoding=\"async\" src=\"https:\/\/medeng.es\/wp-content\/uploads\/sites\/16\/2023\/01\/juan-antonio-marchal.jpg\" alt=\"Equipo docente M\u00e1ster Ingenier\u00eda M\u00e9dica\" width=\"305\" height=\"290\" class=\"kt-info-box-image wp-image-417\" srcset=\"https:\/\/eventos.ugr.es\/medeng\/wp-content\/uploads\/sites\/16\/2023\/01\/juan-antonio-marchal.jpg 305w, https:\/\/eventos.ugr.es\/medeng\/wp-content\/uploads\/sites\/16\/2023\/01\/juan-antonio-marchal-300x285.jpg 300w\" sizes=\"auto, (max-width: 305px) 100vw, 305px\" \/><\/div><\/div><\/div><\/div><\/div><div class=\"kt-infobox-textcontent\"><h3 class=\"kt-blocks-info-box-title\"><strong>Juan Antonio Marchal<\/strong><br\/>Coordinador<\/h3><p class=\"kt-blocks-info-box-text\">Dpto. Anatom\u00eda y Embriolog\u00eda Humana<\/p><\/div><\/a><\/div>\n<\/div>\n\n\n\n<div class=\"wp-block-uagb-container uagb-block-25d81bd6\"><style>.wp-block-kadence-column.kb-section-dir-horizontal > .kt-inside-inner-col > #kt-info-box_8c0ea9-be .kt-blocks-info-box-link-wrap{max-width:unset;}#kt-info-box_8c0ea9-be .kt-blocks-info-box-link-wrap{background:rgba(0, 0, 0, 0);padding-top:var(--global-kb-spacing-xs, 1rem);padding-right:var(--global-kb-spacing-xs, 1rem);padding-bottom:var(--global-kb-spacing-xs, 1rem);padding-left:var(--global-kb-spacing-xs, 1rem);}#kt-info-box_8c0ea9-be .kt-blocks-info-box-link-wrap:hover{background:rgba(0, 0, 0, 0);}#kt-info-box_8c0ea9-be.wp-block-kadence-infobox{max-width:100%;}#kt-info-box_8c0ea9-be .kadence-info-box-image-inner-intrisic-container{max-width:200px;}#kt-info-box_8c0ea9-be .kadence-info-box-image-inner-intrisic-container .kadence-info-box-image-intrisic{padding-bottom:95.082%;width:305px;height:0px;max-width:100%;}#kt-info-box_8c0ea9-be .kadence-info-box-icon-container .kt-info-svg-icon, #kt-info-box_8c0ea9-be .kt-info-svg-icon-flip, #kt-info-box_8c0ea9-be .kt-blocks-info-box-number{font-size:50px;}#kt-info-box_8c0ea9-be .kt-blocks-info-box-media{color:#444444;background:transparent;border-color:#444444;border-radius:200px;overflow:hidden;border-top-width:0px;border-right-width:0px;border-bottom-width:0px;border-left-width:0px;padding-top:10px;padding-right:10px;padding-bottom:10px;padding-left:10px;}#kt-info-box_8c0ea9-be .kt-blocks-info-box-media-container{margin-top:0px;margin-right:15px;margin-bottom:0px;margin-left:15px;}#kt-info-box_8c0ea9-be .kt-blocks-info-box-media .kadence-info-box-image-intrisic img{border-radius:200px;}#kt-info-box_8c0ea9-be .kt-blocks-info-box-link-wrap:hover .kt-blocks-info-box-media{color:#444444;background:transparent;border-color:#444444;}#kt-info-box_8c0ea9-be .kt-infobox-textcontent h3.kt-blocks-info-box-title{color:var(--global-palette5, #4A5568);line-height:1em;padding-top:0px;padding-right:0px;padding-bottom:0px;padding-left:0px;margin-top:5px;margin-right:0px;margin-bottom:10px;margin-left:0px;}#kt-info-box_8c0ea9-be .kt-blocks-info-box-link-wrap:hover h3.kt-blocks-info-box-title{color:var(--global-palette5, #4A5568);}#kt-info-box_8c0ea9-be .kt-blocks-info-box-learnmore{background:transparent;border-width:0px 0px 0px 0px;padding-top:4px;padding-right:8px;padding-bottom:4px;padding-left:8px;margin-top:10px;margin-right:0px;margin-bottom:10px;margin-left:0px;}<\/style>\n<div id=\"kt-info-box_8c0ea9-be\" class=\"wp-block-kadence-infobox\"><a class=\"kt-blocks-info-box-link-wrap info-box-link kt-blocks-info-box-media-align-top kt-info-halign-center\" target=\"_blank\" rel=\"noopener noreferrer\" href=\"https:\/\/www.ugr.es\/personal\/jesus-carlos-martinez-bazan\"><div class=\"kt-blocks-info-box-media-container\"><div class=\"kt-blocks-info-box-media kt-info-media-animate-grayscale\"><div class=\"kadence-info-box-image-inner-intrisic-container\"><div class=\"kadence-info-box-image-intrisic kt-info-animate-grayscale\"><div class=\"kadence-info-box-image-inner-intrisic\"><img loading=\"lazy\" decoding=\"async\" src=\"https:\/\/medeng.es\/wp-content\/uploads\/sites\/16\/2023\/01\/carlos-martinez-bazan.jpg\" alt=\"Equipo docente M\u00e1ster Ingenier\u00eda M\u00e9dica\" width=\"305\" height=\"290\" class=\"kt-info-box-image wp-image-415\" srcset=\"https:\/\/eventos.ugr.es\/medeng\/wp-content\/uploads\/sites\/16\/2023\/01\/carlos-martinez-bazan.jpg 305w, https:\/\/eventos.ugr.es\/medeng\/wp-content\/uploads\/sites\/16\/2023\/01\/carlos-martinez-bazan-300x285.jpg 300w\" sizes=\"auto, (max-width: 305px) 100vw, 305px\" \/><\/div><\/div><\/div><\/div><\/div><div class=\"kt-infobox-textcontent\"><h3 class=\"kt-blocks-info-box-title\"><strong>Carlos Mart\u00ednez Baz\u00e1n<\/strong><br\/>Coordinador<\/h3><p class=\"kt-blocks-info-box-text\">Dpto. Mec\u00e1nica de Estructuras e<br\/>Ingenier\u00eda Hidr\u00e1ulica<\/p><\/div><\/a><\/div>\n<\/div>\n<\/div>\n","protected":false},"excerpt":{"rendered":"<p>El profesorado del M\u00e1ster de Formaci\u00f3n Permanente en Ingenier\u00eda M\u00e9dica MedEng est\u00e1 altamente cualificado y posee una amplia experiencia en el sector de la investigaci\u00f3n y la docencia. \u00bfQuieres saber qui\u00e9nes ser\u00e1n los profesionales encargados de tu formaci\u00f3n? A continuaci\u00f3n, os presentamos al equipo docente y promotor del M\u00e1ster. \u00a1Accede aqu\u00ed al listado completo de&#8230;<\/p>\n","protected":false},"author":1,"featured_media":0,"parent":0,"menu_order":0,"comment_status":"closed","ping_status":"open","template":"","meta":{"_uag_custom_page_level_css":"","_kad_post_transparent":"","_kad_post_title":"show","_kad_post_layout":"normal","_kad_post_sidebar_id":"","_kad_post_content_style":"unboxed","_kad_post_vertical_padding":"show","_kad_post_feature":"","_kad_post_feature_position":"","_kad_post_header":false,"_kad_post_footer":false,"footnotes":""},"folder":[],"class_list":["post-404","page","type-page","status-publish","hentry"],"yoast_head":"<!-- This site is optimized with the Yoast SEO plugin v25.5 - https:\/\/yoast.com\/wordpress\/plugins\/seo\/ -->\n<title>Profesorado del M\u00e1ster en Ingenier\u00eda M\u00e9dica<\/title>\n<meta name=\"description\" content=\"Conoce al profesorado del M\u00e1ster de Ingenier\u00eda M\u00e9dica MedEng - Universidad de Granada. Formaci\u00f3n con los docentes mejor cualificados.\" \/>\n<meta name=\"robots\" content=\"noindex, follow, max-snippet:-1, max-image-preview:large, max-video-preview:-1\" \/>\n<meta property=\"og:locale\" content=\"es_ES\" \/>\n<meta property=\"og:type\" content=\"article\" \/>\n<meta property=\"og:title\" content=\"Profesorado del M\u00e1ster en Ingenier\u00eda M\u00e9dica\" \/>\n<meta property=\"og:description\" content=\"Conoce al profesorado del M\u00e1ster de Ingenier\u00eda M\u00e9dica MedEng - Universidad de Granada. Formaci\u00f3n con los docentes mejor cualificados.\" \/>\n<meta property=\"og:url\" content=\"https:\/\/eventos.ugr.es\/medeng\/profesorado\/\" \/>\n<meta property=\"og:site_name\" content=\"M\u00e1ster en Ingenier\u00eda M\u00e9dica\" \/>\n<meta property=\"article:modified_time\" content=\"2024-04-16T11:43:01+00:00\" \/>\n<meta property=\"og:image\" content=\"https:\/\/medeng.es\/wp-content\/uploads\/sites\/16\/2023\/01\/guillermo-rus.jpg\" \/>\n<meta name=\"twitter:card\" content=\"summary_large_image\" \/>\n<meta name=\"twitter:label1\" content=\"Tiempo de lectura\" \/>\n\t<meta name=\"twitter:data1\" content=\"2 minutos\" \/>\n<script type=\"application\/ld+json\" class=\"yoast-schema-graph\">{\"@context\":\"https:\/\/schema.org\",\"@graph\":[{\"@type\":\"WebPage\",\"@id\":\"https:\/\/eventos.ugr.es\/medeng\/profesorado\/\",\"url\":\"https:\/\/eventos.ugr.es\/medeng\/profesorado\/\",\"name\":\"Profesorado del M\u00e1ster en Ingenier\u00eda M\u00e9dica\",\"isPartOf\":{\"@id\":\"https:\/\/eventos.ugr.es\/medeng\/#website\"},\"primaryImageOfPage\":{\"@id\":\"https:\/\/eventos.ugr.es\/medeng\/profesorado\/#primaryimage\"},\"image\":{\"@id\":\"https:\/\/eventos.ugr.es\/medeng\/profesorado\/#primaryimage\"},\"thumbnailUrl\":\"https:\/\/medeng.es\/wp-content\/uploads\/sites\/16\/2023\/01\/guillermo-rus.jpg\",\"datePublished\":\"2023-01-16T12:51:19+00:00\",\"dateModified\":\"2024-04-16T11:43:01+00:00\",\"description\":\"Conoce al profesorado del M\u00e1ster de Ingenier\u00eda M\u00e9dica MedEng - Universidad de Granada. Formaci\u00f3n con los docentes mejor cualificados.\",\"breadcrumb\":{\"@id\":\"https:\/\/eventos.ugr.es\/medeng\/profesorado\/#breadcrumb\"},\"inLanguage\":\"es\",\"potentialAction\":[{\"@type\":\"ReadAction\",\"target\":[\"https:\/\/eventos.ugr.es\/medeng\/profesorado\/\"]}]},{\"@type\":\"ImageObject\",\"inLanguage\":\"es\",\"@id\":\"https:\/\/eventos.ugr.es\/medeng\/profesorado\/#primaryimage\",\"url\":\"https:\/\/medeng.es\/wp-content\/uploads\/sites\/16\/2023\/01\/guillermo-rus.jpg\",\"contentUrl\":\"https:\/\/medeng.es\/wp-content\/uploads\/sites\/16\/2023\/01\/guillermo-rus.jpg\"},{\"@type\":\"BreadcrumbList\",\"@id\":\"https:\/\/eventos.ugr.es\/medeng\/profesorado\/#breadcrumb\",\"itemListElement\":[{\"@type\":\"ListItem\",\"position\":1,\"name\":\"Portada\",\"item\":\"https:\/\/eventos.ugr.es\/medeng\/\"},{\"@type\":\"ListItem\",\"position\":2,\"name\":\"Profesorado del M\u00e1ster en Ingenier\u00eda M\u00e9dica\"}]},{\"@type\":\"WebSite\",\"@id\":\"https:\/\/eventos.ugr.es\/medeng\/#website\",\"url\":\"https:\/\/eventos.ugr.es\/medeng\/\",\"name\":\"M\u00e1ster en Ingenier\u00eda M\u00e9dica\",\"description\":\"\",\"publisher\":{\"@id\":\"https:\/\/eventos.ugr.es\/medeng\/#organization\"},\"potentialAction\":[{\"@type\":\"SearchAction\",\"target\":{\"@type\":\"EntryPoint\",\"urlTemplate\":\"https:\/\/eventos.ugr.es\/medeng\/?s={search_term_string}\"},\"query-input\":{\"@type\":\"PropertyValueSpecification\",\"valueRequired\":true,\"valueName\":\"search_term_string\"}}],\"inLanguage\":\"es\"},{\"@type\":\"Organization\",\"@id\":\"https:\/\/eventos.ugr.es\/medeng\/#organization\",\"name\":\"M\u00e1ster en Ingenier\u00eda M\u00e9dica\",\"url\":\"https:\/\/eventos.ugr.es\/medeng\/\",\"logo\":{\"@type\":\"ImageObject\",\"inLanguage\":\"es\",\"@id\":\"https:\/\/eventos.ugr.es\/medeng\/#\/schema\/logo\/image\/\",\"url\":\"https:\/\/eventos.ugr.es\/medeng\/wp-content\/uploads\/sites\/16\/2023\/01\/logo-cabecera-horizontal.png\",\"contentUrl\":\"https:\/\/eventos.ugr.es\/medeng\/wp-content\/uploads\/sites\/16\/2023\/01\/logo-cabecera-horizontal.png\",\"width\":1197,\"height\":246,\"caption\":\"M\u00e1ster en Ingenier\u00eda M\u00e9dica\"},\"image\":{\"@id\":\"https:\/\/eventos.ugr.es\/medeng\/#\/schema\/logo\/image\/\"}}]}<\/script>\n<!-- \/ Yoast SEO plugin. -->","yoast_head_json":{"title":"Profesorado del M\u00e1ster en Ingenier\u00eda M\u00e9dica","description":"Conoce al profesorado del M\u00e1ster de Ingenier\u00eda M\u00e9dica MedEng - Universidad de Granada. Formaci\u00f3n con los docentes mejor cualificados.","robots":{"index":"noindex","follow":"follow","max-snippet":"max-snippet:-1","max-image-preview":"max-image-preview:large","max-video-preview":"max-video-preview:-1"},"og_locale":"es_ES","og_type":"article","og_title":"Profesorado del M\u00e1ster en Ingenier\u00eda M\u00e9dica","og_description":"Conoce al profesorado del M\u00e1ster de Ingenier\u00eda M\u00e9dica MedEng - Universidad de Granada. Formaci\u00f3n con los docentes mejor cualificados.","og_url":"https:\/\/eventos.ugr.es\/medeng\/profesorado\/","og_site_name":"M\u00e1ster en Ingenier\u00eda M\u00e9dica","article_modified_time":"2024-04-16T11:43:01+00:00","og_image":[{"url":"https:\/\/medeng.es\/wp-content\/uploads\/sites\/16\/2023\/01\/guillermo-rus.jpg","type":"","width":"","height":""}],"twitter_card":"summary_large_image","twitter_misc":{"Tiempo de lectura":"2 minutos"},"schema":{"@context":"https:\/\/schema.org","@graph":[{"@type":"WebPage","@id":"https:\/\/eventos.ugr.es\/medeng\/profesorado\/","url":"https:\/\/eventos.ugr.es\/medeng\/profesorado\/","name":"Profesorado del M\u00e1ster en Ingenier\u00eda M\u00e9dica","isPartOf":{"@id":"https:\/\/eventos.ugr.es\/medeng\/#website"},"primaryImageOfPage":{"@id":"https:\/\/eventos.ugr.es\/medeng\/profesorado\/#primaryimage"},"image":{"@id":"https:\/\/eventos.ugr.es\/medeng\/profesorado\/#primaryimage"},"thumbnailUrl":"https:\/\/medeng.es\/wp-content\/uploads\/sites\/16\/2023\/01\/guillermo-rus.jpg","datePublished":"2023-01-16T12:51:19+00:00","dateModified":"2024-04-16T11:43:01+00:00","description":"Conoce al profesorado del M\u00e1ster de Ingenier\u00eda M\u00e9dica MedEng - Universidad de Granada. Formaci\u00f3n con los docentes mejor cualificados.","breadcrumb":{"@id":"https:\/\/eventos.ugr.es\/medeng\/profesorado\/#breadcrumb"},"inLanguage":"es","potentialAction":[{"@type":"ReadAction","target":["https:\/\/eventos.ugr.es\/medeng\/profesorado\/"]}]},{"@type":"ImageObject","inLanguage":"es","@id":"https:\/\/eventos.ugr.es\/medeng\/profesorado\/#primaryimage","url":"https:\/\/medeng.es\/wp-content\/uploads\/sites\/16\/2023\/01\/guillermo-rus.jpg","contentUrl":"https:\/\/medeng.es\/wp-content\/uploads\/sites\/16\/2023\/01\/guillermo-rus.jpg"},{"@type":"BreadcrumbList","@id":"https:\/\/eventos.ugr.es\/medeng\/profesorado\/#breadcrumb","itemListElement":[{"@type":"ListItem","position":1,"name":"Portada","item":"https:\/\/eventos.ugr.es\/medeng\/"},{"@type":"ListItem","position":2,"name":"Profesorado del M\u00e1ster en Ingenier\u00eda M\u00e9dica"}]},{"@type":"WebSite","@id":"https:\/\/eventos.ugr.es\/medeng\/#website","url":"https:\/\/eventos.ugr.es\/medeng\/","name":"M\u00e1ster en Ingenier\u00eda M\u00e9dica","description":"","publisher":{"@id":"https:\/\/eventos.ugr.es\/medeng\/#organization"},"potentialAction":[{"@type":"SearchAction","target":{"@type":"EntryPoint","urlTemplate":"https:\/\/eventos.ugr.es\/medeng\/?s={search_term_string}"},"query-input":{"@type":"PropertyValueSpecification","valueRequired":true,"valueName":"search_term_string"}}],"inLanguage":"es"},{"@type":"Organization","@id":"https:\/\/eventos.ugr.es\/medeng\/#organization","name":"M\u00e1ster en Ingenier\u00eda M\u00e9dica","url":"https:\/\/eventos.ugr.es\/medeng\/","logo":{"@type":"ImageObject","inLanguage":"es","@id":"https:\/\/eventos.ugr.es\/medeng\/#\/schema\/logo\/image\/","url":"https:\/\/eventos.ugr.es\/medeng\/wp-content\/uploads\/sites\/16\/2023\/01\/logo-cabecera-horizontal.png","contentUrl":"https:\/\/eventos.ugr.es\/medeng\/wp-content\/uploads\/sites\/16\/2023\/01\/logo-cabecera-horizontal.png","width":1197,"height":246,"caption":"M\u00e1ster en Ingenier\u00eda M\u00e9dica"},"image":{"@id":"https:\/\/eventos.ugr.es\/medeng\/#\/schema\/logo\/image\/"}}]}},"uagb_featured_image_src":{"full":false,"thumbnail":false,"medium":false,"medium_large":false,"large":false,"1536x1536":false,"2048x2048":false},"uagb_author_info":{"display_name":"admin-clm","author_link":"https:\/\/eventos.ugr.es\/medeng\/author\/admin-clm\/"},"uagb_comment_info":0,"uagb_excerpt":"El profesorado del M\u00e1ster de Formaci\u00f3n Permanente en Ingenier\u00eda M\u00e9dica MedEng est\u00e1 altamente cualificado y posee una amplia experiencia en el sector de la investigaci\u00f3n y la docencia. \u00bfQuieres saber qui\u00e9nes ser\u00e1n los profesionales encargados de tu formaci\u00f3n? A continuaci\u00f3n, os presentamos al equipo docente y promotor del M\u00e1ster. \u00a1Accede aqu\u00ed al listado completo de...","_links":{"self":[{"href":"https:\/\/eventos.ugr.es\/medeng\/wp-json\/wp\/v2\/pages\/404","targetHints":{"allow":["GET"]}}],"collection":[{"href":"https:\/\/eventos.ugr.es\/medeng\/wp-json\/wp\/v2\/pages"}],"about":[{"href":"https:\/\/eventos.ugr.es\/medeng\/wp-json\/wp\/v2\/types\/page"}],"author":[{"embeddable":true,"href":"https:\/\/eventos.ugr.es\/medeng\/wp-json\/wp\/v2\/users\/1"}],"replies":[{"embeddable":true,"href":"https:\/\/eventos.ugr.es\/medeng\/wp-json\/wp\/v2\/comments?post=404"}],"version-history":[{"count":37,"href":"https:\/\/eventos.ugr.es\/medeng\/wp-json\/wp\/v2\/pages\/404\/revisions"}],"predecessor-version":[{"id":17750,"href":"https:\/\/eventos.ugr.es\/medeng\/wp-json\/wp\/v2\/pages\/404\/revisions\/17750"}],"wp:attachment":[{"href":"https:\/\/eventos.ugr.es\/medeng\/wp-json\/wp\/v2\/media?parent=404"}],"wp:term":[{"taxonomy":"folder","embeddable":true,"href":"https:\/\/eventos.ugr.es\/medeng\/wp-json\/wp\/v2\/folder?post=404"}],"curies":[{"name":"wp","href":"https:\/\/api.w.org\/{rel}","templated":true}]}}