{"id":407,"date":"2023-01-16T12:52:09","date_gmt":"2023-01-16T12:52:09","guid":{"rendered":"https:\/\/eventos.ugr.es\/medeng\/?page_id=407"},"modified":"2024-11-07T10:29:13","modified_gmt":"2024-11-07T10:29:13","slug":"matricula","status":"publish","type":"page","link":"https:\/\/eventos.ugr.es\/medeng\/matricula\/","title":{"rendered":"Matr\u00edcula"},"content":{"rendered":"\n<h5 class=\"wp-block-heading has-text-align-center\"><strong>Plazo de inscripci\u00f3n: <\/strong>Del 29 de abril al 9 de octubre de 2024<\/h5>\n\n\n\n<div style=\"height:10px\" aria-hidden=\"true\" class=\"wp-block-spacer\"><\/div>\n\n\n\n<div class=\"wp-block-buttons is-content-justification-center is-layout-flex wp-container-core-buttons-is-layout-16018d1d wp-block-buttons-is-layout-flex\">\n<div class=\"wp-block-button\"><a class=\"wp-block-button__link wp-element-button\">INSCRIPCI\u00d3N CERRADA<\/a><\/div>\n<\/div>\n\n\n\n<h4 class=\"wp-block-heading\">Requisitos de acceso<\/h4>\n\n\n\n<p>Este M\u00e1ster est\u00e1 especialmente dirigido a titulados licenciados y graduados en: Medicina, Biolog\u00eda, Bioqu\u00edmica, Biotecnolog\u00eda, Farmacia, Biomedicina, Ingenier\u00eda Biom\u00e9dica y de la Salud, Fisioterapia, Enfermer\u00eda, F\u00edsica y Matem\u00e1ticas. Ingenier\u00edas: Inform\u00e1tica, Telecomunicaciones, Industrial, Rob\u00f3tica, Civil, Qu\u00edmica, Electr\u00f3nica, Mec\u00e1nica, de Materiales, de Caminos, Canales y Puertos, y titulaciones afines.<\/p>\n\n\n\n<p><strong>Ingl\u00e9s:<\/strong> Se exigir\u00e1 en el proceso de admisi\u00f3n un nivel B1 o equivalente de ingl\u00e9s demostrable (como m\u00ednimo): IELTS, TOEFL, Aptis, CAE, CEQ&#8230;<\/p>\n\n\n\n<p>La matr\u00edcula en el M\u00e1ster de Formaci\u00f3n Permanente en Ingenier\u00eda M\u00e9dica se llevar\u00e1 a cabo a trav\u00e9s de la p\u00e1gina oficial de la <a href=\"https:\/\/medeng.es\/contacto\/\">Escuela Internacional de Posgrado de la Universidad de Granada<\/a>. Las plazas para este programa de estudios son limitadas y se asignar\u00e1n por orden de matr\u00edcula.<\/p>\n\n\n\n\n\n\n\n<div class=\"wp-block-uagb-container uagb-block-50b6c13e alignwide uagb-is-root-container\">\n<div class=\"wp-block-uagb-container uagb-block-797369d5\">\n<p class=\"has-theme-palette-2-color has-text-color has-medium-font-size\" style=\"line-height:1.1\"><\/p>\n<\/div>\n\n\n\n<div class=\"wp-block-uagb-container uagb-block-36fe149b\">\n<div class=\"wp-block-contact-form-7-contact-form-selector\">\n<div class=\"wpcf7 no-js\" id=\"wpcf7-f28-o1\" lang=\"es-ES\" dir=\"ltr\" data-wpcf7-id=\"28\">\n<div class=\"screen-reader-response\"><p role=\"status\" aria-live=\"polite\" aria-atomic=\"true\"><\/p> <ul><\/ul><\/div>\n<form action=\"\/medeng\/wp-json\/wp\/v2\/pages\/407#wpcf7-f28-o1\" method=\"post\" class=\"wpcf7-form init\" aria-label=\"Formulario de contacto\" novalidate=\"novalidate\" data-status=\"init\">\n<fieldset class=\"hidden-fields-container\"><input type=\"hidden\" name=\"_wpcf7\" value=\"28\" \/><input type=\"hidden\" name=\"_wpcf7_version\" value=\"6.1\" \/><input type=\"hidden\" name=\"_wpcf7_locale\" value=\"es_ES\" \/><input type=\"hidden\" name=\"_wpcf7_unit_tag\" value=\"wpcf7-f28-o1\" \/><input type=\"hidden\" name=\"_wpcf7_container_post\" value=\"0\" \/><input type=\"hidden\" name=\"_wpcf7_posted_data_hash\" value=\"\" \/>\n<\/fieldset>\n<div class=\"formulario-medeng-v2\">\n\t<div class=\"cabecera-formulario\">\n\t\t<p>\u00a1QUIERO M\u00c1S INFORMACI\u00d3N!\n\t\t<\/p>\n\t<\/div>\n\t<div class=\"form-field\">\n\t\t<p><label> Nombre<\/label><span class=\"wpcf7-form-control-wrap\" data-name=\"your-name\"><input size=\"40\" maxlength=\"400\" class=\"wpcf7-form-control wpcf7-text wpcf7-validates-as-required\" autocomplete=\"name\" aria-required=\"true\" aria-invalid=\"false\" value=\"\" type=\"text\" name=\"your-name\" \/><\/span>\n\t\t<\/p>\n\t<\/div>\n\t<div class=\"form-field\">\n\t\t<p><label>Email<\/label><span class=\"wpcf7-form-control-wrap\" data-name=\"your-email\"><input size=\"40\" maxlength=\"400\" class=\"wpcf7-form-control wpcf7-email wpcf7-validates-as-required wpcf7-text wpcf7-validates-as-email\" autocomplete=\"email\" aria-required=\"true\" aria-invalid=\"false\" value=\"\" type=\"email\" name=\"your-email\" \/><\/span>\n\t\t<\/p>\n\t<\/div>\n\t<div class=\"form-field\">\n\t\t<p><label>Tel\u00e9fono<\/label><span class=\"wpcf7-form-control-wrap\" data-name=\"telefono\"><input size=\"40\" maxlength=\"400\" class=\"wpcf7-form-control wpcf7-tel wpcf7-validates-as-required wpcf7-text wpcf7-validates-as-tel\" aria-required=\"true\" aria-invalid=\"false\" value=\"\" type=\"tel\" name=\"telefono\" \/><\/span>\n\t\t<\/p>\n\t<\/div>\n\t<div class=\"caja-aceptacion\">\n\t\t<p><span class=\"wpcf7-form-control-wrap\" data-name=\"acepto-politica-privacidad\"><span class=\"wpcf7-form-control wpcf7-acceptance\"><span class=\"wpcf7-list-item\"><label><input type=\"checkbox\" name=\"acepto-politica-privacidad\" value=\"1\" aria-invalid=\"false\" \/><span class=\"wpcf7-list-item-label\">&nbsp;<\/span><\/label><\/span><\/span><\/span><a class=\"enlace-aceptacion-proteccion\" href=\"https:\/\/eventos.ugr.es\/aviso-legal\" target=\"_blank\">Acepto el Aviso legal y la GRPD<\/a>\n\t\t<\/p>\n\t<\/div>\n\t<div class=\"caja-enviar\">\n\t\t<p><input class=\"wpcf7-form-control wpcf7-submit has-spinner\" type=\"submit\" value=\"M\u00e1s informaci\u00f3n\" \/>\n\t\t<\/p>\n\t<\/div>\n<div class=\"wpcf7-response-output\" aria-hidden=\"true\"><\/div>\n<\/div><p style=\"display: none !important;\" class=\"akismet-fields-container\" data-prefix=\"_wpcf7_ak_\"><label>&#916;<textarea name=\"_wpcf7_ak_hp_textarea\" cols=\"45\" rows=\"8\" maxlength=\"100\"><\/textarea><\/label><input type=\"hidden\" id=\"ak_js_1\" name=\"_wpcf7_ak_js\" value=\"229\"\/><script>document.getElementById( \"ak_js_1\" ).setAttribute( \"value\", ( new Date() ).getTime() );<\/script><\/p>\n<\/form>\n<\/div>\n<\/div>\n<\/div>\n<\/div>\n\n\n\n<p class=\"has-theme-palette-8-color has-text-color has-small-font-size\">Se trata de una formaci\u00f3n ideal para profesionales del sector m\u00e9dico que quieren o necesitan especializarse en el \u00e1mbito de la ingenier\u00eda m\u00e9dica, o viceversa.<br>Las clases pr\u00e1cticas y el m\u00f3dulo de pr\u00e1cticas en empresas hacen de este m\u00e1ster un programa que marca la diferencia en el sector de la educaci\u00f3n y la especializaci\u00f3n. <\/p>\n","protected":false},"excerpt":{"rendered":"<p>Plazo de inscripci\u00f3n: Del 29 de abril al 9 de octubre de 2024 Requisitos de acceso Este M\u00e1ster est\u00e1 especialmente dirigido a titulados licenciados y graduados en: Medicina, Biolog\u00eda, Bioqu\u00edmica, Biotecnolog\u00eda, Farmacia, Biomedicina, Ingenier\u00eda Biom\u00e9dica y de la Salud, Fisioterapia, Enfermer\u00eda, F\u00edsica y Matem\u00e1ticas. Ingenier\u00edas: Inform\u00e1tica, Telecomunicaciones, Industrial, Rob\u00f3tica, Civil, Qu\u00edmica, Electr\u00f3nica, Mec\u00e1nica, de Materiales,&#8230;<\/p>\n","protected":false},"author":1,"featured_media":0,"parent":0,"menu_order":0,"comment_status":"closed","ping_status":"open","template":"","meta":{"_uag_custom_page_level_css":"","_kad_post_transparent":"","_kad_post_title":"show","_kad_post_layout":"normal","_kad_post_sidebar_id":"","_kad_post_content_style":"unboxed","_kad_post_vertical_padding":"show","_kad_post_feature":"","_kad_post_feature_position":"","_kad_post_header":false,"_kad_post_footer":false,"footnotes":""},"folder":[],"class_list":["post-407","page","type-page","status-publish","hentry"],"yoast_head":"<!-- This site is optimized with the Yoast SEO plugin v25.5 - https:\/\/yoast.com\/wordpress\/plugins\/seo\/ -->\n<title>Matr\u00edcula en el de M\u00e1ster Ingenier\u00eda M\u00e9dica- \u00a1Plazas limitadas!<\/title>\n<meta name=\"description\" content=\"Abierta la matr\u00edcula en el M\u00e1ster en Ingenier\u00eda M\u00e9dica MedEng. Especial\u00edzate en el sector que demanda nuevos profesionales m\u00e9dicos.\" \/>\n<meta name=\"robots\" content=\"noindex, follow, max-snippet:-1, max-image-preview:large, max-video-preview:-1\" \/>\n<meta property=\"og:locale\" content=\"es_ES\" \/>\n<meta property=\"og:type\" content=\"article\" \/>\n<meta property=\"og:title\" content=\"Matr\u00edcula en el de M\u00e1ster Ingenier\u00eda M\u00e9dica- \u00a1Plazas limitadas!\" \/>\n<meta property=\"og:description\" content=\"Abierta la matr\u00edcula en el M\u00e1ster en Ingenier\u00eda M\u00e9dica MedEng. Especial\u00edzate en el sector que demanda nuevos profesionales m\u00e9dicos.\" \/>\n<meta property=\"og:url\" content=\"https:\/\/eventos.ugr.es\/medeng\/matricula\/\" \/>\n<meta property=\"og:site_name\" content=\"M\u00e1ster en Ingenier\u00eda M\u00e9dica\" \/>\n<meta property=\"article:modified_time\" content=\"2024-11-07T10:29:13+00:00\" \/>\n<meta name=\"twitter:card\" content=\"summary_large_image\" \/>\n<meta name=\"twitter:label1\" content=\"Tiempo de lectura\" \/>\n\t<meta name=\"twitter:data1\" content=\"2 minutos\" \/>\n<script type=\"application\/ld+json\" class=\"yoast-schema-graph\">{\"@context\":\"https:\/\/schema.org\",\"@graph\":[{\"@type\":\"WebPage\",\"@id\":\"https:\/\/eventos.ugr.es\/medeng\/matricula\/\",\"url\":\"https:\/\/eventos.ugr.es\/medeng\/matricula\/\",\"name\":\"Matr\u00edcula en el de M\u00e1ster Ingenier\u00eda M\u00e9dica- \u00a1Plazas limitadas!\",\"isPartOf\":{\"@id\":\"https:\/\/eventos.ugr.es\/medeng\/#website\"},\"datePublished\":\"2023-01-16T12:52:09+00:00\",\"dateModified\":\"2024-11-07T10:29:13+00:00\",\"description\":\"Abierta la matr\u00edcula en el M\u00e1ster en Ingenier\u00eda M\u00e9dica MedEng. Especial\u00edzate en el sector que demanda nuevos profesionales m\u00e9dicos.\",\"breadcrumb\":{\"@id\":\"https:\/\/eventos.ugr.es\/medeng\/matricula\/#breadcrumb\"},\"inLanguage\":\"es\",\"potentialAction\":[{\"@type\":\"ReadAction\",\"target\":[\"https:\/\/eventos.ugr.es\/medeng\/matricula\/\"]}]},{\"@type\":\"BreadcrumbList\",\"@id\":\"https:\/\/eventos.ugr.es\/medeng\/matricula\/#breadcrumb\",\"itemListElement\":[{\"@type\":\"ListItem\",\"position\":1,\"name\":\"Portada\",\"item\":\"https:\/\/eventos.ugr.es\/medeng\/\"},{\"@type\":\"ListItem\",\"position\":2,\"name\":\"Matr\u00edcula\"}]},{\"@type\":\"WebSite\",\"@id\":\"https:\/\/eventos.ugr.es\/medeng\/#website\",\"url\":\"https:\/\/eventos.ugr.es\/medeng\/\",\"name\":\"M\u00e1ster en Ingenier\u00eda M\u00e9dica\",\"description\":\"\",\"publisher\":{\"@id\":\"https:\/\/eventos.ugr.es\/medeng\/#organization\"},\"potentialAction\":[{\"@type\":\"SearchAction\",\"target\":{\"@type\":\"EntryPoint\",\"urlTemplate\":\"https:\/\/eventos.ugr.es\/medeng\/?s={search_term_string}\"},\"query-input\":{\"@type\":\"PropertyValueSpecification\",\"valueRequired\":true,\"valueName\":\"search_term_string\"}}],\"inLanguage\":\"es\"},{\"@type\":\"Organization\",\"@id\":\"https:\/\/eventos.ugr.es\/medeng\/#organization\",\"name\":\"M\u00e1ster en Ingenier\u00eda M\u00e9dica\",\"url\":\"https:\/\/eventos.ugr.es\/medeng\/\",\"logo\":{\"@type\":\"ImageObject\",\"inLanguage\":\"es\",\"@id\":\"https:\/\/eventos.ugr.es\/medeng\/#\/schema\/logo\/image\/\",\"url\":\"https:\/\/eventos.ugr.es\/medeng\/wp-content\/uploads\/sites\/16\/2023\/01\/logo-cabecera-horizontal.png\",\"contentUrl\":\"https:\/\/eventos.ugr.es\/medeng\/wp-content\/uploads\/sites\/16\/2023\/01\/logo-cabecera-horizontal.png\",\"width\":1197,\"height\":246,\"caption\":\"M\u00e1ster en Ingenier\u00eda M\u00e9dica\"},\"image\":{\"@id\":\"https:\/\/eventos.ugr.es\/medeng\/#\/schema\/logo\/image\/\"}}]}<\/script>\n<!-- \/ Yoast SEO plugin. -->","yoast_head_json":{"title":"Matr\u00edcula en el de M\u00e1ster Ingenier\u00eda M\u00e9dica- \u00a1Plazas limitadas!","description":"Abierta la matr\u00edcula en el M\u00e1ster en Ingenier\u00eda M\u00e9dica MedEng. Especial\u00edzate en el sector que demanda nuevos profesionales m\u00e9dicos.","robots":{"index":"noindex","follow":"follow","max-snippet":"max-snippet:-1","max-image-preview":"max-image-preview:large","max-video-preview":"max-video-preview:-1"},"og_locale":"es_ES","og_type":"article","og_title":"Matr\u00edcula en el de M\u00e1ster Ingenier\u00eda M\u00e9dica- \u00a1Plazas limitadas!","og_description":"Abierta la matr\u00edcula en el M\u00e1ster en Ingenier\u00eda M\u00e9dica MedEng. Especial\u00edzate en el sector que demanda nuevos profesionales m\u00e9dicos.","og_url":"https:\/\/eventos.ugr.es\/medeng\/matricula\/","og_site_name":"M\u00e1ster en Ingenier\u00eda M\u00e9dica","article_modified_time":"2024-11-07T10:29:13+00:00","twitter_card":"summary_large_image","twitter_misc":{"Tiempo de lectura":"2 minutos"},"schema":{"@context":"https:\/\/schema.org","@graph":[{"@type":"WebPage","@id":"https:\/\/eventos.ugr.es\/medeng\/matricula\/","url":"https:\/\/eventos.ugr.es\/medeng\/matricula\/","name":"Matr\u00edcula en el de M\u00e1ster Ingenier\u00eda M\u00e9dica- \u00a1Plazas limitadas!","isPartOf":{"@id":"https:\/\/eventos.ugr.es\/medeng\/#website"},"datePublished":"2023-01-16T12:52:09+00:00","dateModified":"2024-11-07T10:29:13+00:00","description":"Abierta la matr\u00edcula en el M\u00e1ster en Ingenier\u00eda M\u00e9dica MedEng. Especial\u00edzate en el sector que demanda nuevos profesionales m\u00e9dicos.","breadcrumb":{"@id":"https:\/\/eventos.ugr.es\/medeng\/matricula\/#breadcrumb"},"inLanguage":"es","potentialAction":[{"@type":"ReadAction","target":["https:\/\/eventos.ugr.es\/medeng\/matricula\/"]}]},{"@type":"BreadcrumbList","@id":"https:\/\/eventos.ugr.es\/medeng\/matricula\/#breadcrumb","itemListElement":[{"@type":"ListItem","position":1,"name":"Portada","item":"https:\/\/eventos.ugr.es\/medeng\/"},{"@type":"ListItem","position":2,"name":"Matr\u00edcula"}]},{"@type":"WebSite","@id":"https:\/\/eventos.ugr.es\/medeng\/#website","url":"https:\/\/eventos.ugr.es\/medeng\/","name":"M\u00e1ster en Ingenier\u00eda M\u00e9dica","description":"","publisher":{"@id":"https:\/\/eventos.ugr.es\/medeng\/#organization"},"potentialAction":[{"@type":"SearchAction","target":{"@type":"EntryPoint","urlTemplate":"https:\/\/eventos.ugr.es\/medeng\/?s={search_term_string}"},"query-input":{"@type":"PropertyValueSpecification","valueRequired":true,"valueName":"search_term_string"}}],"inLanguage":"es"},{"@type":"Organization","@id":"https:\/\/eventos.ugr.es\/medeng\/#organization","name":"M\u00e1ster en Ingenier\u00eda M\u00e9dica","url":"https:\/\/eventos.ugr.es\/medeng\/","logo":{"@type":"ImageObject","inLanguage":"es","@id":"https:\/\/eventos.ugr.es\/medeng\/#\/schema\/logo\/image\/","url":"https:\/\/eventos.ugr.es\/medeng\/wp-content\/uploads\/sites\/16\/2023\/01\/logo-cabecera-horizontal.png","contentUrl":"https:\/\/eventos.ugr.es\/medeng\/wp-content\/uploads\/sites\/16\/2023\/01\/logo-cabecera-horizontal.png","width":1197,"height":246,"caption":"M\u00e1ster en Ingenier\u00eda M\u00e9dica"},"image":{"@id":"https:\/\/eventos.ugr.es\/medeng\/#\/schema\/logo\/image\/"}}]}},"uagb_featured_image_src":{"full":false,"thumbnail":false,"medium":false,"medium_large":false,"large":false,"1536x1536":false,"2048x2048":false},"uagb_author_info":{"display_name":"admin-clm","author_link":"https:\/\/eventos.ugr.es\/medeng\/author\/admin-clm\/"},"uagb_comment_info":0,"uagb_excerpt":"Plazo de inscripci\u00f3n: Del 29 de abril al 9 de octubre de 2024 Requisitos de acceso Este M\u00e1ster est\u00e1 especialmente dirigido a titulados licenciados y graduados en: Medicina, Biolog\u00eda, Bioqu\u00edmica, Biotecnolog\u00eda, Farmacia, Biomedicina, Ingenier\u00eda Biom\u00e9dica y de la Salud, Fisioterapia, Enfermer\u00eda, F\u00edsica y Matem\u00e1ticas. Ingenier\u00edas: Inform\u00e1tica, Telecomunicaciones, Industrial, Rob\u00f3tica, Civil, Qu\u00edmica, Electr\u00f3nica, Mec\u00e1nica, de Materiales,...","_links":{"self":[{"href":"https:\/\/eventos.ugr.es\/medeng\/wp-json\/wp\/v2\/pages\/407","targetHints":{"allow":["GET"]}}],"collection":[{"href":"https:\/\/eventos.ugr.es\/medeng\/wp-json\/wp\/v2\/pages"}],"about":[{"href":"https:\/\/eventos.ugr.es\/medeng\/wp-json\/wp\/v2\/types\/page"}],"author":[{"embeddable":true,"href":"https:\/\/eventos.ugr.es\/medeng\/wp-json\/wp\/v2\/users\/1"}],"replies":[{"embeddable":true,"href":"https:\/\/eventos.ugr.es\/medeng\/wp-json\/wp\/v2\/comments?post=407"}],"version-history":[{"count":46,"href":"https:\/\/eventos.ugr.es\/medeng\/wp-json\/wp\/v2\/pages\/407\/revisions"}],"predecessor-version":[{"id":150708,"href":"https:\/\/eventos.ugr.es\/medeng\/wp-json\/wp\/v2\/pages\/407\/revisions\/150708"}],"wp:attachment":[{"href":"https:\/\/eventos.ugr.es\/medeng\/wp-json\/wp\/v2\/media?parent=407"}],"wp:term":[{"taxonomy":"folder","embeddable":true,"href":"https:\/\/eventos.ugr.es\/medeng\/wp-json\/wp\/v2\/folder?post=407"}],"curies":[{"name":"wp","href":"https:\/\/api.w.org\/{rel}","templated":true}]}}