{"id":477,"date":"2023-01-17T10:49:58","date_gmt":"2023-01-17T10:49:58","guid":{"rendered":"https:\/\/eventos.ugr.es\/medeng\/?page_id=477"},"modified":"2023-10-26T08:45:40","modified_gmt":"2023-10-26T08:45:40","slug":"contacto","status":"publish","type":"page","link":"https:\/\/eventos.ugr.es\/medeng\/contacto\/","title":{"rendered":"Contacto"},"content":{"rendered":"<style>#kt-layout-id_2f8e1b-f4 > .kt-row-column-wrap{align-content:start;}:where(#kt-layout-id_2f8e1b-f4 > .kt-row-column-wrap) > .wp-block-kadence-column{justify-content:start;}#kt-layout-id_2f8e1b-f4 > .kt-row-column-wrap{column-gap:var(--global-kb-gap-md, 2rem);row-gap:var(--global-kb-gap-md, 2rem);padding-top:var( --global-kb-row-default-top, 25px );padding-bottom:var( --global-kb-row-default-bottom, 25px );padding-top:var(--global-kb-spacing-sm, 1.5rem);padding-bottom:var(--global-kb-spacing-sm, 1.5rem);grid-template-columns:repeat(2, minmax(0, 1fr));}#kt-layout-id_2f8e1b-f4 > .kt-row-layout-overlay{opacity:0.30;}@media all and (max-width: 1024px){#kt-layout-id_2f8e1b-f4 > .kt-row-column-wrap{grid-template-columns:repeat(2, minmax(0, 1fr));}}@media all and (max-width: 767px){#kt-layout-id_2f8e1b-f4 > .kt-row-column-wrap{grid-template-columns:minmax(0, 1fr);}#kt-layout-id_2f8e1b-f4 > .kt-row-column-wrap > .wp-block-kadence-column:nth-of-type(1){order:2;}#kt-layout-id_2f8e1b-f4 > .kt-row-column-wrap > .wp-block-kadence-column:nth-of-type(2){order:1;}#kt-layout-id_2f8e1b-f4 > .kt-row-column-wrap > .wp-block-kadence-column:nth-of-type(3){order:12;}#kt-layout-id_2f8e1b-f4 > .kt-row-column-wrap > .wp-block-kadence-column:nth-of-type(4){order:11;}#kt-layout-id_2f8e1b-f4 > .kt-row-column-wrap > .wp-block-kadence-column:nth-of-type(5){order:22;}#kt-layout-id_2f8e1b-f4 > .kt-row-column-wrap > .wp-block-kadence-column:nth-of-type(6){order:21;}#kt-layout-id_2f8e1b-f4 > .kt-row-column-wrap > .wp-block-kadence-column:nth-of-type(7){order:32;}#kt-layout-id_2f8e1b-f4 > .kt-row-column-wrap > .wp-block-kadence-column:nth-of-type(8){order:31;}}<\/style>\n<div class=\"wp-block-kadence-rowlayout alignnone\"><div id=\"kt-layout-id_2f8e1b-f4\" class=\"kt-row-layout-inner kt-layout-id_2f8e1b-f4\"><div class=\"kt-row-column-wrap kt-has-2-columns kt-gutter-default kt-v-gutter-default kt-row-valign-top kt-row-layout-equal kt-tab-layout-inherit kt-m-colapse-right-to-left kt-mobile-layout-row kt-inner-column-height-full\"><style>.kadence-column_679a0f-0c > .kt-inside-inner-col{display:flex;}.kadence-column_679a0f-0c > .kt-inside-inner-col{padding-top:0px;padding-bottom:0px;padding-left:0px;padding-right:0px;}.kadence-column_679a0f-0c > .kt-inside-inner-col{border-color:var(--global-palette2, #2B6CB0);border-top-width:1px;border-right-width:1px;border-bottom-width:1px;border-left-width:1px;}.kadence-column_679a0f-0c > .kt-inside-inner-col,.kadence-column_679a0f-0c > .kt-inside-inner-col:before{border-top-left-radius:0px;border-top-right-radius:0px;border-bottom-right-radius:0px;border-bottom-left-radius:0px;}.kadence-column_679a0f-0c > .kt-inside-inner-col{column-gap:var(--global-kb-gap-sm, 1rem);}.kadence-column_679a0f-0c > .kt-inside-inner-col{flex-direction:column;justify-content:center;}.kadence-column_679a0f-0c > .kt-inside-inner-col > .aligncenter{width:100%;}.kt-row-column-wrap > .kadence-column_679a0f-0c{align-self:center;}.kt-inner-column-height-full:not(.kt-has-1-columns) > .wp-block-kadence-column.kadence-column_679a0f-0c{align-self:auto;}.kt-inner-column-height-full:not(.kt-has-1-columns) > .wp-block-kadence-column.kadence-column_679a0f-0c > .kt-inside-inner-col{flex-direction:column;justify-content:center;}.kadence-column_679a0f-0c > .kt-inside-inner-col{background-color:var(--global-palette2, #2B6CB0);}.kadence-column_679a0f-0c > .kt-inside-inner-col:before{opacity:0.3;}.kadence-column_679a0f-0c, .kadence-column_679a0f-0c h1, .kadence-column_679a0f-0c h2, .kadence-column_679a0f-0c h3, .kadence-column_679a0f-0c h4, .kadence-column_679a0f-0c h5, .kadence-column_679a0f-0c h6{color:var(--global-palette9, #ffffff);}.kadence-column_679a0f-0c{position:relative;}@media all and (max-width: 1024px){.kt-row-column-wrap > .kadence-column_679a0f-0c{align-self:center;}}@media all and (max-width: 1024px){.kt-inner-column-height-full:not(.kt-has-1-columns) > .wp-block-kadence-column.kadence-column_679a0f-0c{align-self:auto;}}@media all and (max-width: 1024px){.kt-inner-column-height-full:not(.kt-has-1-columns) > .wp-block-kadence-column.kadence-column_679a0f-0c > .kt-inside-inner-col{flex-direction:column;justify-content:center;}}@media all and (max-width: 1024px){.kadence-column_679a0f-0c > .kt-inside-inner-col{flex-direction:column;justify-content:center;}}@media all and (max-width: 767px){.kt-row-column-wrap > .kadence-column_679a0f-0c{align-self:center;}.kt-inner-column-height-full:not(.kt-has-1-columns) > .wp-block-kadence-column.kadence-column_679a0f-0c{align-self:auto;}.kt-inner-column-height-full:not(.kt-has-1-columns) > .wp-block-kadence-column.kadence-column_679a0f-0c > .kt-inside-inner-col{flex-direction:column;justify-content:center;}.kadence-column_679a0f-0c > .kt-inside-inner-col{flex-direction:column;justify-content:center;}}<\/style>\n<div class=\"wp-block-kadence-column inner-column-1 kadence-column_679a0f-0c\"><div class=\"kt-inside-inner-col\"><style>.kb-google-maps-container_17ca3f-24{height:450px;}<\/style>\n<div class=\"kb-google-maps-container kb-google-maps-container_17ca3f-24\" data-mapid=\"_17ca3f-24\"><iframe width=\"100%\" height=\"100%\" style=\"border:0\" loading=\"lazy\" src=\"https:\/\/www.google.com\/maps\/embed\/v1\/place?key=AIzaSyBAM2o7PiQqwk15LC1XRH2e_KJ-jUa7KYk&amp;zoom=16&amp;maptype=roadmap&amp;q=Escuela%20Posgrado%20UGR\"><\/iframe><\/div>\n<script>function kb_google_map_17ca3f24() { let center = { lat: 37.8201, lng: -122.4781}; let map = new google.maps.Map(document.getElementById(\"kb-google-map_17ca3f24\"), {\n\t\t\t\t\t    zoom: 16,\n\t\t\t\t\t    center: center,});let marker = new google.maps.Marker({   position: { lat: 37.8201, lng: -122.4781},    map: map,  });}<\/script><\/div><\/div>\n\n\n<style>.kadence-column_6d6c13-61 > .kt-inside-inner-col{display:flex;}.kadence-column_6d6c13-61 > .kt-inside-inner-col{padding-top:25px;padding-bottom:25px;padding-left:25px;padding-right:25px;}.kadence-column_6d6c13-61 > .kt-inside-inner-col{border-top-width:0px;border-right-width:0px;border-bottom-width:0px;border-left-width:0px;}.kadence-column_6d6c13-61 > .kt-inside-inner-col,.kadence-column_6d6c13-61 > .kt-inside-inner-col:before{border-top-left-radius:0px;border-top-right-radius:0px;border-bottom-right-radius:0px;border-bottom-left-radius:0px;}.kadence-column_6d6c13-61 > .kt-inside-inner-col{column-gap:var(--global-kb-gap-sm, 1rem);}.kadence-column_6d6c13-61 > .kt-inside-inner-col{flex-direction:column;justify-content:center;}.kadence-column_6d6c13-61 > .kt-inside-inner-col > .aligncenter{width:100%;}.kt-row-column-wrap > .kadence-column_6d6c13-61{align-self:center;}.kt-inner-column-height-full:not(.kt-has-1-columns) > .wp-block-kadence-column.kadence-column_6d6c13-61{align-self:auto;}.kt-inner-column-height-full:not(.kt-has-1-columns) > .wp-block-kadence-column.kadence-column_6d6c13-61 > .kt-inside-inner-col{flex-direction:column;justify-content:center;}.kadence-column_6d6c13-61 > .kt-inside-inner-col{background-color:var(--global-palette1, #3182CE);background-image:url('https:\/\/medeng.es\/wp-content\/uploads\/sites\/16\/2023\/01\/escuela-posgrado-ugr.jpg');background-size:cover;background-position:48% 25%;background-attachment:scroll;background-repeat:no-repeat;}.kadence-column_6d6c13-61 > .kt-inside-inner-col:before{opacity:0.85;background-color:var(--global-palette2, #2B6CB0);}.kadence-column_6d6c13-61, .kadence-column_6d6c13-61 h1, .kadence-column_6d6c13-61 h2, .kadence-column_6d6c13-61 h3, .kadence-column_6d6c13-61 h4, .kadence-column_6d6c13-61 h5, .kadence-column_6d6c13-61 h6{color:var(--global-palette9, #ffffff);}.kadence-column_6d6c13-61{position:relative;}@media all and (max-width: 1024px){.kt-row-column-wrap > .kadence-column_6d6c13-61{align-self:center;}}@media all and (max-width: 1024px){.kt-inner-column-height-full:not(.kt-has-1-columns) > .wp-block-kadence-column.kadence-column_6d6c13-61{align-self:auto;}}@media all and (max-width: 1024px){.kt-inner-column-height-full:not(.kt-has-1-columns) > .wp-block-kadence-column.kadence-column_6d6c13-61 > .kt-inside-inner-col{flex-direction:column;justify-content:center;}}@media all and (max-width: 1024px){.kadence-column_6d6c13-61 > .kt-inside-inner-col{flex-direction:column;justify-content:center;}}@media all and (max-width: 767px){.kt-row-column-wrap > .kadence-column_6d6c13-61{align-self:center;}.kt-inner-column-height-full:not(.kt-has-1-columns) > .wp-block-kadence-column.kadence-column_6d6c13-61{align-self:auto;}.kt-inner-column-height-full:not(.kt-has-1-columns) > .wp-block-kadence-column.kadence-column_6d6c13-61 > .kt-inside-inner-col{flex-direction:column;justify-content:center;}.kadence-column_6d6c13-61 > .kt-inside-inner-col{flex-direction:column;justify-content:center;}}<\/style>\n<div class=\"wp-block-kadence-column inner-column-2 kadence-column_6d6c13-61 kb-section-has-overlay\"><div class=\"kt-inside-inner-col\">\n<h3 class=\"wp-block-heading\"><strong>Escuela de Posgrado<\/strong><\/h3>\n\n\n\n<h3 class=\"wp-block-heading\" style=\"font-size:20px\"><strong>Universidad de Granada<\/strong><\/h3>\n\n\n\n<p style=\"padding-top:var(--wp--preset--spacing--40);padding-right:var(--wp--preset--spacing--40);padding-bottom:var(--wp--preset--spacing--40);padding-left:var(--wp--preset--spacing--40);font-size:18px\">Avenida de Madrid, 13. 18071 Granada<br>eppropios@ugr.es<br>https:\/\/escuelaposgrado.ugr.es<br>958240744<\/p>\n\n\n\n<p><\/p>\n<\/div><\/div>\n<\/div><\/div><\/div>\n\n\n\n<p><\/p>\n\n\n\n<div style=\"height:50px\" aria-hidden=\"true\" class=\"wp-block-spacer\"><\/div>\n","protected":false},"excerpt":{"rendered":"<p>Escuela de Posgrado Universidad de Granada Avenida de Madrid, 13. 18071 Granadaeppropios@ugr.eshttps:\/\/escuelaposgrado.ugr.es958240744<\/p>\n","protected":false},"author":1,"featured_media":0,"parent":0,"menu_order":0,"comment_status":"closed","ping_status":"open","template":"","meta":{"_uag_custom_page_level_css":"","_kad_post_transparent":"","_kad_post_title":"show","_kad_post_layout":"normal","_kad_post_sidebar_id":"","_kad_post_content_style":"unboxed","_kad_post_vertical_padding":"show","_kad_post_feature":"","_kad_post_feature_position":"","_kad_post_header":false,"_kad_post_footer":false,"footnotes":""},"folder":[],"class_list":["post-477","page","type-page","status-publish","hentry"],"yoast_head":"<!-- This site is optimized with the Yoast SEO plugin v25.5 - https:\/\/yoast.com\/wordpress\/plugins\/seo\/ -->\n<title>Contacto - M\u00e1ster en Ingenier\u00eda M\u00e9dica<\/title>\n<meta name=\"robots\" content=\"noindex, follow\" \/>\n<meta property=\"og:locale\" content=\"es_ES\" \/>\n<meta property=\"og:type\" content=\"article\" \/>\n<meta property=\"og:title\" content=\"Contacto - M\u00e1ster en Ingenier\u00eda M\u00e9dica\" \/>\n<meta property=\"og:description\" content=\"Escuela de Posgrado Universidad de Granada Avenida de Madrid, 13. 18071 Granadaeppropios@ugr.eshttps:\/\/escuelaposgrado.ugr.es958240744\" \/>\n<meta property=\"og:url\" content=\"https:\/\/eventos.ugr.es\/medeng\/contacto\/\" \/>\n<meta property=\"og:site_name\" content=\"M\u00e1ster en Ingenier\u00eda M\u00e9dica\" \/>\n<meta property=\"article:modified_time\" content=\"2023-10-26T08:45:40+00:00\" \/>\n<meta name=\"twitter:card\" content=\"summary_large_image\" \/>\n<meta name=\"twitter:label1\" content=\"Tiempo de lectura\" \/>\n\t<meta name=\"twitter:data1\" content=\"1 minuto\" \/>\n<script type=\"application\/ld+json\" class=\"yoast-schema-graph\">{\"@context\":\"https:\/\/schema.org\",\"@graph\":[{\"@type\":\"WebPage\",\"@id\":\"https:\/\/eventos.ugr.es\/medeng\/contacto\/\",\"url\":\"https:\/\/eventos.ugr.es\/medeng\/contacto\/\",\"name\":\"Contacto - M\u00e1ster en Ingenier\u00eda M\u00e9dica\",\"isPartOf\":{\"@id\":\"https:\/\/eventos.ugr.es\/medeng\/#website\"},\"datePublished\":\"2023-01-17T10:49:58+00:00\",\"dateModified\":\"2023-10-26T08:45:40+00:00\",\"breadcrumb\":{\"@id\":\"https:\/\/eventos.ugr.es\/medeng\/contacto\/#breadcrumb\"},\"inLanguage\":\"es\",\"potentialAction\":[{\"@type\":\"ReadAction\",\"target\":[\"https:\/\/eventos.ugr.es\/medeng\/contacto\/\"]}]},{\"@type\":\"BreadcrumbList\",\"@id\":\"https:\/\/eventos.ugr.es\/medeng\/contacto\/#breadcrumb\",\"itemListElement\":[{\"@type\":\"ListItem\",\"position\":1,\"name\":\"Portada\",\"item\":\"https:\/\/eventos.ugr.es\/medeng\/\"},{\"@type\":\"ListItem\",\"position\":2,\"name\":\"Contacto\"}]},{\"@type\":\"WebSite\",\"@id\":\"https:\/\/eventos.ugr.es\/medeng\/#website\",\"url\":\"https:\/\/eventos.ugr.es\/medeng\/\",\"name\":\"M\u00e1ster en Ingenier\u00eda M\u00e9dica\",\"description\":\"\",\"publisher\":{\"@id\":\"https:\/\/eventos.ugr.es\/medeng\/#organization\"},\"potentialAction\":[{\"@type\":\"SearchAction\",\"target\":{\"@type\":\"EntryPoint\",\"urlTemplate\":\"https:\/\/eventos.ugr.es\/medeng\/?s={search_term_string}\"},\"query-input\":{\"@type\":\"PropertyValueSpecification\",\"valueRequired\":true,\"valueName\":\"search_term_string\"}}],\"inLanguage\":\"es\"},{\"@type\":\"Organization\",\"@id\":\"https:\/\/eventos.ugr.es\/medeng\/#organization\",\"name\":\"M\u00e1ster en Ingenier\u00eda M\u00e9dica\",\"url\":\"https:\/\/eventos.ugr.es\/medeng\/\",\"logo\":{\"@type\":\"ImageObject\",\"inLanguage\":\"es\",\"@id\":\"https:\/\/eventos.ugr.es\/medeng\/#\/schema\/logo\/image\/\",\"url\":\"https:\/\/eventos.ugr.es\/medeng\/wp-content\/uploads\/sites\/16\/2023\/01\/logo-cabecera-horizontal.png\",\"contentUrl\":\"https:\/\/eventos.ugr.es\/medeng\/wp-content\/uploads\/sites\/16\/2023\/01\/logo-cabecera-horizontal.png\",\"width\":1197,\"height\":246,\"caption\":\"M\u00e1ster en Ingenier\u00eda M\u00e9dica\"},\"image\":{\"@id\":\"https:\/\/eventos.ugr.es\/medeng\/#\/schema\/logo\/image\/\"}}]}<\/script>\n<!-- \/ Yoast SEO plugin. -->","yoast_head_json":{"title":"Contacto - M\u00e1ster en Ingenier\u00eda M\u00e9dica","robots":{"index":"noindex","follow":"follow"},"og_locale":"es_ES","og_type":"article","og_title":"Contacto - M\u00e1ster en Ingenier\u00eda M\u00e9dica","og_description":"Escuela de Posgrado Universidad de Granada Avenida de Madrid, 13. 18071 Granadaeppropios@ugr.eshttps:\/\/escuelaposgrado.ugr.es958240744","og_url":"https:\/\/eventos.ugr.es\/medeng\/contacto\/","og_site_name":"M\u00e1ster en Ingenier\u00eda M\u00e9dica","article_modified_time":"2023-10-26T08:45:40+00:00","twitter_card":"summary_large_image","twitter_misc":{"Tiempo de lectura":"1 minuto"},"schema":{"@context":"https:\/\/schema.org","@graph":[{"@type":"WebPage","@id":"https:\/\/eventos.ugr.es\/medeng\/contacto\/","url":"https:\/\/eventos.ugr.es\/medeng\/contacto\/","name":"Contacto - M\u00e1ster en Ingenier\u00eda M\u00e9dica","isPartOf":{"@id":"https:\/\/eventos.ugr.es\/medeng\/#website"},"datePublished":"2023-01-17T10:49:58+00:00","dateModified":"2023-10-26T08:45:40+00:00","breadcrumb":{"@id":"https:\/\/eventos.ugr.es\/medeng\/contacto\/#breadcrumb"},"inLanguage":"es","potentialAction":[{"@type":"ReadAction","target":["https:\/\/eventos.ugr.es\/medeng\/contacto\/"]}]},{"@type":"BreadcrumbList","@id":"https:\/\/eventos.ugr.es\/medeng\/contacto\/#breadcrumb","itemListElement":[{"@type":"ListItem","position":1,"name":"Portada","item":"https:\/\/eventos.ugr.es\/medeng\/"},{"@type":"ListItem","position":2,"name":"Contacto"}]},{"@type":"WebSite","@id":"https:\/\/eventos.ugr.es\/medeng\/#website","url":"https:\/\/eventos.ugr.es\/medeng\/","name":"M\u00e1ster en Ingenier\u00eda M\u00e9dica","description":"","publisher":{"@id":"https:\/\/eventos.ugr.es\/medeng\/#organization"},"potentialAction":[{"@type":"SearchAction","target":{"@type":"EntryPoint","urlTemplate":"https:\/\/eventos.ugr.es\/medeng\/?s={search_term_string}"},"query-input":{"@type":"PropertyValueSpecification","valueRequired":true,"valueName":"search_term_string"}}],"inLanguage":"es"},{"@type":"Organization","@id":"https:\/\/eventos.ugr.es\/medeng\/#organization","name":"M\u00e1ster en Ingenier\u00eda M\u00e9dica","url":"https:\/\/eventos.ugr.es\/medeng\/","logo":{"@type":"ImageObject","inLanguage":"es","@id":"https:\/\/eventos.ugr.es\/medeng\/#\/schema\/logo\/image\/","url":"https:\/\/eventos.ugr.es\/medeng\/wp-content\/uploads\/sites\/16\/2023\/01\/logo-cabecera-horizontal.png","contentUrl":"https:\/\/eventos.ugr.es\/medeng\/wp-content\/uploads\/sites\/16\/2023\/01\/logo-cabecera-horizontal.png","width":1197,"height":246,"caption":"M\u00e1ster en Ingenier\u00eda M\u00e9dica"},"image":{"@id":"https:\/\/eventos.ugr.es\/medeng\/#\/schema\/logo\/image\/"}}]}},"uagb_featured_image_src":{"full":false,"thumbnail":false,"medium":false,"medium_large":false,"large":false,"1536x1536":false,"2048x2048":false},"uagb_author_info":{"display_name":"admin-clm","author_link":"https:\/\/eventos.ugr.es\/medeng\/author\/admin-clm\/"},"uagb_comment_info":0,"uagb_excerpt":"Escuela de Posgrado Universidad de Granada Avenida de Madrid, 13. 18071 Granadaeppropios@ugr.eshttps:\/\/escuelaposgrado.ugr.es958240744","_links":{"self":[{"href":"https:\/\/eventos.ugr.es\/medeng\/wp-json\/wp\/v2\/pages\/477","targetHints":{"allow":["GET"]}}],"collection":[{"href":"https:\/\/eventos.ugr.es\/medeng\/wp-json\/wp\/v2\/pages"}],"about":[{"href":"https:\/\/eventos.ugr.es\/medeng\/wp-json\/wp\/v2\/types\/page"}],"author":[{"embeddable":true,"href":"https:\/\/eventos.ugr.es\/medeng\/wp-json\/wp\/v2\/users\/1"}],"replies":[{"embeddable":true,"href":"https:\/\/eventos.ugr.es\/medeng\/wp-json\/wp\/v2\/comments?post=477"}],"version-history":[{"count":23,"href":"https:\/\/eventos.ugr.es\/medeng\/wp-json\/wp\/v2\/pages\/477\/revisions"}],"predecessor-version":[{"id":1998,"href":"https:\/\/eventos.ugr.es\/medeng\/wp-json\/wp\/v2\/pages\/477\/revisions\/1998"}],"wp:attachment":[{"href":"https:\/\/eventos.ugr.es\/medeng\/wp-json\/wp\/v2\/media?parent=477"}],"wp:term":[{"taxonomy":"folder","embeddable":true,"href":"https:\/\/eventos.ugr.es\/medeng\/wp-json\/wp\/v2\/folder?post=477"}],"curies":[{"name":"wp","href":"https:\/\/api.w.org\/{rel}","templated":true}]}}