{"id":122,"date":"2024-11-11T11:33:27","date_gmt":"2024-11-11T10:33:27","guid":{"rendered":"https:\/\/eventos.ugr.es\/quimbioquim2025\/?page_id=122"},"modified":"2025-04-03T12:55:58","modified_gmt":"2025-04-03T10:55:58","slug":"comites","status":"publish","type":"page","link":"https:\/\/eventos.ugr.es\/quimbioquim2025\/comites\/","title":{"rendered":"Comit\u00e9s"},"content":{"rendered":"\n<div class=\"wp-block-uagb-container uagb-block-cc6bf578 alignfull uagb-is-root-container\">\n<div class=\"wp-block-uagb-container uagb-block-e839b15d alignfull uagb-is-root-container\"><div class=\"uagb-container-inner-blocks-wrap\">\n<h2 class=\"wp-block-heading has-text-align-center titulo-sitio has-white-color has-text-color has-background\" style=\"background-color:#c40f06a3;padding-top:var(--wp--preset--spacing--50);padding-bottom:1.6rem;font-style:normal;font-weight:400;line-height:0\">Comit\u00e9s<\/h2>\n<\/div><\/div>\n<\/div>\n\n\n\n<h3 class=\"wp-block-heading has-theme-palette-1-color has-text-color has-link-color wp-elements-cf294777b2dfc08d467b5b8a444a59db\">Comit\u00e9 Organizador<\/h3>\n\n\n<style>.kb-row-layout-id122_c474d2-16 > .kt-row-column-wrap{align-content:start;}:where(.kb-row-layout-id122_c474d2-16 > .kt-row-column-wrap) > .wp-block-kadence-column{justify-content:start;}.kb-row-layout-id122_c474d2-16 > .kt-row-column-wrap{column-gap:var(--global-kb-gap-md, 2rem);row-gap:var(--global-kb-gap-none, 0rem );padding-top:0px;padding-bottom:10px;grid-template-columns:repeat(2, minmax(0, 1fr));}.kb-row-layout-id122_c474d2-16 > .kt-row-layout-overlay{opacity:0.30;}@media all and (max-width: 1024px){.kb-row-layout-id122_c474d2-16 > .kt-row-column-wrap{grid-template-columns:repeat(2, minmax(0, 1fr));}}@media all and (max-width: 767px){.kb-row-layout-id122_c474d2-16 > .kt-row-column-wrap{grid-template-columns:minmax(0, 1fr);}}<\/style><div class=\"kb-row-layout-wrap kb-row-layout-id122_c474d2-16 alignnone wp-block-kadence-rowlayout\"><div class=\"kt-row-column-wrap kt-has-2-columns kt-row-layout-equal kt-tab-layout-inherit kt-mobile-layout-row kt-row-valign-top\">\n<style>.kadence-column122_8b0bfe-99 > .kt-inside-inner-col,.kadence-column122_8b0bfe-99 > .kt-inside-inner-col:before{border-top-left-radius:0px;border-top-right-radius:0px;border-bottom-right-radius:0px;border-bottom-left-radius:0px;}.kadence-column122_8b0bfe-99 > .kt-inside-inner-col{column-gap:var(--global-kb-gap-sm, 1rem);}.kadence-column122_8b0bfe-99 > .kt-inside-inner-col{flex-direction:column;}.kadence-column122_8b0bfe-99 > .kt-inside-inner-col > .aligncenter{width:100%;}.kadence-column122_8b0bfe-99 > .kt-inside-inner-col:before{opacity:0.3;}.kadence-column122_8b0bfe-99{position:relative;}@media all and (max-width: 1024px){.kadence-column122_8b0bfe-99 > .kt-inside-inner-col{flex-direction:column;justify-content:center;}}@media all and (max-width: 767px){.kadence-column122_8b0bfe-99 > .kt-inside-inner-col{padding-top:0px;padding-bottom:0px;flex-direction:column;justify-content:center;}.kadence-column122_8b0bfe-99, .kt-inside-inner-col > .kadence-column122_8b0bfe-99:not(.specificity){margin-top:0px;margin-bottom:0px;}}<\/style>\n<div class=\"wp-block-kadence-column kadence-column122_8b0bfe-99 inner-column-1\"><div class=\"kt-inside-inner-col\">\n<ul class=\"wp-block-list lista-comites\">\n<li><strong>\u00c1ngel Orte Guti\u00e9rrez<\/strong> (Presidente)<\/li>\n\n\n\n<li><strong>Jos\u00e9 Manuel Paredes Mart\u00ednez<\/strong> (Secretario)<\/li>\n\n\n\n<li><strong>Rafael Contreras Montoya<\/strong><\/li>\n\n\n\n<li><strong>\u00d3scar H. Laguna Espitia<\/strong><\/li>\n\n\n\n<li><strong>Delia Miguel \u00c1lvarez<\/strong><\/li>\n<\/ul>\n<\/div><\/div>\n\n\n<style>.kadence-column122_e2d3f7-68 > .kt-inside-inner-col,.kadence-column122_e2d3f7-68 > .kt-inside-inner-col:before{border-top-left-radius:0px;border-top-right-radius:0px;border-bottom-right-radius:0px;border-bottom-left-radius:0px;}.kadence-column122_e2d3f7-68 > .kt-inside-inner-col{column-gap:var(--global-kb-gap-sm, 1rem);}.kadence-column122_e2d3f7-68 > .kt-inside-inner-col{flex-direction:column;}.kadence-column122_e2d3f7-68 > .kt-inside-inner-col > .aligncenter{width:100%;}.kadence-column122_e2d3f7-68 > .kt-inside-inner-col:before{opacity:0.3;}.kadence-column122_e2d3f7-68{position:relative;}@media all and (max-width: 1024px){.kadence-column122_e2d3f7-68 > .kt-inside-inner-col{flex-direction:column;justify-content:center;}}@media all and (max-width: 767px){.kadence-column122_e2d3f7-68 > .kt-inside-inner-col{padding-top:0px;padding-bottom:0px;flex-direction:column;justify-content:center;}.kadence-column122_e2d3f7-68, .kt-inside-inner-col > .kadence-column122_e2d3f7-68:not(.specificity){margin-top:0px;margin-bottom:0px;}}<\/style>\n<div class=\"wp-block-kadence-column kadence-column122_e2d3f7-68 inner-column-2\"><div class=\"kt-inside-inner-col\">\n<ul class=\"wp-block-list lista-comites\">\n<li><strong>Federico Movilla<\/strong><\/li>\n\n\n\n<li><strong>Pablo Pe\u00f1alver Puente<\/strong><\/li>\n\n\n\n<li><strong>Mar\u00eda J. Ruedas Rama<\/strong><\/li>\n\n\n\n<li><strong>Alfonso Salinas Castillo<\/strong><\/li>\n<\/ul>\n<\/div><\/div>\n\n<\/div><\/div>\n\n\n<h3 class=\"wp-block-heading has-theme-palette-1-color has-text-color has-link-color wp-elements-39fa37411ef197eae94e5f8528bd4597\">Comit\u00e9 Cient\u00edfico<\/h3>\n\n\n\n<div class=\"wp-block-uagb-separator uagb-block-a1b60a97\"><div class=\"uagb-separator-spacing-wrapper\"><div class=\"wp-block-uagb-separator__inner\" style=\"--my-background-image:\"><\/div><\/div><\/div>\n\n\n<style>.kb-row-layout-id122_7e2992-ef > .kt-row-column-wrap{align-content:start;}:where(.kb-row-layout-id122_7e2992-ef > .kt-row-column-wrap) > .wp-block-kadence-column{justify-content:start;}.kb-row-layout-id122_7e2992-ef > .kt-row-column-wrap{column-gap:var(--global-kb-gap-md, 2rem);row-gap:var(--global-kb-gap-none, 0rem );padding-top:0px;padding-bottom:10px;grid-template-columns:repeat(2, minmax(0, 1fr));}.kb-row-layout-id122_7e2992-ef > .kt-row-layout-overlay{opacity:0.30;}@media all and (max-width: 1024px){.kb-row-layout-id122_7e2992-ef > .kt-row-column-wrap{grid-template-columns:repeat(2, minmax(0, 1fr));}}@media all and (max-width: 767px){.kb-row-layout-id122_7e2992-ef > .kt-row-column-wrap{grid-template-columns:minmax(0, 1fr);}}<\/style><div class=\"kb-row-layout-wrap kb-row-layout-id122_7e2992-ef alignnone wp-block-kadence-rowlayout\"><div class=\"kt-row-column-wrap kt-has-2-columns kt-row-layout-equal kt-tab-layout-inherit kt-mobile-layout-row kt-row-valign-top\">\n<style>.kadence-column122_de9ef4-bf > .kt-inside-inner-col,.kadence-column122_de9ef4-bf > .kt-inside-inner-col:before{border-top-left-radius:0px;border-top-right-radius:0px;border-bottom-right-radius:0px;border-bottom-left-radius:0px;}.kadence-column122_de9ef4-bf > .kt-inside-inner-col{column-gap:var(--global-kb-gap-sm, 1rem);}.kadence-column122_de9ef4-bf > .kt-inside-inner-col{flex-direction:column;}.kadence-column122_de9ef4-bf > .kt-inside-inner-col > .aligncenter{width:100%;}.kadence-column122_de9ef4-bf > .kt-inside-inner-col:before{opacity:0.3;}.kadence-column122_de9ef4-bf{position:relative;}@media all and (max-width: 1024px){.kadence-column122_de9ef4-bf > .kt-inside-inner-col{flex-direction:column;justify-content:center;}}@media all and (max-width: 767px){.kadence-column122_de9ef4-bf > .kt-inside-inner-col{padding-top:0px;padding-bottom:0px;flex-direction:column;justify-content:center;}.kadence-column122_de9ef4-bf, .kt-inside-inner-col > .kadence-column122_de9ef4-bf:not(.specificity){margin-top:0px;margin-bottom:0px;}}<\/style>\n<div class=\"wp-block-kadence-column kadence-column122_de9ef4-bf inner-column-1\"><div class=\"kt-inside-inner-col\">\n<ul class=\"wp-block-list lista-comites\">\n<li><strong>Carlos Alonso Moreno<\/strong><br>(Universidad de Castilla La Mancha)<\/li>\n\n\n\n<li> <strong>Eva M. Garc\u00eda Frutos<\/strong><br>(Instituto de Ciencia de Materiales de Madrid, CSIC)<\/li>\n\n\n\n<li><strong>Joaqu\u00edn C. Garc\u00eda Mart\u00ednez<\/strong><br>(Universidad de Castilla La Mancha)<\/li>\n\n\n\n<li><strong>Santiago G\u00f3mez Ruiz<\/strong><br>(Universidad Rey Juan Carlos)<\/li>\n\n\n\n<li><strong>Juan A. Gonz\u00e1lez Vera<\/strong><br>(Universidad de Granada)<\/li>\n<\/ul>\n<\/div><\/div>\n\n\n<style>.kadence-column122_36e9f9-67 > .kt-inside-inner-col,.kadence-column122_36e9f9-67 > .kt-inside-inner-col:before{border-top-left-radius:0px;border-top-right-radius:0px;border-bottom-right-radius:0px;border-bottom-left-radius:0px;}.kadence-column122_36e9f9-67 > .kt-inside-inner-col{column-gap:var(--global-kb-gap-sm, 1rem);}.kadence-column122_36e9f9-67 > .kt-inside-inner-col{flex-direction:column;}.kadence-column122_36e9f9-67 > .kt-inside-inner-col > .aligncenter{width:100%;}.kadence-column122_36e9f9-67 > .kt-inside-inner-col:before{opacity:0.3;}.kadence-column122_36e9f9-67{position:relative;}@media all and (max-width: 1024px){.kadence-column122_36e9f9-67 > .kt-inside-inner-col{flex-direction:column;justify-content:center;}}@media all and (max-width: 767px){.kadence-column122_36e9f9-67 > .kt-inside-inner-col{padding-top:0px;padding-bottom:0px;flex-direction:column;justify-content:center;}.kadence-column122_36e9f9-67, .kt-inside-inner-col > .kadence-column122_36e9f9-67:not(.specificity){margin-top:0px;margin-bottom:0px;}}<\/style>\n<div class=\"wp-block-kadence-column kadence-column122_36e9f9-67 inner-column-2\"><div class=\"kt-inside-inner-col\">\n<ul class=\"wp-block-list lista-comites\">\n<li><strong>Marta Guti\u00e9rrez Rodr\u00edguez<\/strong><br>(Instituto de Qu\u00edmica M\u00e9dica, CSIC)<\/li>\n\n\n\n<li><strong>Mar\u00eda J. Matos<\/strong><br>(Universidad de Santiago de Compostela)<\/li>\n\n\n\n<li><strong>Amparo Navarro Rasc\u00f3n <\/strong><br>(Universidad de Ja\u00e9n)<\/li>\n\n\n\n<li><strong>Antonio Rodr\u00edguez Di\u00e9guez<\/strong><br>(Universidad de Granada)<\/li>\n\n\n\n<li><strong>Eugenio V\u00e1zquez Sentis<\/strong><br>(Universidad de Santiago de Compostela)<\/li>\n<\/ul>\n<\/div><\/div>\n\n<\/div><\/div>\n\n\n<h3 class=\"wp-block-heading has-theme-palette-1-color has-text-color has-link-color wp-elements-5113a93d9a67dd67bc6b6aaf7a031ae7\">Comit\u00e9 local<\/h3>\n\n\n\n<div class=\"wp-block-uagb-separator uagb-block-73fb8d96\"><div class=\"uagb-separator-spacing-wrapper\"><div class=\"wp-block-uagb-separator__inner\" style=\"--my-background-image:\"><\/div><\/div><\/div>\n\n\n<style>.kb-row-layout-id122_ffc475-6d > .kt-row-column-wrap{align-content:start;}:where(.kb-row-layout-id122_ffc475-6d > .kt-row-column-wrap) > .wp-block-kadence-column{justify-content:start;}.kb-row-layout-id122_ffc475-6d > .kt-row-column-wrap{column-gap:var(--global-kb-gap-md, 2rem);row-gap:var(--global-kb-gap-none, 0rem );padding-top:0px;padding-bottom:10px;grid-template-columns:repeat(2, minmax(0, 1fr));}.kb-row-layout-id122_ffc475-6d > .kt-row-layout-overlay{opacity:0.30;}@media all and (max-width: 1024px){.kb-row-layout-id122_ffc475-6d > .kt-row-column-wrap{grid-template-columns:repeat(2, minmax(0, 1fr));}}@media all and (max-width: 767px){.kb-row-layout-id122_ffc475-6d > .kt-row-column-wrap{grid-template-columns:minmax(0, 1fr);}}<\/style><div class=\"kb-row-layout-wrap kb-row-layout-id122_ffc475-6d alignnone wp-block-kadence-rowlayout\"><div class=\"kt-row-column-wrap kt-has-2-columns kt-row-layout-equal kt-tab-layout-inherit kt-mobile-layout-row kt-row-valign-top\">\n<style>.kadence-column122_209329-1f > .kt-inside-inner-col,.kadence-column122_209329-1f > .kt-inside-inner-col:before{border-top-left-radius:0px;border-top-right-radius:0px;border-bottom-right-radius:0px;border-bottom-left-radius:0px;}.kadence-column122_209329-1f > .kt-inside-inner-col{column-gap:var(--global-kb-gap-sm, 1rem);}.kadence-column122_209329-1f > .kt-inside-inner-col{flex-direction:column;}.kadence-column122_209329-1f > .kt-inside-inner-col > .aligncenter{width:100%;}.kadence-column122_209329-1f > .kt-inside-inner-col:before{opacity:0.3;}.kadence-column122_209329-1f{position:relative;}@media all and (max-width: 1024px){.kadence-column122_209329-1f > .kt-inside-inner-col{flex-direction:column;justify-content:center;}}@media all and (max-width: 767px){.kadence-column122_209329-1f > .kt-inside-inner-col{padding-top:0px;padding-bottom:0px;flex-direction:column;justify-content:center;}.kadence-column122_209329-1f, .kt-inside-inner-col > .kadence-column122_209329-1f:not(.specificity){margin-top:0px;margin-bottom:0px;}}<\/style>\n<div class=\"wp-block-kadence-column kadence-column122_209329-1f inner-column-1\"><div class=\"kt-inside-inner-col\">\n<ul class=\"wp-block-list lista-comites\">\n<li><strong>Consuelo Ripoll Lorente<\/strong><\/li>\n\n\n\n<li><strong>Carmen Salto Gir\u00f3n<\/strong><\/li>\n\n\n\n<li><strong>Giulia Micolonghi<\/strong><\/li>\n<\/ul>\n<\/div><\/div>\n\n\n<style>.kadence-column122_f29bc5-68 > .kt-inside-inner-col,.kadence-column122_f29bc5-68 > .kt-inside-inner-col:before{border-top-left-radius:0px;border-top-right-radius:0px;border-bottom-right-radius:0px;border-bottom-left-radius:0px;}.kadence-column122_f29bc5-68 > .kt-inside-inner-col{column-gap:var(--global-kb-gap-sm, 1rem);}.kadence-column122_f29bc5-68 > .kt-inside-inner-col{flex-direction:column;}.kadence-column122_f29bc5-68 > .kt-inside-inner-col > .aligncenter{width:100%;}.kadence-column122_f29bc5-68 > .kt-inside-inner-col:before{opacity:0.3;}.kadence-column122_f29bc5-68{position:relative;}@media all and (max-width: 1024px){.kadence-column122_f29bc5-68 > .kt-inside-inner-col{flex-direction:column;justify-content:center;}}@media all and (max-width: 767px){.kadence-column122_f29bc5-68 > .kt-inside-inner-col{padding-top:0px;padding-bottom:0px;flex-direction:column;justify-content:center;}.kadence-column122_f29bc5-68, .kt-inside-inner-col > .kadence-column122_f29bc5-68:not(.specificity){margin-top:0px;margin-bottom:0px;}}<\/style>\n<div class=\"wp-block-kadence-column kadence-column122_f29bc5-68 inner-column-2\"><div class=\"kt-inside-inner-col\">\n<ul class=\"wp-block-list lista-comites\">\n<li><strong>Esther M\u00aa Naranjo Ortega<\/strong><\/li>\n\n\n\n<li><strong>Ang\u00e9lica Mart\u00edn Priego<\/strong><\/li>\n<\/ul>\n<\/div><\/div>\n\n<\/div><\/div>\n\n\n\n","protected":false},"excerpt":{"rendered":"<p>Comit\u00e9s Comit\u00e9 Organizador Comit\u00e9 Cient\u00edfico Comit\u00e9 local<\/p>\n","protected":false},"author":18,"featured_media":0,"parent":0,"menu_order":0,"comment_status":"closed","ping_status":"closed","template":"","meta":{"_uag_custom_page_level_css":"","_kad_post_transparent":"","_kad_post_title":"","_kad_post_layout":"","_kad_post_sidebar_id":"","_kad_post_content_style":"","_kad_post_vertical_padding":"","_kad_post_feature":"","_kad_post_feature_position":"","_kad_post_header":false,"_kad_post_footer":false,"footnotes":""},"folder":[],"class_list":["post-122","page","type-page","status-publish","hentry"],"uagb_featured_image_src":{"full":false,"thumbnail":false,"medium":false,"medium_large":false,"large":false,"1536x1536":false,"2048x2048":false},"uagb_author_info":{"display_name":"antoniorodriguez","author_link":"https:\/\/eventos.ugr.es\/quimbioquim2025\/author\/antoniorodriguez\/"},"uagb_comment_info":0,"uagb_excerpt":"Comit\u00e9s Comit\u00e9 Organizador Comit\u00e9 Cient\u00edfico Comit\u00e9 local","_links":{"self":[{"href":"https:\/\/eventos.ugr.es\/quimbioquim2025\/wp-json\/wp\/v2\/pages\/122","targetHints":{"allow":["GET"]}}],"collection":[{"href":"https:\/\/eventos.ugr.es\/quimbioquim2025\/wp-json\/wp\/v2\/pages"}],"about":[{"href":"https:\/\/eventos.ugr.es\/quimbioquim2025\/wp-json\/wp\/v2\/types\/page"}],"author":[{"embeddable":true,"href":"https:\/\/eventos.ugr.es\/quimbioquim2025\/wp-json\/wp\/v2\/users\/18"}],"replies":[{"embeddable":true,"href":"https:\/\/eventos.ugr.es\/quimbioquim2025\/wp-json\/wp\/v2\/comments?post=122"}],"version-history":[{"count":18,"href":"https:\/\/eventos.ugr.es\/quimbioquim2025\/wp-json\/wp\/v2\/pages\/122\/revisions"}],"predecessor-version":[{"id":993,"href":"https:\/\/eventos.ugr.es\/quimbioquim2025\/wp-json\/wp\/v2\/pages\/122\/revisions\/993"}],"wp:attachment":[{"href":"https:\/\/eventos.ugr.es\/quimbioquim2025\/wp-json\/wp\/v2\/media?parent=122"}],"wp:term":[{"taxonomy":"folder","embeddable":true,"href":"https:\/\/eventos.ugr.es\/quimbioquim2025\/wp-json\/wp\/v2\/folder?post=122"}],"curies":[{"name":"wp","href":"https:\/\/api.w.org\/{rel}","templated":true}]}}