{"id":128,"date":"2024-11-11T11:40:53","date_gmt":"2024-11-11T10:40:53","guid":{"rendered":"https:\/\/eventos.ugr.es\/quimbioquim2025\/?page_id=128"},"modified":"2025-10-23T09:54:17","modified_gmt":"2025-10-23T07:54:17","slug":"programa","status":"publish","type":"page","link":"https:\/\/eventos.ugr.es\/quimbioquim2025\/programa\/","title":{"rendered":"Programa"},"content":{"rendered":"\n<div class=\"wp-block-uagb-container uagb-block-cc6bf578 alignfull uagb-is-root-container\">\n<div class=\"wp-block-uagb-container uagb-block-e839b15d alignfull uagb-is-root-container\"><div class=\"uagb-container-inner-blocks-wrap\">\n<h2 class=\"wp-block-heading has-text-align-center titulo-sitio has-white-color has-text-color has-background\" style=\"background-color:#c40f06a3;padding-top:var(--wp--preset--spacing--50);padding-bottom:1.6rem;font-style:normal;font-weight:400;line-height:0\">Programa<\/h2>\n<\/div><\/div>\n<\/div>\n\n\n\n<p>Este congreso reunir\u00e1 a cient\u00edficos de diferentes campos para compartir sus investigaciones recientes y su visi\u00f3n de futuro, discutiendo los \u00faltimos avances en las siguientes tem\u00e1ticas:<\/p>\n\n\n\n<div class=\"wp-block-uagb-container uagb-block-bb1d5dc0 default uagb-is-root-container\"><style>.wp-block-kadence-iconlist.kt-svg-icon-list-items128_0e9b93-12:not(.this-stops-third-party-issues){margin-top:0px;margin-bottom:0px;}.wp-block-kadence-iconlist.kt-svg-icon-list-items128_0e9b93-12 ul.kt-svg-icon-list:not(.this-prevents-issues):not(.this-stops-third-party-issues):not(.tijsloc){margin-top:0px;margin-right:0px;margin-bottom:var(--global-kb-spacing-sm, 1.5rem);margin-left:0px;}.wp-block-kadence-iconlist.kt-svg-icon-list-items128_0e9b93-12 ul.kt-svg-icon-list{grid-row-gap:5px;}.wp-block-kadence-iconlist.kt-svg-icon-list-items128_0e9b93-12 .kb-svg-icon-wrap{color:var(--global-palette2, #2B6CB0);}.wp-block-kadence-iconlist.kt-svg-icon-list-items128_0e9b93-12 ul.kt-svg-icon-list .kt-svg-icon-list-item-wrap .kt-svg-icon-list-single{margin-right:10px;}.kt-svg-icon-list-items128_0e9b93-12 ul.kt-svg-icon-list .kt-svg-icon-list-level-0 .kt-svg-icon-list-single svg{font-size:20px;}<\/style>\n<div class=\"wp-block-kadence-iconlist kt-svg-icon-list-items kt-svg-icon-list-items128_0e9b93-12 kt-svg-icon-list-columns-1 alignnone\"><ul class=\"kt-svg-icon-list\"><style>.kt-svg-icon-list-item-128_a973a5-01 .kt-svg-icon-list-text mark.kt-highlight{background-color:unset;font-style:normal;color:#f76a0c;-webkit-box-decoration-break:clone;box-decoration-break:clone;padding-top:0px;padding-right:0px;padding-bottom:0px;padding-left:0px;}<\/style>\n<li class=\"wp-block-kadence-listitem kt-svg-icon-list-item-wrap kt-svg-icon-list-item-128_a973a5-01\"><span class=\"kb-svg-icon-wrap kb-svg-icon-fe_arrowRightCircle kt-svg-icon-list-single\"><svg viewBox=\"0 0 24 24\"  fill=\"none\" stroke=\"currentColor\" stroke-width=\"2\" stroke-linecap=\"round\" stroke-linejoin=\"round\" xmlns=\"http:\/\/www.w3.org\/2000\/svg\"  aria-hidden=\"true\"><circle cx=\"12\" cy=\"12\" r=\"10\"\/><polyline points=\"12 16 16 12 12 8\"\/><line x1=\"8\" y1=\"12\" x2=\"16\" y2=\"12\"\/><\/svg><\/span><span class=\"kt-svg-icon-list-text\"><strong>Qu\u00edmica m\u00e9dica y farmac\u00e9utica. Desarrollo de f\u00e1rmacos.<\/strong><\/span><\/li>\n\n\n<style>.kt-svg-icon-list-item-128_f1ddb9-87 .kt-svg-icon-list-text mark.kt-highlight{background-color:unset;font-style:normal;color:#f76a0c;-webkit-box-decoration-break:clone;box-decoration-break:clone;padding-top:0px;padding-right:0px;padding-bottom:0px;padding-left:0px;}<\/style>\n<li class=\"wp-block-kadence-listitem kt-svg-icon-list-item-wrap kt-svg-icon-list-item-128_f1ddb9-87\"><span class=\"kb-svg-icon-wrap kb-svg-icon-fe_arrowRightCircle kt-svg-icon-list-single\"><svg viewBox=\"0 0 24 24\"  fill=\"none\" stroke=\"currentColor\" stroke-width=\"2\" stroke-linecap=\"round\" stroke-linejoin=\"round\" xmlns=\"http:\/\/www.w3.org\/2000\/svg\"  aria-hidden=\"true\"><circle cx=\"12\" cy=\"12\" r=\"10\"\/><polyline points=\"12 16 16 12 12 8\"\/><line x1=\"8\" y1=\"12\" x2=\"16\" y2=\"12\"\/><\/svg><\/span><span class=\"kt-svg-icon-list-text\"><strong>Nuevos (nano) materiales en biomedicina.<\/strong><\/span><\/li>\n\n\n<style>.kt-svg-icon-list-item-128_34df7e-c1 .kt-svg-icon-list-text mark.kt-highlight{background-color:unset;font-style:normal;color:#f76a0c;-webkit-box-decoration-break:clone;box-decoration-break:clone;padding-top:0px;padding-right:0px;padding-bottom:0px;padding-left:0px;}<\/style>\n<li class=\"wp-block-kadence-listitem kt-svg-icon-list-item-wrap kt-svg-icon-list-item-128_34df7e-c1\"><span class=\"kb-svg-icon-wrap kb-svg-icon-fe_arrowRightCircle kt-svg-icon-list-single\"><svg viewBox=\"0 0 24 24\"  fill=\"none\" stroke=\"currentColor\" stroke-width=\"2\" stroke-linecap=\"round\" stroke-linejoin=\"round\" xmlns=\"http:\/\/www.w3.org\/2000\/svg\"  aria-hidden=\"true\"><circle cx=\"12\" cy=\"12\" r=\"10\"\/><polyline points=\"12 16 16 12 12 8\"\/><line x1=\"8\" y1=\"12\" x2=\"16\" y2=\"12\"\/><\/svg><\/span><span class=\"kt-svg-icon-list-text\"><strong>Nuevas tecnolog\u00edas de diagn\u00f3stico y sensado.<\/strong><\/span><\/li>\n\n\n<style>.kt-svg-icon-list-item-128_28a265-83 .kt-svg-icon-list-text mark.kt-highlight{background-color:unset;font-style:normal;color:#f76a0c;-webkit-box-decoration-break:clone;box-decoration-break:clone;padding-top:0px;padding-right:0px;padding-bottom:0px;padding-left:0px;}<\/style>\n<li class=\"wp-block-kadence-listitem kt-svg-icon-list-item-wrap kt-svg-icon-list-item-128_28a265-83\"><span class=\"kb-svg-icon-wrap kb-svg-icon-fe_arrowRightCircle kt-svg-icon-list-single\"><svg viewBox=\"0 0 24 24\"  fill=\"none\" stroke=\"currentColor\" stroke-width=\"2\" stroke-linecap=\"round\" stroke-linejoin=\"round\" xmlns=\"http:\/\/www.w3.org\/2000\/svg\"  aria-hidden=\"true\"><circle cx=\"12\" cy=\"12\" r=\"10\"\/><polyline points=\"12 16 16 12 12 8\"\/><line x1=\"8\" y1=\"12\" x2=\"16\" y2=\"12\"\/><\/svg><\/span><span class=\"kt-svg-icon-list-text\"><strong>Medicina personalizada y teragnosis.<\/strong><\/span><\/li>\n<\/ul><\/div>\n<\/div>\n\n\n\n<h3 class=\"wp-block-heading has-theme-palette-1-color has-text-color has-link-color wp-elements-1e1fd50c08d43c41d8a165a571f65b2f\">Conferenciantes Plenarias<\/h3>\n\n\n\n<p>El VII QuimBioQuim contar\u00e1 con conferenciantes plenarias de excelente calidad internacional, cubriendo diferentes tem\u00e1ticas del congreso.<\/p>\n\n\n\n<div class=\"wp-block-uagb-container uagb-block-33eceac8 alignfull uagb-is-root-container\"><div class=\"uagb-container-inner-blocks-wrap\">\n<div class=\"wp-block-uagb-container uagb-block-f46ba7a8\">\n<div class=\"wp-block-uagb-container uagb-block-4f42622d\">\n<div data-aos= \"fade-down\" data-aos-duration=\"400\" data-aos-delay=\"0\" data-aos-easing=\"ease\" data-aos-once=\"true\" class=\"wp-block-uagb-team uagb-team__image-position-above uagb-team__align-center uagb-team__stack-tablet uagb-block-4fa8226b\"><div class=\"uagb-team__content\"><img decoding=\"async\" class=\"uagb-team__image-crop-circle\" src=\"https:\/\/eventos.ugr.es\/quimbioquim2025\/wp-content\/uploads\/sites\/31\/2025\/04\/Patricia-Horcajada-IMDEA-Energia-300x300.jpg\" alt=\"\" height=\"130\" width=\"130\" loading=\"lazy\"\/><h4 class=\"uagb-team__title\"><strong>Patricia Horcajada<\/strong><\/h4><span class=\"uagb-team__prefix\"><strong>IMDEA Energ\u00eda<\/strong><\/span><p class=\"uagb-team__desc\"><em>SMART DRUG NANOCARRIERS: HARNESSING THE SYNERGY OF INORGANIC NANOPARTICLES AND METAL-ORGANIC FRAMEWORKS<\/em><\/p><\/div><\/div>\n<\/div>\n\n\n\n<div class=\"wp-block-uagb-container uagb-block-cee62c55\">\n<div data-aos= \"fade-down\" data-aos-duration=\"400\" data-aos-delay=\"0\" data-aos-easing=\"ease\" data-aos-once=\"true\" class=\"wp-block-uagb-team uagb-team__image-position-above uagb-team__align-center uagb-team__stack-tablet uagb-block-4fdd650f\"><div class=\"uagb-team__content\"><img decoding=\"async\" class=\"uagb-team__image-crop-circle\" src=\"https:\/\/eventos.ugr.es\/quimbioquim2025\/wp-content\/uploads\/sites\/31\/2025\/04\/Marta-Artola-Universidad-Leiden-300x300.jpg\" alt=\"\" height=\"130\" width=\"130\" loading=\"lazy\"\/><h4 class=\"uagb-team__title\"><strong>Marta Artola<\/strong><\/h4><span class=\"uagb-team__prefix\"><strong><strong>Universidad de Leiden (Pa\u00edses Bajos)<\/strong><\/strong><\/span><p class=\"uagb-team__desc\"><em>RATIONAL DESIGN OF GLYCOSIDASE INHIBITORS, ABPs AND DEGRADERS: BRIDGING CHEMICAL BIOLOGY AND THERAPEUTIC ADVANCES<\/em><\/p><\/div><\/div>\n<\/div>\n\n\n\n<div class=\"wp-block-uagb-container uagb-block-d8943f99\">\n<div data-aos= \"fade-down\" data-aos-duration=\"400\" data-aos-delay=\"0\" data-aos-easing=\"ease\" data-aos-once=\"true\" class=\"wp-block-uagb-team uagb-team__image-position-above uagb-team__align-center uagb-team__stack-tablet uagb-block-14f68396\"><div class=\"uagb-team__content\"><img decoding=\"async\" class=\"uagb-team__image-crop-circle\" src=\"https:\/\/eventos.ugr.es\/quimbioquim2025\/wp-content\/uploads\/sites\/31\/2025\/04\/Concepcion-Gimeno-Universidad-Zaragoza-300x300.jpg\" alt=\"\" height=\"130\" width=\"130\" loading=\"lazy\"\/><h4 class=\"uagb-team__title\"><strong>Concepci\u00f3n Gimeno<\/strong><\/h4><span class=\"uagb-team__prefix\"><strong><strong>Universidad de Zaragoza<\/strong><\/strong><\/span><p class=\"uagb-team__desc\"><em>METAL COMPLEXES AS NEXT-GENERATION TOOLS FOR CANCER THERAPY<\/em><\/p><\/div><\/div>\n<\/div>\n<\/div>\n<\/div><\/div>\n\n\n<style>.wp-block-kadence-advancedbtn.kb-btns1780_90c284-80{gap:var(--global-kb-gap-xs, 0.5rem );justify-content:center;align-items:center;}.kt-btns1780_90c284-80 .kt-button{font-weight:normal;font-style:normal;}.kt-btns1780_90c284-80 .kt-btn-wrap-0{margin-right:5px;}.wp-block-kadence-advancedbtn.kt-btns1780_90c284-80 .kt-btn-wrap-0 .kt-button{color:#555555;border-color:#555555;}.wp-block-kadence-advancedbtn.kt-btns1780_90c284-80 .kt-btn-wrap-0 .kt-button:hover, .wp-block-kadence-advancedbtn.kt-btns1780_90c284-80 .kt-btn-wrap-0 .kt-button:focus{color:#ffffff;border-color:#444444;}.wp-block-kadence-advancedbtn.kt-btns1780_90c284-80 .kt-btn-wrap-0 .kt-button::before{display:none;}.wp-block-kadence-advancedbtn.kt-btns1780_90c284-80 .kt-btn-wrap-0 .kt-button:hover, .wp-block-kadence-advancedbtn.kt-btns1780_90c284-80 .kt-btn-wrap-0 .kt-button:focus{background:#444444;}<\/style>\n<div class=\"wp-block-kadence-advancedbtn kb-buttons-wrap kb-btns1780_90c284-80\"><style>ul.menu .wp-block-kadence-advancedbtn .kb-btn1780_85dd38-6c.kb-button{width:initial;}.wp-block-kadence-advancedbtn .kb-btn1780_85dd38-6c.kb-button{border-top-left-radius:48px;border-top-right-radius:48px;border-bottom-right-radius:48px;border-bottom-left-radius:48px;box-shadow:6px 4px 0px 0px rgba(0, 0, 0, 0.2);}.kb-btn1780_85dd38-6c.kb-button .kb-svg-icon-wrap{font-size:24px;}.wp-block-kadence-advancedbtn .kb-btn1780_85dd38-6c.kb-button:hover, .wp-block-kadence-advancedbtn .kb-btn1780_85dd38-6c.kb-button:focus{background:var(--global-palette2, #2B6CB0);box-shadow:7px 7px 0px 0px rgba(0, 0, 0, 0.4);}<\/style><a class=\"kb-button kt-button button kb-btn1780_85dd38-6c kt-btn-size-standard kt-btn-width-type-auto kb-btn-global-fill kt-btn-has-text-true kt-btn-has-svg-true animated shakeX wp-block-kadence-singlebtn\" href=\"https:\/\/eventos.ugr.es\/quimbioquim2025\/wp-content\/uploads\/sites\/31\/2025\/10\/Libro-Abstract-QBQ-2025.pdf\" target=\"_blank\" rel=\"noreferrer noopener\"><span class=\"kb-svg-icon-wrap kb-svg-icon-fas_book-open kt-btn-icon-side-left\"><svg viewBox=\"0 0 576 512\"  fill=\"currentColor\" xmlns=\"http:\/\/www.w3.org\/2000\/svg\"  aria-hidden=\"true\"><path d=\"M542.22 32.05c-54.8 3.11-163.72 14.43-230.96 55.59-4.64 2.84-7.27 7.89-7.27 13.17v363.87c0 11.55 12.63 18.85 23.28 13.49 69.18-34.82 169.23-44.32 218.7-46.92 16.89-.89 30.02-14.43 30.02-30.66V62.75c.01-17.71-15.35-31.74-33.77-30.7zM264.73 87.64C197.5 46.48 88.58 35.17 33.78 32.05 15.36 31.01 0 45.04 0 62.75V400.6c0 16.24 13.13 29.78 30.02 30.66 49.49 2.6 149.59 12.11 218.77 46.95 10.62 5.35 23.21-1.94 23.21-13.46V100.63c0-5.29-2.62-10.14-7.27-12.99z\"\/><\/svg><\/span><span class=\"kt-btn-inner-text\"> <strong>LIBRO DE ABSTRACTS<\/strong><\/span><\/a><\/div>\n\n\n\n<h2 class=\"wp-block-heading has-text-align-center titulo-sitio has-theme-palette-1-color has-text-color has-link-color wp-elements-de707dc214e1a797a39fba9a302d15d8\" style=\"font-style:normal;font-weight:100;line-height:1\"><strong>Programa<\/strong><\/h2>\n\n\n\n<p><\/p>\n\n\n\n<div class=\"agenda-wrapper\"> \n  \n  <!-- Mi\u00e9rcoles 5 noviembre -->\n  <table class=\"agenda\">\n    <!-- <caption>\n    Mi\u00e9rcoles 5 noviembre\n    <\/caption>-->\n    <colgroup>\n    <col class=\"col-hora\" \/>\n    <col class=\"col-detalle\" \/>\n    <\/colgroup>\n    <thead>\n      <tr>\n        <th>Hora<\/th>\n        <th colspan=\"2\">Mi\u00e9rcoles 5 noviembre<\/th>\n      <\/tr>\n    <\/thead>\n    <tbody>\n      <tr>\n        <td class=\"hora\"><span class=\"hora-principal\">15:00 h<\/span><\/td>\n        <td colspan=\"2\" class=\"docu\">Registro y entrega de Documentaci\u00f3n<\/td>\n      <\/tr>\n      <tr>\n        <td class=\"hora\"><span class=\"hora-principal\">16:00 h<\/span><\/td>\n        <td colspan=\"2\" class=\"inaug\">Inauguraci\u00f3n<\/td>\n      <\/tr>\n      <tr>\n        <td class=\"hora\"><span class=\"hora-principal\">16:30 h<\/span><\/td>\n        <td colspan=\"2\" class=\"ponente\">Conferencia plenaria: Patricia Horcajada (PL-01)<\/td>\n      <\/tr>\n      <tr>\n        <td class=\"hora\"><span class=\"hora-principal\">17:15 h<\/span><\/td>\n        <td colspan=\"2\" class=\"com\">Comunicaciones orales (O01-O03)<\/td>\n      <\/tr>\n      <tr>\n        <td class=\"hora\"><span class=\"hora-principal\">18:00 h<\/span><\/td>\n        <td class=\"post\">Posters<\/td>\n        <td class=\"cafe\">Caf\u00e9<\/td>\n      <\/tr>\n      <tr>\n        <td class=\"hora\"><span class=\"hora-principal\">18:45 h<\/span><\/td>\n        <td colspan=\"2\" class=\"com\">Comunicaci\u00f3n Oral (O04-O05)<\/td>\n      <\/tr>\n      <tr>\n        <td class=\"hora\"><span class=\"hora-principal\">19:15 h<\/span><\/td>\n        <td colspan=\"2\" class=\"flash\">Flash (F01-F03)<\/td>\n      <\/tr>\n    <\/tbody>\n  <\/table>\n  \n  <!-- Jueves 6 noviembre -->\n  <table class=\"agenda\">\n    <!--<caption>\n    Jueves 6 noviembre\n    <\/caption>-->\n    <colgroup>\n    <col class=\"col-hora\" \/>\n    <col class=\"col-detalle\" \/>\n    <\/colgroup>\n    <thead>\n      <tr>\n        <th>Hora<\/th>\n        <th colspan=\"2\">Jueves 6 noviembre<\/th>\n      <\/tr>\n    <\/thead>\n    <tbody>\n      <tr>\n        <td class=\"hora\"><span class=\"hora-principal\">9:15 h<\/span><\/td>\n        <td colspan=\"2\" class=\"com\">Comunicaciones orales (O06-O10)<\/td>\n      <\/tr>\n      <tr>\n        <td class=\"hora\"><span class=\"hora-principal\">10:30 h<\/span><\/td>\n        <td colspan=\"2\" class=\"cafe\">Caf\u00e9<\/td>\n      <\/tr>\n      <tr>\n        <td class=\"hora\"><span class=\"hora-principal\">11:00 h<\/span><\/td>\n        <td colspan=\"2\" class=\"ponente\">Conferencia plenaria: Marta Artola (PL-02)<\/td>\n      <\/tr>\n      <tr>\n        <td class=\"hora\"><span class=\"hora-principal\">11:45 h<\/span><\/td>\n        <td colspan=\"2\" class=\"com\">Comunicaciones orales (O11-O14)<\/td>\n      <\/tr>\n      <tr>\n        <td class=\"hora\"><span class=\"hora-principal\">12:45 h<\/span><\/td>\n        <td colspan=\"2\" class=\"flash\">Flash (F04-F09)<\/td>\n      <\/tr>\n      <tr>\n        <td class=\"hora\"><span class=\"hora-principal\">13:15  h<\/span><\/td>\n        <td colspan=\"2\" class=\"post\">Posters<\/td>\n      <\/tr>\n      <tr>\n        <td class=\"hora\"><span class=\"hora-principal\">14:00 h<\/span><\/td>\n        <td colspan=\"2\" class=\"almuerzo\">Almuerzo<\/td>\n      <\/tr>\n      <tr>\n        <td class=\"hora\"><span class=\"hora-principal\">15:30 h<\/span><\/td>\n        <td colspan=\"2\" class=\"com\">Comunicaciones orales (O15-O17)<\/td>\n      <\/tr>\n      <tr>\n        <td class=\"hora\"><span class=\"hora-principal\">16:15<\/span><span class=\"hora-principal\"> h<\/span><\/td>\n        <td colspan=\"2\" class=\"flash\">Flash (F10-F12)<\/td>\n      <\/tr>\n      <tr>\n        <td class=\"hora\"><span class=\"hora-principal\">16:30 h<\/span><\/td>\n        <td class=\"post\">Posters<\/td>\n        <td class=\"cafe\">Caf\u00e9<\/td>\n      <\/tr>\n      <tr>\n        <td class=\"hora\"><span class=\"hora-principal\">17:15 h<\/span><\/td>\n        <td colspan=\"2\" class=\"com\">Comunicaciones orales (O18-O22)<\/td>\n      <\/tr>\n      <tr>\n        <td class=\"hora\"><span class=\"hora-principal\">18:30 h<\/span><\/td>\n        <td colspan=\"2\" class=\"flash\">Flash (F13-F15)<\/td>\n      <\/tr>\n    <\/tbody>\n  <\/table>\n  \n  <!-- Viernes 7 noviembre -->\n  <table class=\"agenda\">\n    <!--    <caption>\n    Viernes 7 noviembre\n    <\/caption>-->\n    <colgroup>\n    <col class=\"col-hora\" \/>\n    <col class=\"col-detalle\" \/>\n    <\/colgroup>\n    <thead>\n      <tr>\n        <th>Hora<\/th>\n        <th colspan=\"2\">Viernes 7 noviembre<\/th>\n      <\/tr>\n    <\/thead>\n    <tbody>\n      <tr>\n        <td class=\"hora\"><span class=\"hora-principal\">9:15 h<\/span><\/td>\n        <td colspan=\"2\" class=\"com\">Comunicaciones orales (O23-O25)<\/td>\n      <\/tr>\n      <tr>\n        <td class=\"hora\"><span class=\"hora-principal\">10:00 h<\/span><\/td>\n        <td colspan=\"2\" class=\"flash\">Flash (F16-F21)<\/td>\n      <\/tr>\n      <tr>\n        <td class=\"hora\"><span class=\"hora-principal\">10:30 h<\/span><\/td>\n        <td class=\"post\">Posters<\/td>\n        <td class=\"cafe\">Caf\u00e9<\/td>\n      <\/tr>\n      <tr>\n        <td class=\"hora\"><span class=\"hora-principal\">11:15 h<\/span><\/td>\n        <td colspan=\"2\" class=\"ponente\">Conferencia plenaria: Concepci\u00f3n Gimeno (PL-03)<\/td>\n      <\/tr>\n      <tr>\n        <td class=\"hora\"><span class=\"hora-principal\">12:00 h<\/span><\/td>\n        <td colspan=\"2\" class=\"patro\">Patrocinador ORO<\/td>\n      <\/tr>\n      <tr>\n        <td class=\"hora\"><span class=\"hora-principal\">12:30 h<\/span><\/td>\n        <td colspan=\"2\" class=\"com\">Comunicaciones orales (O26-O27)<\/td>\n      <\/tr>\n      <tr>\n        <td class=\"hora\"><span class=\"hora-principal\">13:00 h<\/span><\/td>\n        <td colspan=\"2\" class=\"flash\">Flash (F22-F27)<\/td>\n      <\/tr>\n      <tr>\n        <td class=\"hora\"><span class=\"hora-principal\">13:30 h<\/span><\/td>\n        <td class=\"post\"><span class=\"mesa\">Mesa Redonda<\/span><\/td>\n        <td class=\"premios\">Entrega de premios &#8211; Acto de clausura<\/td>\n      <\/tr>\n      <tr>\n        <td class=\"hora\"><span class=\"hora-principal\">14:30 h<\/span><\/td>\n        <td colspan=\"2\" class=\"almuerzo\">Almuerzo<\/td>\n      <\/tr>\n    <\/tbody>\n  <\/table>\n<\/div>\n\n\n\n\n","protected":false},"excerpt":{"rendered":"<p>Programa Este congreso reunir\u00e1 a cient\u00edficos de diferentes campos para compartir sus investigaciones recientes y su visi\u00f3n de futuro, discutiendo los \u00faltimos avances en las siguientes tem\u00e1ticas: Conferenciantes Plenarias El VII QuimBioQuim contar\u00e1 con conferenciantes plenarias de excelente calidad internacional, cubriendo diferentes tem\u00e1ticas del congreso. Programa Hora Mi\u00e9rcoles 5 noviembre 15:00 h Registro y entrega&#8230;<\/p>\n","protected":false},"author":18,"featured_media":0,"parent":0,"menu_order":0,"comment_status":"closed","ping_status":"closed","template":"","meta":{"_uag_custom_page_level_css":"","_kad_post_transparent":"","_kad_post_title":"","_kad_post_layout":"","_kad_post_sidebar_id":"","_kad_post_content_style":"","_kad_post_vertical_padding":"","_kad_post_feature":"","_kad_post_feature_position":"","_kad_post_header":false,"_kad_post_footer":false,"footnotes":""},"folder":[],"class_list":["post-128","page","type-page","status-publish","hentry"],"uagb_featured_image_src":{"full":false,"thumbnail":false,"medium":false,"medium_large":false,"large":false,"1536x1536":false,"2048x2048":false},"uagb_author_info":{"display_name":"antoniorodriguez","author_link":"https:\/\/eventos.ugr.es\/quimbioquim2025\/author\/antoniorodriguez\/"},"uagb_comment_info":0,"uagb_excerpt":"Programa Este congreso reunir\u00e1 a cient\u00edficos de diferentes campos para compartir sus investigaciones recientes y su visi\u00f3n de futuro, discutiendo los \u00faltimos avances en las siguientes tem\u00e1ticas: Conferenciantes Plenarias El VII QuimBioQuim contar\u00e1 con conferenciantes plenarias de excelente calidad internacional, cubriendo diferentes tem\u00e1ticas del congreso. Programa Hora Mi\u00e9rcoles 5 noviembre 15:00 h Registro y entrega...","_links":{"self":[{"href":"https:\/\/eventos.ugr.es\/quimbioquim2025\/wp-json\/wp\/v2\/pages\/128","targetHints":{"allow":["GET"]}}],"collection":[{"href":"https:\/\/eventos.ugr.es\/quimbioquim2025\/wp-json\/wp\/v2\/pages"}],"about":[{"href":"https:\/\/eventos.ugr.es\/quimbioquim2025\/wp-json\/wp\/v2\/types\/page"}],"author":[{"embeddable":true,"href":"https:\/\/eventos.ugr.es\/quimbioquim2025\/wp-json\/wp\/v2\/users\/18"}],"replies":[{"embeddable":true,"href":"https:\/\/eventos.ugr.es\/quimbioquim2025\/wp-json\/wp\/v2\/comments?post=128"}],"version-history":[{"count":115,"href":"https:\/\/eventos.ugr.es\/quimbioquim2025\/wp-json\/wp\/v2\/pages\/128\/revisions"}],"predecessor-version":[{"id":1782,"href":"https:\/\/eventos.ugr.es\/quimbioquim2025\/wp-json\/wp\/v2\/pages\/128\/revisions\/1782"}],"wp:attachment":[{"href":"https:\/\/eventos.ugr.es\/quimbioquim2025\/wp-json\/wp\/v2\/media?parent=128"}],"wp:term":[{"taxonomy":"folder","embeddable":true,"href":"https:\/\/eventos.ugr.es\/quimbioquim2025\/wp-json\/wp\/v2\/folder?post=128"}],"curies":[{"name":"wp","href":"https:\/\/api.w.org\/{rel}","templated":true}]}}