{"id":132,"date":"2024-11-11T11:43:11","date_gmt":"2024-11-11T10:43:11","guid":{"rendered":"https:\/\/eventos.ugr.es\/quimbioquim2025\/?page_id=132"},"modified":"2025-11-07T08:50:23","modified_gmt":"2025-11-07T07:50:23","slug":"comunicaciones","status":"publish","type":"page","link":"https:\/\/eventos.ugr.es\/quimbioquim2025\/comunicaciones\/","title":{"rendered":"Comunicaciones"},"content":{"rendered":"\n<div class=\"wp-block-uagb-container uagb-block-cc6bf578 alignfull uagb-is-root-container\">\n<div class=\"wp-block-uagb-container uagb-block-e839b15d alignfull uagb-is-root-container\"><div class=\"uagb-container-inner-blocks-wrap\">\n<h2 class=\"wp-block-heading has-text-align-center titulo-sitio has-white-color has-text-color has-background\" style=\"background-color:#c40f06a3;padding-top:var(--wp--preset--spacing--50);padding-bottom:1.6rem;font-style:normal;font-weight:400;line-height:0\">Env\u00edo de comunicaciones<\/h2>\n<\/div><\/div>\n<\/div>\n\n\n<style>.wp-block-kadence-advancedbtn.kb-btns1780_90c284-80{gap:var(--global-kb-gap-xs, 0.5rem );justify-content:center;align-items:center;}.kt-btns1780_90c284-80 .kt-button{font-weight:normal;font-style:normal;}.kt-btns1780_90c284-80 .kt-btn-wrap-0{margin-right:5px;}.wp-block-kadence-advancedbtn.kt-btns1780_90c284-80 .kt-btn-wrap-0 .kt-button{color:#555555;border-color:#555555;}.wp-block-kadence-advancedbtn.kt-btns1780_90c284-80 .kt-btn-wrap-0 .kt-button:hover, .wp-block-kadence-advancedbtn.kt-btns1780_90c284-80 .kt-btn-wrap-0 .kt-button:focus{color:#ffffff;border-color:#444444;}.wp-block-kadence-advancedbtn.kt-btns1780_90c284-80 .kt-btn-wrap-0 .kt-button::before{display:none;}.wp-block-kadence-advancedbtn.kt-btns1780_90c284-80 .kt-btn-wrap-0 .kt-button:hover, .wp-block-kadence-advancedbtn.kt-btns1780_90c284-80 .kt-btn-wrap-0 .kt-button:focus{background:#444444;}<\/style>\n<div class=\"wp-block-kadence-advancedbtn kb-buttons-wrap kb-btns1780_90c284-80\"><style>ul.menu .wp-block-kadence-advancedbtn .kb-btn1780_85dd38-6c.kb-button{width:initial;}.wp-block-kadence-advancedbtn .kb-btn1780_85dd38-6c.kb-button{border-top-left-radius:48px;border-top-right-radius:48px;border-bottom-right-radius:48px;border-bottom-left-radius:48px;box-shadow:6px 4px 0px 0px rgba(0, 0, 0, 0.2);}.kb-btn1780_85dd38-6c.kb-button .kb-svg-icon-wrap{font-size:24px;}.wp-block-kadence-advancedbtn .kb-btn1780_85dd38-6c.kb-button:hover, .wp-block-kadence-advancedbtn .kb-btn1780_85dd38-6c.kb-button:focus{background:var(--global-palette2, #2B6CB0);box-shadow:7px 7px 0px 0px rgba(0, 0, 0, 0.4);}<\/style><a class=\"kb-button kt-button button kb-btn1780_85dd38-6c kt-btn-size-standard kt-btn-width-type-auto kb-btn-global-fill kt-btn-has-text-true kt-btn-has-svg-true animated shakeX wp-block-kadence-singlebtn\" href=\"https:\/\/eventos.ugr.es\/quimbioquim2025\/wp-content\/uploads\/sites\/31\/2025\/10\/Libro-Abstract-QBQ-2025.pdf\" target=\"_blank\" rel=\"noreferrer noopener\"><span class=\"kb-svg-icon-wrap kb-svg-icon-fas_book-open kt-btn-icon-side-left\"><svg viewBox=\"0 0 576 512\"  fill=\"currentColor\" xmlns=\"http:\/\/www.w3.org\/2000\/svg\"  aria-hidden=\"true\"><path d=\"M542.22 32.05c-54.8 3.11-163.72 14.43-230.96 55.59-4.64 2.84-7.27 7.89-7.27 13.17v363.87c0 11.55 12.63 18.85 23.28 13.49 69.18-34.82 169.23-44.32 218.7-46.92 16.89-.89 30.02-14.43 30.02-30.66V62.75c.01-17.71-15.35-31.74-33.77-30.7zM264.73 87.64C197.5 46.48 88.58 35.17 33.78 32.05 15.36 31.01 0 45.04 0 62.75V400.6c0 16.24 13.13 29.78 30.02 30.66 49.49 2.6 149.59 12.11 218.77 46.95 10.62 5.35 23.21-1.94 23.21-13.46V100.63c0-5.29-2.62-10.14-7.27-12.99z\"\/><\/svg><\/span><span class=\"kt-btn-inner-text\"> <strong>LIBRO DE ABSTRACTS<\/strong><\/span><\/a><\/div>\n\n\n\n<div class=\"wp-block-uagb-container uagb-block-421a32e4 alignwide uagb-is-root-container\">\n<div class=\"wp-block-uagb-container uagb-block-30b36771\"><\/div>\n\n\n\n<div class=\"wp-block-uagb-container uagb-block-b529a48b\">\n<p><strong>Env\u00edo de comunicaciones:<\/strong> hasta el 10 de septiembre 2025.<br><strong>Plazo de notificaci\u00f3n de aceptaci\u00f3n:<\/strong> A partir del 20 de Septiembre. Siempre que la persona que presenta haya formalizado la inscripci\u00f3n.<\/p>\n<\/div>\n<\/div>\n\n\n\n<p>El congreso fomentar\u00e1 la participaci\u00f3n mediante comunicaciones orales y flash de j\u00f3venes investigador@s, estudiantes de doctorado y post-doctorales. Igualmente, se realizar\u00e1n comunicaciones de tipo p\u00f3ster.<\/p>\n\n\n\n<p>Los <em>abstract<\/em> deber\u00e1n obligatoriamente elaborarse en el <em>template <\/em>proporcionado. Se recomienda que el abstract est\u00e9 escrito en ingl\u00e9s, aunque tambi\u00e9n se aceptar\u00e1n res\u00famenes en espa\u00f1ol. Se permite la inclusi\u00f3n de alguna figura ilustrativa o<em> graphical abstract<\/em>, siempre que la calidad de la imagen sea suficiente (al menos 300 dpi). La extensi\u00f3n del<em> abstract<\/em> est\u00e1 restringida, en cualquier caso, a 1 p\u00e1gina.&nbsp;&nbsp;<\/p>\n\n\n\n<p>El env\u00edo de res\u00famenes para la evaluaci\u00f3n por parte del comit\u00e9 cient\u00edfico se realizar\u00e1 a trav\u00e9s del siguiente formulario.<\/p>\n\n\n\n<h2 class=\"wp-block-heading has-text-align-center cabecera-comunicaciones-qbq has-theme-palette-9-color has-theme-palette-2-background-color has-text-color has-background\">FORMULARIO DE COMUNICACIONES<\/h2>\n\n\n\n<p class=\"bloq-descripcion-plantilla-latex has-theme-palette-7-background-color has-background\">Los res\u00famenes deben prepararse utilizando la <strong>plantilla Word<\/strong> que se proporciona aqu\u00ed, y<strong> s\u00f3lo debe enviarse el archivo pdf<\/strong>. Los res\u00famenes se publicar\u00e1n tal y como se env\u00eden, por lo que es importante prepararlos con cuidado. <\/p>\n\n\n\n\n\n\n\n\n\n\n<style>.wp-block-kadence-column.kb-section-dir-horizontal > .kt-inside-inner-col > .kt-info-box132_a2cecb-e6 .kt-blocks-info-box-link-wrap{max-width:unset;}.kt-info-box132_a2cecb-e6 .kt-blocks-info-box-link-wrap{border-top-left-radius:0px;border-top-right-radius:0px;border-bottom-right-radius:0px;border-bottom-left-radius:0px;background:#f2f2f2;padding-top:20px;padding-right:20px;padding-bottom:20px;padding-left:20px;margin-bottom:25px;}.kt-info-box132_a2cecb-e6 .kt-blocks-info-box-link-wrap:hover{background:#f2f2f2;}.kt-info-box132_a2cecb-e6 .kadence-info-box-icon-container .kt-info-svg-icon, .kt-info-box132_a2cecb-e6 .kt-info-svg-icon-flip, .kt-info-box132_a2cecb-e6 .kt-blocks-info-box-number{font-size:50px;}.kt-info-box132_a2cecb-e6 .kt-blocks-info-box-media{color:#444444;background:transparent;border-color:#444444;border-top-width:0px;border-right-width:0px;border-bottom-width:0px;border-left-width:0px;padding-top:10px;padding-right:10px;padding-bottom:10px;padding-left:10px;}.kt-info-box132_a2cecb-e6 .kt-blocks-info-box-media-container{margin-top:0px;margin-right:15px;margin-bottom:0px;margin-left:15px;}.kt-info-box132_a2cecb-e6 .kt-blocks-info-box-link-wrap:hover .kt-blocks-info-box-media{color:#444444;background:transparent;border-color:#444444;}.kt-info-box132_a2cecb-e6 .kt-infobox-textcontent h2.kt-blocks-info-box-title{padding-top:0px;padding-right:0px;padding-bottom:0px;padding-left:0px;margin-top:5px;margin-right:0px;margin-bottom:10px;margin-left:0px;}.kt-info-box132_a2cecb-e6 .kt-infobox-textcontent .kt-blocks-info-box-text{color:#555555;}.kt-info-box132_a2cecb-e6 .kt-blocks-info-box-learnmore{background:transparent;border-color:#555555;border-width:0px 0px 0px 0px;padding-top:4px;padding-right:8px;padding-bottom:4px;padding-left:8px;margin-top:10px;margin-right:0px;margin-bottom:10px;margin-left:0px;}.kt-info-box132_a2cecb-e6 .kt-blocks-info-box-link-wrap:hover .kt-blocks-info-box-learnmore,.kt-info-box132_a2cecb-e6 .kt-blocks-info-box-link-wrap .kt-blocks-info-box-learnmore:focus{color:#ffffff;background:#444444;border-color:#444444;}<\/style>\n<div class=\"wp-block-kadence-infobox kt-info-box132_a2cecb-e6\"><span class=\"kt-blocks-info-box-link-wrap info-box-link kt-blocks-info-box-media-align-top kt-info-halign-center\"><div class=\"kt-blocks-info-box-media-container\"><div class=\"kt-blocks-info-box-media kt-info-media-animate-none\"><div class=\"kadence-info-box-icon-container kt-info-icon-animate-none\"><div class=\"kadence-info-box-icon-inner-container\"><span class=\"kb-svg-icon-wrap kb-svg-icon-ic_cog kt-info-svg-icon\"><svg viewBox=\"0 0 8 8\"  fill=\"currentColor\" xmlns=\"http:\/\/www.w3.org\/2000\/svg\"  aria-hidden=\"true\"><path d=\"M3.5 0l-.5 1.19c-.1.03-.19.08-.28.13l-1.19-.5-.72.72.5 1.19c-.05.1-.09.18-.13.28l-1.19.5v1l1.19.5c.04.1.08.18.13.28l-.5 1.19.72.72 1.19-.5c.09.04.18.09.28.13l.5 1.19h1l.5-1.19c.09-.04.19-.08.28-.13l1.19.5.72-.72-.5-1.19c.04-.09.09-.19.13-.28l1.19-.5v-1l-1.19-.5c-.03-.09-.08-.19-.13-.28l.5-1.19-.72-.72-1.19.5c-.09-.04-.19-.09-.28-.13l-.5-1.19h-1zm.5 2.5c.83 0 1.5.67 1.5 1.5s-.67 1.5-1.5 1.5-1.5-.67-1.5-1.5.67-1.5 1.5-1.5z\"\/><\/svg><\/span><\/div><\/div><\/div><\/div><div class=\"kt-infobox-textcontent\"><h2 class=\"kt-blocks-info-box-title\">El periodo de env\u00edo de comunicaciones ha finalizado<\/h2><\/div><\/span><\/div>\n\n\n\n\n\n\n\n<p><\/p>\n","protected":false},"excerpt":{"rendered":"<p>Env\u00edo de comunicaciones Env\u00edo de comunicaciones: hasta el 10 de septiembre 2025.Plazo de notificaci\u00f3n de aceptaci\u00f3n: A partir del 20 de Septiembre. Siempre que la persona que presenta haya formalizado la inscripci\u00f3n. El congreso fomentar\u00e1 la participaci\u00f3n mediante comunicaciones orales y flash de j\u00f3venes investigador@s, estudiantes de doctorado y post-doctorales. Igualmente, se realizar\u00e1n comunicaciones de&#8230;<\/p>\n","protected":false},"author":18,"featured_media":0,"parent":0,"menu_order":0,"comment_status":"closed","ping_status":"closed","template":"","meta":{"_uag_custom_page_level_css":"","_kad_post_transparent":"","_kad_post_title":"","_kad_post_layout":"","_kad_post_sidebar_id":"","_kad_post_content_style":"","_kad_post_vertical_padding":"","_kad_post_feature":"","_kad_post_feature_position":"","_kad_post_header":false,"_kad_post_footer":false,"footnotes":""},"folder":[],"class_list":["post-132","page","type-page","status-publish","hentry"],"uagb_featured_image_src":{"full":false,"thumbnail":false,"medium":false,"medium_large":false,"large":false,"1536x1536":false,"2048x2048":false},"uagb_author_info":{"display_name":"antoniorodriguez","author_link":"https:\/\/eventos.ugr.es\/quimbioquim2025\/author\/antoniorodriguez\/"},"uagb_comment_info":0,"uagb_excerpt":"Env\u00edo de comunicaciones Env\u00edo de comunicaciones: hasta el 10 de septiembre 2025.Plazo de notificaci\u00f3n de aceptaci\u00f3n: A partir del 20 de Septiembre. Siempre que la persona que presenta haya formalizado la inscripci\u00f3n. El congreso fomentar\u00e1 la participaci\u00f3n mediante comunicaciones orales y flash de j\u00f3venes investigador@s, estudiantes de doctorado y post-doctorales. Igualmente, se realizar\u00e1n comunicaciones de...","_links":{"self":[{"href":"https:\/\/eventos.ugr.es\/quimbioquim2025\/wp-json\/wp\/v2\/pages\/132","targetHints":{"allow":["GET"]}}],"collection":[{"href":"https:\/\/eventos.ugr.es\/quimbioquim2025\/wp-json\/wp\/v2\/pages"}],"about":[{"href":"https:\/\/eventos.ugr.es\/quimbioquim2025\/wp-json\/wp\/v2\/types\/page"}],"author":[{"embeddable":true,"href":"https:\/\/eventos.ugr.es\/quimbioquim2025\/wp-json\/wp\/v2\/users\/18"}],"replies":[{"embeddable":true,"href":"https:\/\/eventos.ugr.es\/quimbioquim2025\/wp-json\/wp\/v2\/comments?post=132"}],"version-history":[{"count":51,"href":"https:\/\/eventos.ugr.es\/quimbioquim2025\/wp-json\/wp\/v2\/pages\/132\/revisions"}],"predecessor-version":[{"id":1783,"href":"https:\/\/eventos.ugr.es\/quimbioquim2025\/wp-json\/wp\/v2\/pages\/132\/revisions\/1783"}],"wp:attachment":[{"href":"https:\/\/eventos.ugr.es\/quimbioquim2025\/wp-json\/wp\/v2\/media?parent=132"}],"wp:term":[{"taxonomy":"folder","embeddable":true,"href":"https:\/\/eventos.ugr.es\/quimbioquim2025\/wp-json\/wp\/v2\/folder?post=132"}],"curies":[{"name":"wp","href":"https:\/\/api.w.org\/{rel}","templated":true}]}}