{"id":4,"date":"2024-04-24T12:04:55","date_gmt":"2024-04-24T10:04:55","guid":{"rendered":"https:\/\/eventos.ugr.es\/ruepep\/?page_id=4"},"modified":"2026-02-06T10:58:28","modified_gmt":"2026-02-06T09:58:28","slug":"granatele-2025","status":"publish","type":"page","link":"https:\/\/eventos.ugr.es\/ruepep2026\/","title":{"rendered":"RUEPEP 2026"},"content":{"rendered":"<style>.kb-row-layout-id4_88412a-62 > .kt-row-column-wrap{align-content:start;}:where(.kb-row-layout-id4_88412a-62 > .kt-row-column-wrap) > .wp-block-kadence-column{justify-content:start;}.kb-row-layout-id4_88412a-62 > .kt-row-column-wrap{column-gap:var(--global-kb-gap-md, 2rem);row-gap:var(--global-kb-gap-md, 2rem);padding-top:0px;padding-bottom:25px;grid-template-columns:minmax(0, 1fr);}.kb-row-layout-id4_88412a-62 > .kt-row-layout-overlay{opacity:0.30;}@media all and (max-width: 1024px){.kb-row-layout-id4_88412a-62 > .kt-row-column-wrap{grid-template-columns:minmax(0, 1fr);}}@media all and (min-width: 768px) and (max-width: 1024px){.kb-row-layout-id4_88412a-62{display:none !important;}}@media all and (max-width: 767px){.kb-row-layout-id4_88412a-62 > .kt-row-column-wrap{grid-template-columns:minmax(0, 1fr);}.kb-row-layout-id4_88412a-62{display:none !important;}}<\/style><div class=\"kb-row-layout-wrap kb-row-layout-id4_88412a-62 alignfull kb-v-md-hidden kb-v-sm-hidden has-white-background-color kt-row-has-bg wp-block-kadence-rowlayout\"><div class=\"kt-row-column-wrap kt-has-1-columns kt-row-layout-equal kt-tab-layout-inherit kt-mobile-layout-row kt-row-valign-top kt-inner-column-height-full\">\n<style>.kadence-column4_6c7f83-24 > .kt-inside-inner-col{padding-top:0px;padding-right:0px;padding-bottom:0px;padding-left:0px;}.kadence-column4_6c7f83-24 > .kt-inside-inner-col{min-height:350px;}.kadence-column4_6c7f83-24 > .kt-inside-inner-col,.kadence-column4_6c7f83-24 > .kt-inside-inner-col:before{border-top-left-radius:0px;border-top-right-radius:0px;border-bottom-right-radius:0px;border-bottom-left-radius:0px;}.kadence-column4_6c7f83-24 > .kt-inside-inner-col{column-gap:var(--global-kb-gap-sm, 1rem);}.kadence-column4_6c7f83-24 > .kt-inside-inner-col{flex-direction:column;}.kadence-column4_6c7f83-24 > .kt-inside-inner-col > .aligncenter{width:100%;}.kadence-column4_6c7f83-24 > .kt-inside-inner-col:before{opacity:0.3;}.kadence-column4_6c7f83-24{position:relative;}.kadence-column4_6c7f83-24, .kt-inside-inner-col > .kadence-column4_6c7f83-24:not(.specificity){margin-top:0px;margin-right:0px;margin-bottom:0px;margin-left:0px;}@media all and (max-width: 1024px){.kadence-column4_6c7f83-24 > .kt-inside-inner-col{flex-direction:column;justify-content:center;}}@media all and (max-width: 767px){.kadence-column4_6c7f83-24 > .kt-inside-inner-col{flex-direction:column;justify-content:center;}}<\/style>\n<div class=\"wp-block-kadence-column kadence-column4_6c7f83-24 inner-column-1\"><div class=\"kt-inside-inner-col\">\n<div class=\"wp-block-uagb-container uagb-block-3b3b5032 alignfull uagb-is-root-container\">\n<div class=\"wp-block-uagb-container uagb-block-f38b7c70\"><style>.kb-image4_4e52e0-64.kb-image-is-ratio-size, .kb-image4_4e52e0-64 .kb-image-is-ratio-size{max-width:130px;width:100%;}.wp-block-kadence-column > .kt-inside-inner-col > .kb-image4_4e52e0-64.kb-image-is-ratio-size, .wp-block-kadence-column > .kt-inside-inner-col > .kb-image4_4e52e0-64 .kb-image-is-ratio-size{align-self:unset;}.kb-image4_4e52e0-64 figure{max-width:130px;}.kb-image4_4e52e0-64 .image-is-svg, .kb-image4_4e52e0-64 .image-is-svg img{width:100%;}.kb-image4_4e52e0-64 .kb-image-has-overlay:after{opacity:0.3;}<\/style>\n<div class=\"wp-block-kadence-image kb-image4_4e52e0-64 animated backInDown\"><figure class=\"aligncenter\"><img loading=\"lazy\" decoding=\"async\" width=\"256\" height=\"257\" src=\"https:\/\/eventos.ugr.es\/ruepep2026\/wp-content\/uploads\/sites\/35\/2025\/07\/logo-ruepep-2.png\" alt=\"\" class=\"kb-img wp-image-1295\"\/><\/figure><\/div>\n\n\n<style>.wp-block-kadence-advancedheading.kt-adv-heading4_86fd57-f6, .wp-block-kadence-advancedheading.kt-adv-heading4_86fd57-f6[data-kb-block=\"kb-adv-heading4_86fd57-f6\"]{margin-top:-5px;text-align:center;font-size:26px;line-height:1.2;font-weight:700;font-style:normal;text-shadow:2px 2px 2px var(--global-palette3, #1A202C);}.wp-block-kadence-advancedheading.kt-adv-heading4_86fd57-f6 mark.kt-highlight, .wp-block-kadence-advancedheading.kt-adv-heading4_86fd57-f6[data-kb-block=\"kb-adv-heading4_86fd57-f6\"] mark.kt-highlight{font-style:normal;color:#f76a0c;-webkit-box-decoration-break:clone;box-decoration-break:clone;padding-top:0px;padding-right:0px;padding-bottom:0px;padding-left:0px;}@media all and (max-width: 1024px){.wp-block-kadence-advancedheading.kt-adv-heading4_86fd57-f6, .wp-block-kadence-advancedheading.kt-adv-heading4_86fd57-f6[data-kb-block=\"kb-adv-heading4_86fd57-f6\"]{text-shadow:2px 2px 2px var(--global-palette3, #1A202C);}}@media all and (max-width: 767px){.wp-block-kadence-advancedheading.kt-adv-heading4_86fd57-f6, .wp-block-kadence-advancedheading.kt-adv-heading4_86fd57-f6[data-kb-block=\"kb-adv-heading4_86fd57-f6\"]{text-shadow:2px 2px 2px var(--global-palette3, #1A202C);}}<\/style>\n<p class=\"kt-adv-heading4_86fd57-f6 wp-block-kadence-advancedheading has-theme-palette-9-color has-text-color\" data-kb-block=\"kb-adv-heading4_86fd57-f6\"><strong>XXIV ENCUENTRO RUEPEP 2026<\/strong><br>Red Universitaria de Estudios de Postgrado y Educaci\u00f3n Permanente<\/p>\n\n\n<style>.wp-block-kadence-advancedheading.kt-adv-heading4_7f428d-bd, .wp-block-kadence-advancedheading.kt-adv-heading4_7f428d-bd[data-kb-block=\"kb-adv-heading4_7f428d-bd\"]{margin-top:-20px;margin-bottom:5px;text-align:center;font-size:19px;line-height:1;font-weight:700;font-style:normal;color:#f5f5f5;text-shadow:1px 1px 1px #000000;}.wp-block-kadence-advancedheading.kt-adv-heading4_7f428d-bd mark.kt-highlight, .wp-block-kadence-advancedheading.kt-adv-heading4_7f428d-bd[data-kb-block=\"kb-adv-heading4_7f428d-bd\"] mark.kt-highlight{font-style:normal;color:#f76a0c;-webkit-box-decoration-break:clone;box-decoration-break:clone;padding-top:0px;padding-right:0px;padding-bottom:0px;padding-left:0px;}@media all and (max-width: 1024px){.wp-block-kadence-advancedheading.kt-adv-heading4_7f428d-bd, .wp-block-kadence-advancedheading.kt-adv-heading4_7f428d-bd[data-kb-block=\"kb-adv-heading4_7f428d-bd\"]{text-shadow:1px 1px 1px #000000;}}@media all and (max-width: 767px){.wp-block-kadence-advancedheading.kt-adv-heading4_7f428d-bd, .wp-block-kadence-advancedheading.kt-adv-heading4_7f428d-bd[data-kb-block=\"kb-adv-heading4_7f428d-bd\"]{text-shadow:1px 1px 1px #000000;}}<\/style>\n<p class=\"kt-adv-heading4_7f428d-bd wp-block-kadence-advancedheading\" data-kb-block=\"kb-adv-heading4_7f428d-bd\">Granada, 25-27 de Marzo de 2026<br><\/p>\n<\/div>\n<\/div>\n<\/div><\/div>\n\n<\/div><\/div>\n\n<style>.kb-row-layout-id4_55789a-d0 > .kt-row-column-wrap{align-content:start;}:where(.kb-row-layout-id4_55789a-d0 > .kt-row-column-wrap) > .wp-block-kadence-column{justify-content:start;}.kb-row-layout-id4_55789a-d0 > .kt-row-column-wrap{column-gap:var(--global-kb-gap-md, 2rem);row-gap:var(--global-kb-gap-md, 2rem);padding-top:0px;padding-bottom:0px;grid-template-columns:minmax(0, 1fr);}.kb-row-layout-id4_55789a-d0 > .kt-row-layout-overlay{opacity:0.30;}@media all and (min-width: 1025px){.kb-row-layout-id4_55789a-d0{display:none !important;}}@media all and (max-width: 1024px){.kb-row-layout-id4_55789a-d0 > .kt-row-column-wrap{grid-template-columns:minmax(0, 1fr);}}@media all and (max-width: 767px){.kb-row-layout-id4_55789a-d0 > .kt-row-column-wrap{grid-template-columns:minmax(0, 1fr);}}<\/style><div class=\"kb-row-layout-wrap kb-row-layout-id4_55789a-d0 alignfull kb-v-lg-hidden has-white-background-color kt-row-has-bg wp-block-kadence-rowlayout\"><div class=\"kt-row-column-wrap kt-has-1-columns kt-row-layout-equal kt-tab-layout-inherit kt-mobile-layout-row kt-row-valign-top kt-inner-column-height-full\">\n<style>.kadence-column4_72dbd0-b3 > .kt-inside-inner-col{display:flex;}.kadence-column4_72dbd0-b3 > .kt-inside-inner-col{padding-top:0px;padding-right:0px;padding-bottom:0px;padding-left:0px;}.kadence-column4_72dbd0-b3 > .kt-inside-inner-col{min-height:350px;}.kadence-column4_72dbd0-b3 > .kt-inside-inner-col,.kadence-column4_72dbd0-b3 > .kt-inside-inner-col:before{border-top-left-radius:0px;border-top-right-radius:0px;border-bottom-right-radius:0px;border-bottom-left-radius:0px;}.kadence-column4_72dbd0-b3 > .kt-inside-inner-col{column-gap:var(--global-kb-gap-sm, 1rem);}.kadence-column4_72dbd0-b3 > .kt-inside-inner-col{flex-direction:column;align-items:center;}.kadence-column4_72dbd0-b3 > .kt-inside-inner-col > .kb-image-is-ratio-size{align-self:stretch;}.kadence-column4_72dbd0-b3 > .kt-inside-inner-col > .wp-block-kadence-advancedgallery{align-self:stretch;}.kadence-column4_72dbd0-b3 > .kt-inside-inner-col > .aligncenter{width:100%;}.kadence-column4_72dbd0-b3 > .kt-inside-inner-col:before{opacity:0.3;}.kadence-column4_72dbd0-b3{position:relative;}.kadence-column4_72dbd0-b3, .kt-inside-inner-col > .kadence-column4_72dbd0-b3:not(.specificity){margin-top:0px;margin-right:0px;margin-bottom:0px;margin-left:0px;}@media all and (max-width: 1024px){.kadence-column4_72dbd0-b3 > .kt-inside-inner-col{flex-direction:column;justify-content:center;align-items:center;}}@media all and (max-width: 767px){.kadence-column4_72dbd0-b3 > .kt-inside-inner-col{flex-direction:column;justify-content:center;align-items:center;}}<\/style>\n<div class=\"wp-block-kadence-column kadence-column4_72dbd0-b3 inner-column-1\"><div class=\"kt-inside-inner-col\">\n<div class=\"wp-block-uagb-container uagb-block-e6e985b4 alignfull uagb-is-root-container\">\n<div class=\"wp-block-uagb-container uagb-block-6c8c84ec\"><style>.kb-image4_4bc330-52.kb-image-is-ratio-size, .kb-image4_4bc330-52 .kb-image-is-ratio-size{max-width:150px;width:100%;}.wp-block-kadence-column > .kt-inside-inner-col > .kb-image4_4bc330-52.kb-image-is-ratio-size, .wp-block-kadence-column > .kt-inside-inner-col > .kb-image4_4bc330-52 .kb-image-is-ratio-size{align-self:unset;}.kb-image4_4bc330-52 figure{max-width:150px;}.kb-image4_4bc330-52 .image-is-svg, .kb-image4_4bc330-52 .image-is-svg img{width:100%;}.kb-image4_4bc330-52 .kb-image-has-overlay:after{opacity:0.3;}<\/style>\n<div class=\"wp-block-kadence-image kb-image4_4bc330-52 animated backInDown\"><figure class=\"aligncenter\"><img loading=\"lazy\" decoding=\"async\" width=\"256\" height=\"257\" src=\"https:\/\/eventos.ugr.es\/ruepep2026\/wp-content\/uploads\/sites\/35\/2025\/07\/logo-ruepep-2.png\" alt=\"\" class=\"kb-img wp-image-1295\"\/><\/figure><\/div>\n\n\n<style>.wp-block-kadence-advancedheading.kt-adv-heading4_3b6aa5-2e, .wp-block-kadence-advancedheading.kt-adv-heading4_3b6aa5-2e[data-kb-block=\"kb-adv-heading4_3b6aa5-2e\"]{margin-top:-5px;text-align:center;font-size:26px;line-height:1.2;font-weight:700;font-style:normal;text-shadow:2px 2px 2px var(--global-palette3, #1A202C);}.wp-block-kadence-advancedheading.kt-adv-heading4_3b6aa5-2e mark.kt-highlight, .wp-block-kadence-advancedheading.kt-adv-heading4_3b6aa5-2e[data-kb-block=\"kb-adv-heading4_3b6aa5-2e\"] mark.kt-highlight{font-style:normal;color:#f76a0c;-webkit-box-decoration-break:clone;box-decoration-break:clone;padding-top:0px;padding-right:0px;padding-bottom:0px;padding-left:0px;}@media all and (max-width: 1024px){.wp-block-kadence-advancedheading.kt-adv-heading4_3b6aa5-2e, .wp-block-kadence-advancedheading.kt-adv-heading4_3b6aa5-2e[data-kb-block=\"kb-adv-heading4_3b6aa5-2e\"]{text-shadow:2px 2px 2px var(--global-palette3, #1A202C);}}@media all and (max-width: 767px){.wp-block-kadence-advancedheading.kt-adv-heading4_3b6aa5-2e, .wp-block-kadence-advancedheading.kt-adv-heading4_3b6aa5-2e[data-kb-block=\"kb-adv-heading4_3b6aa5-2e\"]{text-shadow:2px 2px 2px var(--global-palette3, #1A202C);}}<\/style>\n<p class=\"kt-adv-heading4_3b6aa5-2e wp-block-kadence-advancedheading has-theme-palette-9-color has-text-color\" data-kb-block=\"kb-adv-heading4_3b6aa5-2e\"><strong>XXIV ENCUENTRO RUEPEP 2026<br><\/strong>Red Universitaria de Estudios de Postgrado y Educaci\u00f3n Permanente<\/p>\n\n\n<style>.wp-block-kadence-advancedheading.kt-adv-heading4_7f89b4-52, .wp-block-kadence-advancedheading.kt-adv-heading4_7f89b4-52[data-kb-block=\"kb-adv-heading4_7f89b4-52\"]{margin-top:-20px;margin-bottom:5px;text-align:center;font-size:19px;line-height:1;font-weight:700;font-style:normal;color:#f5f5f5;text-shadow:1px 1px 1px #000000;}.wp-block-kadence-advancedheading.kt-adv-heading4_7f89b4-52 mark.kt-highlight, .wp-block-kadence-advancedheading.kt-adv-heading4_7f89b4-52[data-kb-block=\"kb-adv-heading4_7f89b4-52\"] mark.kt-highlight{font-style:normal;color:#f76a0c;-webkit-box-decoration-break:clone;box-decoration-break:clone;padding-top:0px;padding-right:0px;padding-bottom:0px;padding-left:0px;}@media all and (max-width: 1024px){.wp-block-kadence-advancedheading.kt-adv-heading4_7f89b4-52, .wp-block-kadence-advancedheading.kt-adv-heading4_7f89b4-52[data-kb-block=\"kb-adv-heading4_7f89b4-52\"]{text-shadow:1px 1px 1px #000000;}}@media all and (max-width: 767px){.wp-block-kadence-advancedheading.kt-adv-heading4_7f89b4-52, .wp-block-kadence-advancedheading.kt-adv-heading4_7f89b4-52[data-kb-block=\"kb-adv-heading4_7f89b4-52\"]{text-shadow:1px 1px 1px #000000;}}<\/style>\n<p class=\"kt-adv-heading4_7f89b4-52 wp-block-kadence-advancedheading\" data-kb-block=\"kb-adv-heading4_7f89b4-52\">Granada, 25-27 de Marzo de 2026<br><\/p>\n<\/div>\n<\/div>\n<\/div><\/div>\n\n<\/div><\/div>\n\n\n<div class=\"wp-block-uagb-advanced-heading uagb-block-69e2a97e\"><p class=\"uagb-desc-text\"><strong>XXIV ENCUENTRO RUEPEP 2026<\/strong><\/p><h2 class=\"uagb-heading-text\"><strong><em>Formaci\u00f3n Permanente y Empleabilidad: Alianzas Estrat\u00e9gicas con el Entorno P\u00fablico-Privado<\/em><\/strong><\/h2><\/div>\n\n\n\n<div style=\"height:28px\" aria-hidden=\"true\" class=\"wp-block-spacer\"><\/div>\n\n\n<style>.kb-row-layout-id4_b256e6-14 > .kt-row-column-wrap{align-content:start;}:where(.kb-row-layout-id4_b256e6-14 > .kt-row-column-wrap) > .wp-block-kadence-column{justify-content:start;}.kb-row-layout-id4_b256e6-14 > .kt-row-column-wrap{column-gap:var(--global-kb-gap-md, 2rem);row-gap:var(--global-kb-gap-md, 2rem);max-width:1200px;margin-left:auto;margin-right:auto;padding-top:0px;padding-bottom:25px;min-height:125px;grid-template-columns:minmax(0, 1fr);}.kb-row-layout-id4_b256e6-14 > .kt-row-layout-overlay{opacity:0.30;}@media all and (max-width: 1024px){.kb-row-layout-id4_b256e6-14 > .kt-row-column-wrap{grid-template-columns:minmax(0, 1fr);}}@media all and (max-width: 767px){.kb-row-layout-id4_b256e6-14 > .kt-row-column-wrap{grid-template-columns:minmax(0, 1fr);}}<\/style><div class=\"kb-row-layout-wrap kb-row-layout-id4_b256e6-14 alignfull has-white-background-color kt-row-has-bg wp-block-kadence-rowlayout\"><div class=\"kt-row-column-wrap kt-has-1-columns kt-row-layout-equal kt-tab-layout-inherit kt-mobile-layout-row kt-row-valign-top kt-inner-column-height-full\">\n<style>.kadence-column4_97fc9e-14 > .kt-inside-inner-col,.kadence-column4_97fc9e-14 > .kt-inside-inner-col:before{border-top-left-radius:0px;border-top-right-radius:0px;border-bottom-right-radius:0px;border-bottom-left-radius:0px;}.kadence-column4_97fc9e-14 > .kt-inside-inner-col{column-gap:var(--global-kb-gap-sm, 1rem);}.kadence-column4_97fc9e-14 > .kt-inside-inner-col{flex-direction:column;}.kadence-column4_97fc9e-14 > .kt-inside-inner-col > .aligncenter{width:100%;}.kadence-column4_97fc9e-14 > .kt-inside-inner-col:before{opacity:0.3;}.kadence-column4_97fc9e-14{position:relative;}@media all and (max-width: 1024px){.kadence-column4_97fc9e-14 > .kt-inside-inner-col{flex-direction:column;justify-content:center;}}@media all and (max-width: 767px){.kadence-column4_97fc9e-14 > .kt-inside-inner-col{flex-direction:column;justify-content:center;}}<\/style>\n<div class=\"wp-block-kadence-column kadence-column4_97fc9e-14 inner-column-1\"><div class=\"kt-inside-inner-col\">\n<h3 class=\"wp-block-heading has-theme-palette-1-color has-text-color has-link-color wp-elements-40473f1b290a7f7d3f6e62edade5d806\">Presentaci\u00f3n<\/h3>\n\n\n\n<p>La Red Universitaria de Estudios de Postgrado y Educaci\u00f3n Permanente (RUEPEP) en colaboraci\u00f3n con el Vicerrectorado de Posgrado y Formaci\u00f3n Permanente de la Universidad de Granada, celebra una nueva edici\u00f3n de sus encuentros, un espacio consolidado de reflexi\u00f3n y colaboraci\u00f3n entre universidades y profesionales del \u00e1mbito de la formaci\u00f3n superior a lo largo de la vida.<\/p>\n\n\n\n<p>Este encuentro se presenta como una oportunidad para debatir los retos actuales y futuros de los estudios de postgrado y la educaci\u00f3n permanente en un contexto de cambio constante, marcado por la transformaci\u00f3n digital, la internacionalizaci\u00f3n, la empleabilidad y el compromiso social de las instituciones de educaci\u00f3n superior.<\/p>\n\n\n\n<p>A lo largo del encuentro se explorar\u00e1n retos estrat\u00e9gicos de la formaci\u00f3n permanente, como el fortalecimiento de la colaboraci\u00f3n con el tejido empresarial y las administraciones p\u00fablicas, junto con la b\u00fasqueda de f\u00f3rmulas para su financiaci\u00f3n, tales como las c\u00e1tedras y aulas de mecenazgo. Se analizar\u00e1 tambi\u00e9n el potencial de las ense\u00f1anzas propias en el marco de las alianzas europeas y las estrategias de internacionalizaci\u00f3n de las universidades. Todo ello con el objetivo de avanzar en la construcci\u00f3n de sinergias que refuercen el papel de la formaci\u00f3n a lo largo de la vida en un contexto socioecon\u00f3mico global y en constante transformaci\u00f3n.<\/p>\n\n\n\n<p>El encuentro RUEPEP se dirige a responsables acad\u00e9micos, gestores universitarios, docentes, investigadores y agentes del sistema universitario implicados en la formaci\u00f3n de postgrado y permanente. Su prop\u00f3sito es fomentar el intercambio de experiencias, la generaci\u00f3n de redes de colaboraci\u00f3n y el impulso de pol\u00edticas y pr\u00e1cticas que refuercen el papel estrat\u00e9gico de esta formaci\u00f3n en las universidades del siglo XXI.<\/p>\n\n\n\n<p>Te invitamos a participar en este espacio de reflexi\u00f3n activa y di\u00e1logo abierto, en el que construiremos juntos propuestas que den respuesta a las nuevas demandas sociales, cient\u00edficas y profesionales desde una perspectiva universitaria comprometida con el aprendizaje a lo largo de toda la vida.<\/p>\n<\/div><\/div>\n\n<\/div><\/div>","protected":false},"excerpt":{"rendered":"<p>XXIV ENCUENTRO RUEPEP 2026Red Universitaria de Estudios de Postgrado y Educaci\u00f3n Permanente Granada, 25-27 de Marzo de 2026 XXIV ENCUENTRO RUEPEP 2026Red Universitaria de Estudios de Postgrado y Educaci\u00f3n Permanente Granada, 25-27 de Marzo de 2026 XXIV ENCUENTRO RUEPEP 2026 Formaci\u00f3n Permanente y Empleabilidad: Alianzas Estrat\u00e9gicas con el Entorno P\u00fablico-Privado Presentaci\u00f3n La Red Universitaria de&#8230;<\/p>\n","protected":false},"author":18,"featured_media":0,"parent":0,"menu_order":0,"comment_status":"closed","ping_status":"closed","template":"","meta":{"_uag_custom_page_level_css":"","_kad_post_transparent":"","_kad_post_title":"","_kad_post_layout":"","_kad_post_sidebar_id":"","_kad_post_content_style":"","_kad_post_vertical_padding":"","_kad_post_feature":"","_kad_post_feature_position":"","_kad_post_header":false,"_kad_post_footer":false,"footnotes":""},"folder":[],"class_list":["post-4","page","type-page","status-publish","hentry"],"uagb_featured_image_src":{"full":false,"thumbnail":false,"medium":false,"medium_large":false,"large":false,"1536x1536":false,"2048x2048":false},"uagb_author_info":{"display_name":"antoniorodriguez","author_link":"https:\/\/eventos.ugr.es\/ruepep2026\/author\/antoniorodriguez\/"},"uagb_comment_info":0,"uagb_excerpt":"XXIV ENCUENTRO RUEPEP 2026Red Universitaria de Estudios de Postgrado y Educaci\u00f3n Permanente Granada, 25-27 de Marzo de 2026 XXIV ENCUENTRO RUEPEP 2026Red Universitaria de Estudios de Postgrado y Educaci\u00f3n Permanente Granada, 25-27 de Marzo de 2026 XXIV ENCUENTRO RUEPEP 2026 Formaci\u00f3n Permanente y Empleabilidad: Alianzas Estrat\u00e9gicas con el Entorno P\u00fablico-Privado Presentaci\u00f3n La Red Universitaria de...","_links":{"self":[{"href":"https:\/\/eventos.ugr.es\/ruepep2026\/wp-json\/wp\/v2\/pages\/4","targetHints":{"allow":["GET"]}}],"collection":[{"href":"https:\/\/eventos.ugr.es\/ruepep2026\/wp-json\/wp\/v2\/pages"}],"about":[{"href":"https:\/\/eventos.ugr.es\/ruepep2026\/wp-json\/wp\/v2\/types\/page"}],"author":[{"embeddable":true,"href":"https:\/\/eventos.ugr.es\/ruepep2026\/wp-json\/wp\/v2\/users\/18"}],"replies":[{"embeddable":true,"href":"https:\/\/eventos.ugr.es\/ruepep2026\/wp-json\/wp\/v2\/comments?post=4"}],"version-history":[{"count":127,"href":"https:\/\/eventos.ugr.es\/ruepep2026\/wp-json\/wp\/v2\/pages\/4\/revisions"}],"predecessor-version":[{"id":2179,"href":"https:\/\/eventos.ugr.es\/ruepep2026\/wp-json\/wp\/v2\/pages\/4\/revisions\/2179"}],"wp:attachment":[{"href":"https:\/\/eventos.ugr.es\/ruepep2026\/wp-json\/wp\/v2\/media?parent=4"}],"wp:term":[{"taxonomy":"folder","embeddable":true,"href":"https:\/\/eventos.ugr.es\/ruepep2026\/wp-json\/wp\/v2\/folder?post=4"}],"curies":[{"name":"wp","href":"https:\/\/api.w.org\/{rel}","templated":true}]}}